{"id":1023,"date":"2023-03-09T13:56:40","date_gmt":"2023-03-09T13:56:40","guid":{"rendered":"https:\/\/patricks-fahrschule.de\/?page_id=1023"},"modified":"2023-03-09T13:56:40","modified_gmt":"2023-03-09T13:56:40","slug":"datenschutzerklaerung","status":"publish","type":"page","link":"https:\/\/patricks-fahrschule.de\/fr\/protection-des-donnees\/","title":{"rendered":"Protection des donn\u00e9es"},"content":{"rendered":"<h2 class=\"wp-block-heading\">protection des donn\u00e9es<\/h2>\n\n\n\n<p>Les op\u00e9rateurs de ces sites prennent<br>Nous prenons la protection de vos donn\u00e9es personnelles tr\u00e8s au s\u00e9rieux. Nous traitons vos donn\u00e9es personnelles<br>confidentiel et conform\u00e9ment aux dispositions l\u00e9gales sur la protection des donn\u00e9es et ce<br>Protection des donn\u00e9es.<\/p>\n\n\n\n<p>L&#039;utilisation de notre site Internet se fait g\u00e9n\u00e9ralement sans information<br>donn\u00e9es personnelles possibles. En ce qui concerne les donn\u00e9es personnelles sur nos pages<br>(par exemple nom, adresse ou adresses e-mail) sont collect\u00e9es, cela se fait dans la mesure o\u00f9<br>possible, toujours sur une base volontaire. Ces donn\u00e9es sont utilis\u00e9es sans votre consentement expr\u00e8s<br>pas transmis \u00e0 des tiers.<\/p>\n\n\n\n<p>Nous attirons votre attention sur le fait que la transmission de donn\u00e9es sur Internet<br>(par exemple lors de la communication par e-mail) peut pr\u00e9senter des failles de s\u00e9curit\u00e9. Un complet<br>La protection des donn\u00e9es contre l&#039;acc\u00e8s par des tiers n&#039;est pas possible.<\/p>\n\n\n\n<h2 class=\"wp-block-heading\">Biscuits<\/h2>\n\n\n\n<p>Certains sites Web utilisent ce que l&#039;on appelle des cookies. Les cookies sont destin\u00e9s \u00e0 votre<br>Les ordinateurs ne causent aucun dommage et ne contiennent aucun virus. Les cookies sont utilis\u00e9s pour am\u00e9liorer notre offre<br>plus convivial, efficace et plus s\u00fbr. Les cookies sont de petits fichiers texte stock\u00e9s sur votre<br>ordinateur et que votre navigateur enregistre.<\/p>\n\n\n\n<p>La plupart de ceux que nous utilisons<br>Les cookies sont appel\u00e9s \u00ab cookies de session \u00bb. Ils le seront automatiquement apr\u00e8s la fin de votre visite<br>supprim\u00e9. Les autres cookies restent stock\u00e9s sur votre appareil jusqu&#039;\u00e0 ce que vous les supprimiez.<br>Ces cookies nous permettent de m\u00e9moriser votre navigateur lors de votre prochaine visite<br>reconna\u00eetre.<\/p>\n\n\n\n<p>Vous pouvez configurer votre navigateur pour vous permettre de d\u00e9finir<br>\u00eatre inform\u00e9 par les cookies et n&#039;autoriser les cookies que dans des cas individuels pour accepter les cookies pour<br>exclure certains cas ou en g\u00e9n\u00e9ral ainsi que la suppression automatique des<br>Activez les cookies \u00e0 la fermeture du navigateur. Lors de la d\u00e9sactivation des cookies, le<br>La fonctionnalit\u00e9 de ce site Web peut \u00eatre limit\u00e9e.<\/p>\n\n\n\n<h2 class=\"wp-block-heading\">journal du serveur<br>Des dossiers<\/h2>\n\n\n\n<p>Le fournisseur des pages collecte et stocke automatiquement les informations dans ce que l&#039;on appelle<br>Fichiers journaux du serveur que votre navigateur nous transmet automatiquement. Ceux-ci sont:<\/p>\n\n\n\n<ul class=\"wp-block-list\">\n<li>Type de navigateur et version du navigateur<\/li>\n\n\n\n<li>syst\u00e8me d&#039;exploitation utilis\u00e9<\/li>\n\n\n\n<li>URL de r\u00e9f\u00e9rence<\/li>\n\n\n\n<li>Nom d&#039;h\u00f4te de l&#039;ordinateur acc\u00e9dant<\/li>\n\n\n\n<li>Heure de la demande du serveur<\/li>\n<\/ul>\n\n\n\n<p>Ces dates<br>ne peut pas \u00eatre attribu\u00e9 \u00e0 des personnes sp\u00e9cifiques. Une fusion de ces donn\u00e9es avec d\u2019autres<br>Les sources de donn\u00e9es ne sont pas cr\u00e9\u00e9es. Nous nous r\u00e9servons le droit d&#039;acc\u00e9der ult\u00e9rieurement \u00e0 ces donn\u00e9es<br>v\u00e9rifier si nous avons connaissance d&#039;indices concrets d&#039;utilisation ill\u00e9gale.<\/p>\n\n\n\n<h2 class=\"wp-block-heading\">formulaire de contact<\/h2>\n\n\n\n<p>Si vous nous envoyez des demandes via le formulaire de contact<br>Vos coordonn\u00e9es seront extraites du formulaire de demande, y compris celles que vous y avez fournies.<br>Coordonn\u00e9es aux fins du traitement de la demande et en cas de questions compl\u00e9mentaires<br>enregistr\u00e9. Nous ne transmettrons pas ces donn\u00e9es sans votre consentement.<\/p>\n\n\n\n<h2 class=\"wp-block-heading\">Enregistrement en ligne<\/h2>\n\n\n\n<p>Si vous nous envoyez vos donn\u00e9es via l&#039;inscription en ligne<br>vos donn\u00e9es personnelles (y compris les donn\u00e9es que vous y avez fournies) seront utilis\u00e9es<br>Coordonn\u00e9es) aux fins de traitement de la demande\/inscription aupr\u00e8s de notre auto-\u00e9cole et en cas de questions compl\u00e9mentaires<br>enregistr\u00e9. Nous ne transmettrons pas ces donn\u00e9es sans votre consentement.<\/p>\n\n\n\n<h2 class=\"wp-block-heading\">Contact WhatsApp<\/h2>\n\n\n\n<p>Si vous nous \u00e9crivez via WhatsApp, vos donn\u00e9es personnelles (y compris les donn\u00e9es que vous y avez fournies<br>Coordonn\u00e9es) aux fins de traitement de la demande\/inscription aupr\u00e8s de notre auto-\u00e9cole et en cas de questions compl\u00e9mentaires<br>enregistr\u00e9. Nous ne transmettrons pas ces donn\u00e9es sans votre consentement.<\/p>\n\n\n\n<h2 class=\"wp-block-heading\">D\u00e9claration de protection des donn\u00e9es pour l&#039;utilisation des plugins Facebook (bouton J&#039;aime)<\/h2>\n\n\n\n<p>Sur<br>Nos pages contiennent des plugins du r\u00e9seau social Facebook, du fournisseur Facebook Inc., 1 Hacker Way,<br>Menlo Park, Californie 94025, USA, int\u00e9gr\u00e9. Vous pouvez reconna\u00eetre les plugins Facebook gr\u00e2ce \u00e0 Facebook<br>logo ou le bouton \u00ab J\u2019aime \u00bb sur notre site. Un aper\u00e7u de la<br>Les plugins Facebook peuvent \u00eatre trouv\u00e9s ici\u00a0:<a href=\"http:\/\/developers.facebook.com\/docs\/plugins\/\" target=\"_blank\" rel=\"noreferrer noopener\"><br>http:\/\/developers.facebook.com\/docs\/plugins\/<\/a>.<\/p>\n\n\n\n<p>Lorsque vous visitez nos pages,<br>Le plugin cr\u00e9e une connexion directe entre votre navigateur et le serveur Facebook<br>fabriqu\u00e9. Facebook re\u00e7oit ainsi l&#039;information selon laquelle vous avez visit\u00e9 notre site avec votre adresse IP<br>a visit\u00e9. Si vous cliquez sur le bouton \u00ab\u00a0J&#039;aime\u00a0\u00bb de Facebook lorsque vous \u00eates sur votre compte Facebook<br>Si vous \u00eates connect\u00e9 \u00e0 votre compte, vous pouvez lier le contenu de nos pages sur votre profil Facebook.<br>Cela permet \u00e0 Facebook d&#039;attribuer votre visite sur nos pages \u00e0 votre compte utilisateur. Nous le soulignons<br>souligner qu&#039;en tant que fournisseurs des pages, nous n&#039;avons aucune connaissance du contenu des donn\u00e9es transmises ni de leur<br>Utilisation re\u00e7ue via Facebook. De plus amples informations peuvent \u00eatre trouv\u00e9es dans le<br>Politique de confidentialit\u00e9 de Facebook \u00e0 l&#039;adresse&nbsp;<a href=\"http:\/\/de-de.facebook.com\/policy.php\" target=\"_blank\" rel=\"noreferrer noopener\">http:\/\/dede.<br>facebook.com\/policy.php<\/a>.<\/p>\n\n\n\n<p>Si vous ne souhaitez pas que Facebook visite<br>Pour attribuer nos pages \u00e0 votre compte utilisateur Facebook, veuillez vous connecter depuis votre compte Facebook.<br>compte d&#039;utilisateur.<\/p>\n\n\n\n<h2 class=\"wp-block-heading\">D\u00e9claration de protection des donn\u00e9es pour l&#039;utilisation de<br>Instagram<\/h2>\n\n\n\n<p>Les fonctions du service Instagram sont int\u00e9gr\u00e9es dans nos pages. Ce<br>Les fonctions sont propos\u00e9es par Instagram Inc., 1601 Willow Road, Menlo Park, CA, 94025, USA<br>int\u00e9gr\u00e9. Si vous \u00eates connect\u00e9 \u00e0 votre compte Instagram, vous pouvez cliquer sur le<br>Les boutons Instagram relient le contenu de nos pages \u00e0 votre profil Instagram. Ceci permet<br>Instagram attribue votre visite sur nos pages \u00e0 votre compte utilisateur. Nous tenons \u00e0 souligner que nous, en tant que<br>Les fournisseurs des pages n&#039;ont aucune connaissance du contenu des donn\u00e9es transmises ni de la mani\u00e8re dont elles sont utilis\u00e9es.<br>Obtenez Instagram.<\/p>\n\n\n\n<p>De plus amples informations peuvent \u00eatre trouv\u00e9es dans la d\u00e9claration de protection des donn\u00e9es<br>d&#039;Instagram\u00a0:<a href=\"http:\/\/instagram.com\/about\/legal\/privacy\/\" target=\"_blank\" rel=\"noreferrer noopener\"><br>http:\/\/instagram.com\/about\/legal\/privacy\/<\/a><\/p>\n\n\n\n<h2 class=\"wp-block-heading\">Cryptage SSL<\/h2>\n\n\n\n<p>Ce site est utilis\u00e9 pour des raisons de s\u00e9curit\u00e9 et pour prot\u00e9ger la transmission<br>contenu confidentiel, tel que les demandes que vous nous envoyez en tant qu&#039;exploitant du site, un cryptage SSL<br>solution. Vous pouvez reconna\u00eetre une connexion crypt\u00e9e gr\u00e2ce \u00e0 la ligne d&#039;adresse<br>le navigateur passe de \u00ab http:\/\/ \u00bb \u00e0 \u00ab https:\/\/ \u00bb et le symbole du cadenas dans<br>la ligne de votre navigateur.<\/p>\n\n\n\n<p>Si le cryptage SSL est activ\u00e9, les donn\u00e9es<br>Vous nous le transmettez et ne peut \u00eatre lu par des tiers.<\/p>\n\n\n\n<h2 class=\"wp-block-heading\">Information,<br>Suppression, blocage<\/h2>\n\n\n\n<p>Vous avez le droit d\u2019\u00eatre inform\u00e9 gratuitement \u00e0 tout moment<br>Vos donn\u00e9es personnelles stock\u00e9es, leur origine et leurs destinataires ainsi que la finalit\u00e9 du<br>Traitement des donn\u00e9es et droit de rectification, de blocage ou de suppression de ces donn\u00e9es. Pour \u00e7a<br>Si vous avez d&#039;autres questions au sujet des donn\u00e9es personnelles, vous pouvez nous contacter \u00e0 tout moment<br>Contactez-nous \u00e0 l&#039;adresse indiqu\u00e9e dans les mentions l\u00e9gales.<\/p>\n\n\n\n<p>Source:&nbsp;<a href=\"https:\/\/www.e-recht24.de\/\" target=\"_blank\" rel=\"noreferrer noopener\">e-recht24.de<\/a><\/p>","protected":false},"excerpt":{"rendered":"<p>Protection des donn\u00e9es Les exploitants de ces pages prennent tr\u00e8s au s\u00e9rieux la protection de vos donn\u00e9es personnelles. Nous traitons vos donn\u00e9es personnelles de mani\u00e8re confidentielle et conform\u00e9ment aux dispositions l\u00e9gales en mati\u00e8re de protection des donn\u00e9es et \u00e0 la pr\u00e9sente d\u00e9claration de protection des donn\u00e9es. Il est g\u00e9n\u00e9ralement possible d&#039;utiliser notre site Internet sans fournir de donn\u00e9es personnelles. Dans la mesure o\u00f9 des donn\u00e9es personnelles (par exemple nom, adresse ou adresses e-mail) sont collect\u00e9es sur nos pages, cela se fait toujours, dans la mesure du possible, sur une base volontaire. [\u2026]<\/p>","protected":false},"author":1,"featured_media":0,"parent":0,"menu_order":0,"comment_status":"closed","ping_status":"closed","template":"","meta":{"site-sidebar-layout":"default","site-content-layout":"","ast-site-content-layout":"","site-content-style":"default","site-sidebar-style":"default","ast-global-header-display":"","ast-banner-title-visibility":"","ast-main-header-display":"","ast-hfb-above-header-display":"","ast-hfb-below-header-display":"","ast-hfb-mobile-header-display":"","site-post-title":"","ast-breadcrumbs-content":"","ast-featured-img":"","footer-sml-layout":"","theme-transparent-header-meta":"","adv-header-id-meta":"","stick-header-meta":"","header-above-stick-meta":"","header-main-stick-meta":"","header-below-stick-meta":"","astra-migrate-meta-layouts":"default","ast-page-background-enabled":"default","ast-page-background-meta":{"desktop":{"background-color":"var(--ast-global-color-4)","background-image":"","background-repeat":"repeat","background-position":"center center","background-size":"auto","background-attachment":"scroll","background-type":"","background-media":"","overlay-type":"","overlay-color":"","overlay-opacity":"","overlay-gradient":""},"tablet":{"background-color":"","background-image":"","background-repeat":"repeat","background-position":"center center","background-size":"auto","background-attachment":"scroll","background-type":"","background-media":"","overlay-type":"","overlay-color":"","overlay-opacity":"","overlay-gradient":""},"mobile":{"background-color":"","background-image":"","background-repeat":"repeat","background-position":"center center","background-size":"auto","background-attachment":"scroll","background-type":"","background-media":"","overlay-type":"","overlay-color":"","overlay-opacity":"","overlay-gradient":""}},"ast-content-background-meta":{"desktop":{"background-color":"var(--ast-global-color-5)","background-image":"","background-repeat":"repeat","background-position":"center center","background-size":"auto","background-attachment":"scroll","background-type":"","background-media":"","overlay-type":"","overlay-color":"","overlay-opacity":"","overlay-gradient":""},"tablet":{"background-color":"var(--ast-global-color-5)","background-image":"","background-repeat":"repeat","background-position":"center center","background-size":"auto","background-attachment":"scroll","background-type":"","background-media":"","overlay-type":"","overlay-color":"","overlay-opacity":"","overlay-gradient":""},"mobile":{"background-color":"var(--ast-global-color-5)","background-image":"","background-repeat":"repeat","background-position":"center center","background-size":"auto","background-attachment":"scroll","background-type":"","background-media":"","overlay-type":"","overlay-color":"","overlay-opacity":"","overlay-gradient":""}},"footnotes":""},"class_list":["post-1023","page","type-page","status-publish","hentry"],"_links":{"self":[{"href":"https:\/\/patricks-fahrschule.de\/fr\/wp-json\/wp\/v2\/pages\/1023","targetHints":{"allow":["GET"]}}],"collection":[{"href":"https:\/\/patricks-fahrschule.de\/fr\/wp-json\/wp\/v2\/pages"}],"about":[{"href":"https:\/\/patricks-fahrschule.de\/fr\/wp-json\/wp\/v2\/types\/page"}],"author":[{"embeddable":true,"href":"https:\/\/patricks-fahrschule.de\/fr\/wp-json\/wp\/v2\/users\/1"}],"replies":[{"embeddable":true,"href":"https:\/\/patricks-fahrschule.de\/fr\/wp-json\/wp\/v2\/comments?post=1023"}],"version-history":[{"count":0,"href":"https:\/\/patricks-fahrschule.de\/fr\/wp-json\/wp\/v2\/pages\/1023\/revisions"}],"wp:attachment":[{"href":"https:\/\/patricks-fahrschule.de\/fr\/wp-json\/wp\/v2\/media?parent=1023"}],"curies":[{"name":"wp","href":"https:\/\/api.w.org\/{rel}","templated":true}]}}