{"id":2889,"date":"2025-05-13T08:47:54","date_gmt":"2025-05-13T08:47:54","guid":{"rendered":"https:\/\/patricks-fahrschule.de\/?page_id=2889"},"modified":"2025-07-29T07:02:08","modified_gmt":"2025-07-29T07:02:08","slug":"erste-hilfe-kurs-rastatt","status":"publish","type":"page","link":"https:\/\/patricks-fahrschule.de\/fr\/cours-de-premiers-secours-a-rastatt\/","title":{"rendered":"Cours de premiers secours \u00e0 Rastatt"},"content":{"rendered":"<p>Vous recherchez un cours de premiers secours \u00e0 Rastatt qui ne soit pas ennuyeux, mais vari\u00e9 et informatif ? Alors l\u2019auto-\u00e9cole Patrick est l\u2019endroit id\u00e9al pour vous !<\/p>\n\n\n\n<div class=\"wp-block-buttons is-layout-flex wp-block-buttons-is-layout-flex\">\n<div class=\"wp-block-button\"><a class=\"wp-block-button__link wp-element-button\" href=\"#anmelden\">Inscrivez-vous ici !<\/a><\/div>\n<\/div>\n\n\n\n<h2 class=\"wp-block-heading\">Pourquoi suivre le cours de premiers secours avec nous ?<\/h2>\n\n\n\n<ul class=\"wp-block-list\">\n<li><strong>Inscription facile :<\/strong> R\u00e9servez votre cours en toute simplicit\u00e9 en ligne et choisissez une date adapt\u00e9e de mani\u00e8re flexible.<\/li>\n\n\n\n<li><strong>Pour toutes les cat\u00e9gories de permis de conduire :<\/strong> Que vous conduisiez une voiture, une moto, un scooter, un cyclomoteur, un camion ou un taxi, notre cours est reconnu pour toutes les cat\u00e9gories de permis de conduire.<\/li>\n\n\n\n<li><strong>Secouristes de l&#039;entreprise :<\/strong> Notre cours est id\u00e9al pour la formation aux premiers secours en entreprise ou pour les cours de recyclage.<\/li>\n<\/ul>\n\n\n\n<h2 class=\"wp-block-heading\">Nos offres de cours<\/h2>\n\n\n\n<h3 class=\"wp-block-heading\">Cours de week-end<\/h3>\n\n\n\n<p>Vous n&#039;avez pas envie d&#039;attendre longtemps pour obtenir un rendez-vous adapt\u00e9 ? Nous proposons de nombreux cours de fin de semaine, les samedis et les dimanches !<\/p>\n\n\n\n<h2 class=\"wp-block-heading\"><strong>Examen de la vue sur place<\/strong><\/h2>\n\n\n\n<p>R\u00e9servez le test de la vue et passez votre test de la vue officiel le jour du cours.&nbsp;<\/p>\n\n\n\n<h2 class=\"wp-block-heading\">Du plaisir plut\u00f4t que de l&#039;ennui<\/h2>\n\n\n\n<p>Nos instructeurs jeunes et dynamiques veilleront \u00e0 ce que votre cours de premiers secours soit tout sauf ennuyeux. Des exemples vivants, des exercices pratiques et un contenu interactif font du cours une exp\u00e9rience.<\/p>\n\n\n\n<h2 class=\"wp-block-heading\">Reconnu par l&#039;\u00c9tat et valable dans tout le pays<\/h2>\n\n\n\n<p>Nos cours de deinestehilfe.de sont l\u00e9galement reconnus selon le \u00a719 FeV. Votre certificat sera facilement accept\u00e9 par tous les bureaux de permis de conduire \u00e0 l\u2019\u00e9chelle nationale.<\/p>\n\n\n\n<h2 class=\"wp-block-heading\">Avantages en un coup d&#039;\u0153il :<\/h2>\n\n\n\n<ul class=\"wp-block-list\">\n<li>\u2705 Inscription en ligne avec r\u00e9duction pour paiement en ligne<\/li>\n\n\n\n<li>\u2705 Cours de week-end disponibles<\/li>\n\n\n\n<li>\u2705 Examen de la vue et photo d&#039;identit\u00e9 disponibles directement sur le lieu du cours<\/li>\n\n\n\n<li>\u2705 Cours l\u00e9galement reconnus (\u00a719 FeV)<\/li>\n\n\n\n<li>\u2705 Des moniteurs jeunes, dynamiques et motiv\u00e9s<\/li>\n<\/ul>\n\n\n\n<h2 class=\"wp-block-heading\">Adresse et localisation<\/h2>\n\n\n\n<p>\ud83d\udccd <strong>L&#039;auto-\u00e9cole de Patrick<\/strong><br>Prairies inf\u00e9rieures 6<br>76437 Rastatt<\/p>\n\n\n\n<p>Commencez d\u00e8s maintenant votre cours de premiers secours \u00e0 Rastatt \u2013 rapide, facile et tr\u00e8s amusant !<\/p>\n\n\n\n<p>\ud83d\udc49 <strong>Inscrivez-vous directement en ligne et s\u00e9curisez votre place !<\/strong><\/p>\n\n\n\n<h2 class=\"wp-block-heading\" id=\"anmelden\">Inscription<\/h2>\n\n\n<div class='fluentform ff-default fluentform_wrapper_5 ffs_default_wrap'><form data-form_id=\"5\" id=\"fluentform_5\" class=\"frm-fluent-form fluent_form_5 ff-el-form-top ff_form_instance_5_1 ff-form-loading ffs_default\" data-form_instance=\"ff_form_instance_5_1\" method=\"POST\" action=\"\" ><fieldset  style=\"border: none!important;margin: 0!important;padding: 0!important;background-color: transparent!important;box-shadow: none!important;outline: none!important; min-inline-size: 100%;\">\n                    <legend class=\"ff_screen_reader_title\" style=\"display: block; margin: 0!important;padding: 0!important;height: 0!important;text-indent: -999999px;width: 0!important;overflow:hidden;\">D\u00e9mo du formulaire de contact (#5)<\/legend><p style=\"display: none !important;\" class=\"akismet-fields-container\" data-prefix=\"ak_\"><label>&#916;<textarea name=\"ak_hp_textarea\" cols=\"45\" rows=\"8\" maxlength=\"100\"><\/textarea><\/label><input type=\"hidden\" id=\"ak_js_1\" name=\"ak_js\" value=\"213\"\/><script>document.getElementById( \"ak_js_1\" ).setAttribute( \"value\", ( new Date() ).getTime() );<\/script><\/p><input type='hidden' name='__fluent_form_embded_post_id' value='2889' \/><input type=\"hidden\" id=\"_fluentform_5_fluentformnonce\" name=\"_fluentform_5_fluentformnonce\" value=\"47d94cf735\" \/><input type=\"hidden\" name=\"_wp_http_referer\" value=\"\/fr\/wp-json\/wp\/v2\/pages\/2889\" \/><div data-type=\"name-element\" data-name=\"names\" class=\"ff-field_container ff-name-field-wrapper\" ><div class='ff-t-container'><div class='ff-t-cell'><div class='ff-el-group'><div class=\"ff-el-input--label ff-el-is-required asterisk-right\"><label for='ff_5_names_first_name_' id='label_ff_5_names_first_name_' >Pr\u00e9nom<\/label><\/div><div class='ff-el-input--content'><input type=\"text\" name=\"names[first_name]\" id=\"ff_5_names_first_name_\" class=\"ff-el-form-control\" placeholder=\"Pr\u00e9nom\" aria-invalid=\"false\" aria-required=\"true\"><\/div><\/div><\/div><div class='ff-t-cell'><div class='ff-el-group'><div class=\"ff-el-input--label ff-el-is-required asterisk-right\"><label for='ff_5_names_last_name_' id='label_ff_5_names_last_name_' >Nom de famille<\/label><\/div><div class='ff-el-input--content'><input type=\"text\" name=\"names[last_name]\" id=\"ff_5_names_last_name_\" class=\"ff-el-form-control\" placeholder=\"Nom de famille\" aria-invalid=\"false\" aria-required=\"true\"><\/div><\/div><\/div><\/div><\/div><div class='ff-el-group'><div class=\"ff-el-input--label ff-el-is-required asterisk-right\"><label for='ff_5_email' id='label_ff_5_email' aria-label=\"adresse email\">adresse email<\/label><\/div><div class='ff-el-input--content'><input type=\"email\" name=\"email\" id=\"ff_5_email\" class=\"ff-el-form-control\" placeholder=\"Adresse email\" data-name=\"email\"  aria-invalid=\"false\" aria-required=\"true\"><\/div><\/div><div class='ff-el-group'><div class=\"ff-el-input--label asterisk-right\"><label for='ff_5_phone' id='label_ff_5_phone' aria-label=\"Num\u00e9ro de t\u00e9l\u00e9phone\">Num\u00e9ro de t\u00e9l\u00e9phone<\/label><\/div><div class='ff-el-input--content'><input name=\"phone\" class=\"ff-el-form-control ff-el-phone\" type=\"tel\" placeholder=\"Num\u00e9ro de portable\" data-name=\"phone\" id=\"ff_5_phone\" inputmode=\"tel\"  aria-invalid='false' aria-required=\"false\"><\/div><\/div><div class='ff-el-group    ff-el-input--content'><div class='ff-el-form-check ff-el-tc'><label aria-label='J&#039;accepte que ce site Web stocke mes informations soumises afin qu&#039;il puisse r\u00e9pondre \u00e0 ma demande.' class='ff-el-form-check-label ff_tc_label' for=\"gdpr-agreement_080361ebe9e8b42a74dadbd2f3793c17\"><span class='ff_tc_checkbox'><input type=\"checkbox\" name=\"gdpr-agreement\" class=\"ff-el-form-check-input ff_gdpr_field\" data-name=\"gdpr-agreement\" id=\"gdpr-agreement_080361ebe9e8b42a74dadbd2f3793c17\"  value='on' aria-invalid='false' aria-required=\"true\"><\/span> <div class='ff_t_c'>J&#039;accepte que ce site Web stocke mes informations soumises afin qu&#039;il puisse r\u00e9pondre \u00e0 ma demande.<\/div><\/label><\/div><\/div><div class='ff-el-group ff-text-left ff_submit_btn_wrapper'><button type=\"submit\" class=\"ff-btn ff-btn-submit ff-btn-md ff_btn_style\"  aria-label=\"Registre\">Registre<\/button><\/div><\/fieldset><input type=\"hidden\" name=\"trp-form-language\" value=\"fr\"\/><\/form><div id='fluentform_5_errors' class='ff-errors-in-stack ff_form_instance_5_1 ff-form-loading_errors ff_form_instance_5_1_errors'><\/div><\/div>            <script type=\"text\/javascript\">\n                window.fluent_form_ff_form_instance_5_1 = {\"id\":\"5\",\"settings\":{\"layout\":{\"labelPlacement\":\"top\",\"asteriskPlacement\":\"asterisk-right\",\"helpMessagePlacement\":\"with_label\",\"errorMessagePlacement\":\"inline\",\"cssClassName\":\"\"},\"restrictions\":{\"denyEmptySubmission\":{\"enabled\":false}}},\"form_instance\":\"ff_form_instance_5_1\",\"form_id_selector\":\"fluentform_5\",\"rules\":{\"names[first_name]\":{\"required\":{\"value\":true,\"message\":\"Ce champ est obligatoire\",\"global\":true,\"global_message\":\"Dieses Feld ist erforderlich\"}},\"names[middle_name]\":{\"required\":{\"value\":false,\"message\":\"Ce champ est obligatoire\",\"global\":true,\"global_message\":\"Dieses Feld ist erforderlich\"}},\"names[last_name]\":{\"required\":{\"value\":true,\"message\":\"Ce champ est obligatoire\",\"global\":true,\"global_message\":\"Dieses Feld ist erforderlich\"}},\"email\":{\"required\":{\"value\":true,\"message\":\"Ce champ est obligatoire\",\"global\":true,\"global_message\":\"Dieses Feld ist erforderlich\"},\"email\":{\"value\":true,\"message\":\"Ce champ doit contenir un e-mail valide\",\"global\":true,\"global_message\":\"Dieses Feld muss eine g\\u00fcltige E-Mail-Adresse enthalten\"}},\"phone\":{\"required\":{\"value\":false,\"global\":true,\"message\":\"Ce champ est obligatoire\",\"global_message\":\"Dieses Feld ist erforderlich\"},\"valid_phone_number\":{\"value\":false,\"global\":true,\"message\":\"Le num\\u00e9ro de t\\u00e9l\\u00e9phone est invalide\",\"global_message\":\"Phone number is not valid\"}},\"gdpr-agreement\":{\"required\":{\"value\":true,\"message\":\"Ce champ est obligatoire\",\"global_message\":\"Dieses Feld ist erforderlich\",\"global\":true}}},\"debounce_time\":300};\n                            <\/script>","protected":false},"excerpt":{"rendered":"<p>Vous cherchez un cours de premiers secours \u00e0 Rastatt, vari\u00e9 et instructif\u00a0? Alors l&#039;auto-\u00e9cole Patrick est faite pour vous\u00a0! Pourquoi suivre un cours de premiers secours avec nous\u00a0? Nos offres de cours\u00a0: Cours week-end. Pas envie d&#039;attendre longtemps\u00a0? Nous proposons de nombreux cours week-end, le samedi et le dimanche.<\/p>","protected":false},"author":1,"featured_media":2901,"parent":0,"menu_order":0,"comment_status":"closed","ping_status":"closed","template":"","meta":{"site-sidebar-layout":"default","site-content-layout":"","ast-site-content-layout":"default","site-content-style":"default","site-sidebar-style":"default","ast-global-header-display":"","ast-banner-title-visibility":"","ast-main-header-display":"","ast-hfb-above-header-display":"","ast-hfb-below-header-display":"","ast-hfb-mobile-header-display":"","site-post-title":"","ast-breadcrumbs-content":"","ast-featured-img":"","footer-sml-layout":"","theme-transparent-header-meta":"","adv-header-id-meta":"","stick-header-meta":"","header-above-stick-meta":"","header-main-stick-meta":"","header-below-stick-meta":"","astra-migrate-meta-layouts":"set","ast-page-background-enabled":"default","ast-page-background-meta":{"desktop":{"background-color":"var(--ast-global-color-4)","background-image":"","background-repeat":"repeat","background-position":"center center","background-size":"auto","background-attachment":"scroll","background-type":"","background-media":"","overlay-type":"","overlay-color":"","overlay-opacity":"","overlay-gradient":""},"tablet":{"background-color":"","background-image":"","background-repeat":"repeat","background-position":"center center","background-size":"auto","background-attachment":"scroll","background-type":"","background-media":"","overlay-type":"","overlay-color":"","overlay-opacity":"","overlay-gradient":""},"mobile":{"background-color":"","background-image":"","background-repeat":"repeat","background-position":"center center","background-size":"auto","background-attachment":"scroll","background-type":"","background-media":"","overlay-type":"","overlay-color":"","overlay-opacity":"","overlay-gradient":""}},"ast-content-background-meta":{"desktop":{"background-color":"var(--ast-global-color-5)","background-image":"","background-repeat":"repeat","background-position":"center center","background-size":"auto","background-attachment":"scroll","background-type":"","background-media":"","overlay-type":"","overlay-color":"","overlay-opacity":"","overlay-gradient":""},"tablet":{"background-color":"var(--ast-global-color-5)","background-image":"","background-repeat":"repeat","background-position":"center center","background-size":"auto","background-attachment":"scroll","background-type":"","background-media":"","overlay-type":"","overlay-color":"","overlay-opacity":"","overlay-gradient":""},"mobile":{"background-color":"var(--ast-global-color-5)","background-image":"","background-repeat":"repeat","background-position":"center center","background-size":"auto","background-attachment":"scroll","background-type":"","background-media":"","overlay-type":"","overlay-color":"","overlay-opacity":"","overlay-gradient":""}},"footnotes":""},"class_list":["post-2889","page","type-page","status-publish","has-post-thumbnail","hentry"],"_links":{"self":[{"href":"https:\/\/patricks-fahrschule.de\/fr\/wp-json\/wp\/v2\/pages\/2889","targetHints":{"allow":["GET"]}}],"collection":[{"href":"https:\/\/patricks-fahrschule.de\/fr\/wp-json\/wp\/v2\/pages"}],"about":[{"href":"https:\/\/patricks-fahrschule.de\/fr\/wp-json\/wp\/v2\/types\/page"}],"author":[{"embeddable":true,"href":"https:\/\/patricks-fahrschule.de\/fr\/wp-json\/wp\/v2\/users\/1"}],"replies":[{"embeddable":true,"href":"https:\/\/patricks-fahrschule.de\/fr\/wp-json\/wp\/v2\/comments?post=2889"}],"version-history":[{"count":0,"href":"https:\/\/patricks-fahrschule.de\/fr\/wp-json\/wp\/v2\/pages\/2889\/revisions"}],"wp:featuredmedia":[{"embeddable":true,"href":"https:\/\/patricks-fahrschule.de\/fr\/wp-json\/wp\/v2\/media\/2901"}],"wp:attachment":[{"href":"https:\/\/patricks-fahrschule.de\/fr\/wp-json\/wp\/v2\/media?parent=2889"}],"curies":[{"name":"wp","href":"https:\/\/api.w.org\/{rel}","templated":true}]}}