{"id":595,"date":"2023-02-28T12:55:55","date_gmt":"2023-02-28T12:55:55","guid":{"rendered":"https:\/\/patricks-fahrschule.de\/?page_id=595"},"modified":"2024-11-15T10:28:01","modified_gmt":"2024-11-15T10:28:01","slug":"b196","status":"publish","type":"page","link":"https:\/\/patricks-fahrschule.de\/fr\/b196\/","title":{"rendered":"Permis de conduire B196"},"content":{"rendered":"<div data-elementor-type=\"wp-page\" data-elementor-id=\"595\" class=\"elementor elementor-595\" data-elementor-post-type=\"page\">\n\t\t\t\t\t\t<section class=\"elementor-section elementor-top-section elementor-element elementor-element-5b828e3 elementor-section-boxed elementor-section-height-default elementor-section-height-default\" data-id=\"5b828e3\" data-element_type=\"section\" data-e-type=\"section\" data-settings=\"{&quot;background_background&quot;:&quot;classic&quot;}\">\n\t\t\t\t\t\t\t<div class=\"elementor-background-overlay\"><\/div>\n\t\t\t\t\t\t\t<div class=\"elementor-container elementor-column-gap-no\">\n\t\t\t\t\t<div class=\"elementor-column elementor-col-100 elementor-top-column elementor-element elementor-element-73f9b90\" data-id=\"73f9b90\" data-element_type=\"column\" data-e-type=\"column\">\n\t\t\t<div class=\"elementor-widget-wrap elementor-element-populated\">\n\t\t\t\t\t\t<div class=\"elementor-element elementor-element-6cb9832 elementor-widget elementor-widget-heading\" data-id=\"6cb9832\" data-element_type=\"widget\" data-e-type=\"widget\" data-widget_type=\"heading.default\">\n\t\t\t\t\t<h1 class=\"elementor-heading-title elementor-size-default\">Permis de conduire B196<\/h1>\t\t\t\t<\/div>\n\t\t\t\t<div class=\"elementor-element elementor-element-7c7d877 elementor-widget elementor-widget-text-editor\" data-id=\"7c7d877\" data-element_type=\"widget\" data-e-type=\"widget\" data-widget_type=\"text-editor.default\">\n\t\t\t\t\t\t\t\t\t<div class=\"section mcb-section mcb-section-d288cfb4b dark\"><div class=\"section_wrapper mcb-section-inner\"><div class=\"wrap mcb-wrap mcb-wrap-5ed72e836 one valign-top clearfix\" data-col=\"one\"><div class=\"mcb-wrap-inner\"><div class=\"column mcb-column mcb-item-6474b5b50 one column_column\"><div class=\"column_attr clearfix\"><h2><span style=\"color: #ffffff;\">Conduire une moto sans examen avec un permis B196<\/span><\/h2><\/div><\/div><\/div><\/div><\/div><\/div>\t\t\t\t\t\t\t\t<\/div>\n\t\t\t\t\t<\/div>\n\t\t<\/div>\n\t\t\t\t\t<\/div>\n\t\t<\/section>\n\t\t\t\t<section class=\"elementor-section elementor-top-section elementor-element elementor-element-9ca55ae elementor-section-boxed elementor-section-height-default elementor-section-height-default\" data-id=\"9ca55ae\" data-element_type=\"section\" data-e-type=\"section\" data-settings=\"{&quot;background_background&quot;:&quot;classic&quot;}\">\n\t\t\t\t\t\t<div class=\"elementor-container elementor-column-gap-no\">\n\t\t\t\t\t<div class=\"elementor-column elementor-col-100 elementor-top-column elementor-element elementor-element-285d1fe\" data-id=\"285d1fe\" data-element_type=\"column\" data-e-type=\"column\">\n\t\t\t<div class=\"elementor-widget-wrap elementor-element-populated\">\n\t\t\t\t\t\t<div class=\"elementor-element elementor-element-68aad48 elementor-widget elementor-widget-video\" data-id=\"68aad48\" data-element_type=\"widget\" data-e-type=\"widget\" data-settings=\"{&quot;youtube_url&quot;:&quot;https:\\\/\\\/www.youtube.com\\\/watch?v=wWMsCMkhnwk&quot;,&quot;yt_privacy&quot;:&quot;yes&quot;,&quot;video_type&quot;:&quot;youtube&quot;,&quot;controls&quot;:&quot;yes&quot;}\" data-widget_type=\"video.default\">\n\t\t\t\t\t\t\t<div class=\"elementor-wrapper elementor-open-inline\">\n\t\t\t<div class=\"elementor-video\"><\/div>\t\t<\/div>\n\t\t\t\t\t\t<\/div>\n\t\t\t\t<div class=\"elementor-element elementor-element-da4a5b5 elementor-widget elementor-widget-heading\" data-id=\"da4a5b5\" data-element_type=\"widget\" data-e-type=\"widget\" data-widget_type=\"heading.default\">\n\t\t\t\t\t<h3 class=\"elementor-heading-title elementor-size-default\">Toutes les informations sur le certificat B196<\/h3>\t\t\t\t<\/div>\n\t\t\t\t<div class=\"elementor-element elementor-element-6108ee1 elementor-widget elementor-widget-heading\" data-id=\"6108ee1\" data-element_type=\"widget\" data-e-type=\"widget\" data-widget_type=\"heading.default\">\n\t\t\t\t\t<h2 class=\"elementor-heading-title elementor-size-default\">Qu&#039;est-ce que le permis de conduire avec extension B196 ?<\/h2>\t\t\t\t<\/div>\n\t\t\t\t<div class=\"elementor-element elementor-element-a1a8fe3 elementor-widget elementor-widget-text-editor\" data-id=\"a1a8fe3\" data-element_type=\"widget\" data-e-type=\"widget\" data-widget_type=\"text-editor.default\">\n\t\t\t\t\t\t\t\t\t<p>Si vous poss\u00e9dez un permis de conduire de classe B, un monde de possibilit\u00e9s s&#039;ouvre \u00e0 vous. Non seulement vous \u00eates autoris\u00e9 \u00e0 conduire des voitures, mais vous avez \u00e9galement l&#039;autorisation de conduire des remorques d&#039;un poids maximum de 750 kg. De plus, avec le permis de conduire B, vous disposez automatiquement des classes de permis AM et L, ce qui vous donne la possibilit\u00e9 de conduire de nombreux cyclomoteurs et tracteurs agricoles jusqu&#039;\u00e0 une vitesse de 40 km\/h.<\/p><p>Depuis d\u00e9but 2020, il existe le num\u00e9ro de cl\u00e9 196, que vous pouvez utiliser pour prolonger vos privil\u00e8ges de conduite. Avec l&#039;extension B196, vous avez l&#039;autorisation de conduire des motos l\u00e9g\u00e8res jusqu&#039;\u00e0 125 cm3 et une puissance moteur maximale de 11 kW. Le rapport puissance\/poids ne doit pas \u00eatre sup\u00e9rieur \u00e0 0,1 kW\/kg.<\/p><p>L&#039;extension de votre permis de conduire pour inclure le num\u00e9ro cl\u00e9 196 vous ouvre une vari\u00e9t\u00e9 de nouvelles opportunit\u00e9s. Vous pouvez d\u00e9sormais conduire des deux-roues plus l\u00e9gers, dot\u00e9s d&#039;une puissance moteur plus \u00e9lev\u00e9e et donc parcourir de plus longues distances. De plus, cela permet de se d\u00e9placer en ville de mani\u00e8re plus flexible et plus respectueuse de l&#039;environnement, par exemple.<\/p>\t\t\t\t\t\t\t\t<\/div>\n\t\t\t\t<div class=\"elementor-element elementor-element-6568c7f elementor-widget elementor-widget-heading\" data-id=\"6568c7f\" data-element_type=\"widget\" data-e-type=\"widget\" data-widget_type=\"heading.default\">\n\t\t\t\t\t<h2 class=\"elementor-heading-title elementor-size-default\">Quelles sont les exigences?<\/h2>\t\t\t\t<\/div>\n\t\t\t\t<div class=\"elementor-element elementor-element-643424e elementor-widget elementor-widget-text-editor\" data-id=\"643424e\" data-element_type=\"widget\" data-e-type=\"widget\" data-widget_type=\"text-editor.default\">\n\t\t\t\t\t\t\t\t\t<p>Afin d&#039;\u00eatre approuv\u00e9 pour l&#039;extension B196, vous devez remplir certaines conditions. Vous devez avoir au moins 25 ans et avoir 5 ans d&#039;exp\u00e9rience de conduite. Vous avez \u00e9galement besoin d&#039;un permis de conduire de classe B valide.<\/p><p>Il est important que vous respectiez ces exigences pour assurer la s\u00e9curit\u00e9 sur la route. Une exp\u00e9rience suffisante de la conduite de v\u00e9hicules est essentielle afin de garder le contr\u00f4le du v\u00e9hicule et de pouvoir r\u00e9agir de mani\u00e8re appropri\u00e9e en cas d&#039;\u00e9v\u00e9nements impr\u00e9vus.<\/p><p>Si vous remplissez ces conditions et \u00eates int\u00e9ress\u00e9 par l&#039;extension B196, vous devez vous informer minutieusement sur les exigences et, si n\u00e9cessaire, suivre une formation ou une formation de pr\u00e9paration afin d&#039;\u00eatre pr\u00e9par\u00e9 de mani\u00e8re optimale \u00e0 l&#039;examen. De cette fa\u00e7on, vous pouvez vous assurer que vous r\u00e9pondez aux exigences et que vous voyagez en toute s\u00e9curit\u00e9 et de mani\u00e8re responsable sur les routes.<\/p>\t\t\t\t\t\t\t\t<\/div>\n\t\t\t\t<div class=\"elementor-element elementor-element-49eced3 elementor-widget elementor-widget-heading\" data-id=\"49eced3\" data-element_type=\"widget\" data-e-type=\"widget\" data-widget_type=\"heading.default\">\n\t\t\t\t\t<h2 class=\"elementor-heading-title elementor-size-default\">Combien co\u00fbte le billet B196 ?<\/h2>\t\t\t\t<\/div>\n\t\t\t\t<div class=\"elementor-element elementor-element-64e9716 elementor-widget elementor-widget-text-editor\" data-id=\"64e9716\" data-element_type=\"widget\" data-e-type=\"widget\" data-widget_type=\"text-editor.default\">\n\t\t\t\t\t\t\t\t\t<p>Le co\u00fbt d&#039;achat de l&#039;extension B196 peut varier selon la r\u00e9gion et l&#039;auto-\u00e9cole. En r\u00e8gle g\u00e9n\u00e9rale, les co\u00fbts de formation et de test varient entre 500 et 1 000 euros. Ces co\u00fbts sont constitu\u00e9s de divers facteurs, tels que la dur\u00e9e de la formation, le nombre de le\u00e7ons de conduite n\u00e9cessaires et le co\u00fbt de l&#039;examen.<\/p><p>Aux frais de formation s&#039;ajoutent \u00e9galement des frais d&#039;environ 40 \u20ac, qui doivent \u00eatre pay\u00e9s au bureau des permis de conduire comp\u00e9tent. Ces frais servent au traitement de la demande de prolongation du permis de conduire et sont ind\u00e9pendants des co\u00fbts de formation et d&#039;examen.<\/p><p>Il peut \u00e9galement y avoir d&#039;autres frais, par exemple si vous devez faire prendre de nouvelles photos d&#039;identit\u00e9. Il faut s&#039;attendre \u00e0 des frais suppl\u00e9mentaires d&#039;environ 10 \u00e0 50 \u20ac, selon l&#039;endroit et la mani\u00e8re dont vous faites prendre les photos.<\/p>\t\t\t\t\t\t\t\t<\/div>\n\t\t\t\t<div class=\"elementor-element elementor-element-7e3b2a9 elementor-widget elementor-widget-heading\" data-id=\"7e3b2a9\" data-element_type=\"widget\" data-e-type=\"widget\" data-widget_type=\"heading.default\">\n\t\t\t\t\t<h2 class=\"elementor-heading-title elementor-size-default\">Et les cours ? \u00c0 quelle fr\u00e9quence dois-je aller \u00e0 l\u2019auto-\u00e9cole ?<\/h2>\t\t\t\t<\/div>\n\t\t\t\t<div class=\"elementor-element elementor-element-05e8d30 elementor-widget elementor-widget-text-editor\" data-id=\"05e8d30\" data-element_type=\"widget\" data-e-type=\"widget\" data-widget_type=\"text-editor.default\">\n\t\t\t\t\t\t\t\t\t<div class=\"column mcb-column mcb-item-61c884978 one column_column\"><div class=\"column_attr clearfix\"><p>Au minimum 5 unit\u00e9s d&#039;enseignement de 90 minutes chacune doivent \u00eatre r\u00e9alis\u00e9es !<\/p><\/div><\/div>\t\t\t\t\t\t\t\t<\/div>\n\t\t\t\t<div class=\"elementor-element elementor-element-1e911a8 elementor-widget elementor-widget-heading\" data-id=\"1e911a8\" data-element_type=\"widget\" data-e-type=\"widget\" data-widget_type=\"heading.default\">\n\t\t\t\t\t<h2 class=\"elementor-heading-title elementor-size-default\">Ai-je besoin d\u2019un certificat d\u2019examen de la vue ou d\u2019un cours de premiers secours ?<\/h2>\t\t\t\t<\/div>\n\t\t\t\t<div class=\"elementor-element elementor-element-b90f95f elementor-widget elementor-widget-text-editor\" data-id=\"b90f95f\" data-element_type=\"widget\" data-e-type=\"widget\" data-widget_type=\"text-editor.default\">\n\t\t\t\t\t\t\t\t\t<div class=\"column mcb-column mcb-item-61c884978 one column_column\"><div class=\"column_attr clearfix\"><p>Une question importante que de nombreuses personnes se posent lorsqu&#039;il s&#039;agit de prolonger leur permis de conduire concerne la n\u00e9cessit\u00e9 d&#039;une formation ou de preuves suppl\u00e9mentaires. Cependant, dans le cas de l\u2019extension B196, aucun cours de premiers secours ni examen de la vue suppl\u00e9mentaire n\u2019est requis.<\/p><p>Puisqu\u2019il s\u2019agit d\u2019une extension d\u2019un permis de conduire existant, on suppose que vous poss\u00e9dez d\u00e9j\u00e0 les connaissances et les comp\u00e9tences n\u00e9cessaires pour conduire de mani\u00e8re s\u00fbre et responsable.<\/p><\/div><\/div>\t\t\t\t\t\t\t\t<\/div>\n\t\t\t\t\t<\/div>\n\t\t<\/div>\n\t\t\t\t\t<\/div>\n\t\t<\/section>\n\t\t\t\t<section class=\"elementor-section elementor-top-section elementor-element elementor-element-78f0913 elementor-section-content-middle elementor-section-boxed elementor-section-height-default elementor-section-height-default\" data-id=\"78f0913\" data-element_type=\"section\" data-e-type=\"section\" data-settings=\"{&quot;background_background&quot;:&quot;classic&quot;}\">\n\t\t\t\t\t\t<div class=\"elementor-container elementor-column-gap-default\">\n\t\t\t\t\t<div class=\"elementor-column elementor-col-66 elementor-top-column elementor-element elementor-element-7ccb0a7\" data-id=\"7ccb0a7\" data-element_type=\"column\" data-e-type=\"column\">\n\t\t\t<div class=\"elementor-widget-wrap elementor-element-populated\">\n\t\t\t\t\t\t<div class=\"elementor-element elementor-element-b9a6ab7 elementor-widget elementor-widget-text-editor\" data-id=\"b9a6ab7\" data-element_type=\"widget\" data-e-type=\"widget\" data-widget_type=\"text-editor.default\">\n\t\t\t\t\t\t\t\t\t<h2><span style=\"color: #ffffff;\">Encore des questions ?<\/span><\/h2><p>N&#039;h\u00e9sitez pas \u00e0 nous \u00e9crire via WhatsApp !<\/p>\t\t\t\t\t\t\t\t<\/div>\n\t\t\t\t\t<\/div>\n\t\t<\/div>\n\t\t\t\t<div class=\"elementor-column elementor-col-33 elementor-top-column elementor-element elementor-element-1331afa\" data-id=\"1331afa\" data-element_type=\"column\" data-e-type=\"column\">\n\t\t\t<div class=\"elementor-widget-wrap elementor-element-populated\">\n\t\t\t\t\t\t<div class=\"elementor-element elementor-element-8512dc5 elementor-widget__width-initial elementor-widget elementor-widget-button\" data-id=\"8512dc5\" data-element_type=\"widget\" data-e-type=\"widget\" data-widget_type=\"button.default\">\n\t\t\t\t\t\t\t\t\t\t<a class=\"elementor-button elementor-button-link elementor-size-sm\" href=\"https:\/\/wa.me\/491708228780\" target=\"_blank\" rel=\"noopener\">\n\t\t\t\t\t\t<span class=\"elementor-button-content-wrapper\">\n\t\t\t\t\t\t\t\t\t<span class=\"elementor-button-text\">\u00c9crivez via WhatsApp<\/span>\n\t\t\t\t\t<\/span>\n\t\t\t\t\t<\/a>\n\t\t\t\t\t\t\t\t<\/div>\n\t\t\t\t\t<\/div>\n\t\t<\/div>\n\t\t\t\t\t<\/div>\n\t\t<\/section>\n\t\t\t\t<\/div>","protected":false},"excerpt":{"rendered":"<p>Permis de conduire B196\u00a0: Conduire une moto avec un permis B196 sans examen https:\/\/www.youtube.com\/watch?v=wWMsCMkhnwk Toutes les informations sur le permis B196 Qu&#039;est-ce qu&#039;un permis de conduire avec extension B196\u00a0? Si vous poss\u00e9dez un permis de conduire de classe B, un monde de possibilit\u00e9s s&#039;ouvre \u00e0 vous. Vous \u00eates non seulement autoris\u00e9 \u00e0 conduire des voitures, mais aussi \u00e0 tracter des remorques d&#039;un poids maximal de [...]<\/p>","protected":false},"author":1,"featured_media":0,"parent":0,"menu_order":0,"comment_status":"closed","ping_status":"closed","template":"","meta":{"site-sidebar-layout":"no-sidebar","site-content-layout":"page-builder","ast-site-content-layout":"","site-content-style":"default","site-sidebar-style":"default","ast-global-header-display":"","ast-banner-title-visibility":"","ast-main-header-display":"","ast-hfb-above-header-display":"","ast-hfb-below-header-display":"","ast-hfb-mobile-header-display":"","site-post-title":"disabled","ast-breadcrumbs-content":"disabled","ast-featured-img":"disabled","footer-sml-layout":"","theme-transparent-header-meta":"enabled","adv-header-id-meta":"","stick-header-meta":"","header-above-stick-meta":"","header-main-stick-meta":"","header-below-stick-meta":"","astra-migrate-meta-layouts":"default","ast-page-background-enabled":"default","ast-page-background-meta":{"desktop":{"background-color":"var(--ast-global-color-4)","background-image":"","background-repeat":"repeat","background-position":"center center","background-size":"auto","background-attachment":"scroll","background-type":"","background-media":"","overlay-type":"","overlay-color":"","overlay-opacity":"","overlay-gradient":""},"tablet":{"background-color":"","background-image":"","background-repeat":"repeat","background-position":"center center","background-size":"auto","background-attachment":"scroll","background-type":"","background-media":"","overlay-type":"","overlay-color":"","overlay-opacity":"","overlay-gradient":""},"mobile":{"background-color":"","background-image":"","background-repeat":"repeat","background-position":"center center","background-size":"auto","background-attachment":"scroll","background-type":"","background-media":"","overlay-type":"","overlay-color":"","overlay-opacity":"","overlay-gradient":""}},"ast-content-background-meta":{"desktop":{"background-color":"var(--ast-global-color-5)","background-image":"","background-repeat":"repeat","background-position":"center center","background-size":"auto","background-attachment":"scroll","background-type":"","background-media":"","overlay-type":"","overlay-color":"","overlay-opacity":"","overlay-gradient":""},"tablet":{"background-color":"var(--ast-global-color-5)","background-image":"","background-repeat":"repeat","background-position":"center center","background-size":"auto","background-attachment":"scroll","background-type":"","background-media":"","overlay-type":"","overlay-color":"","overlay-opacity":"","overlay-gradient":""},"mobile":{"background-color":"var(--ast-global-color-5)","background-image":"","background-repeat":"repeat","background-position":"center center","background-size":"auto","background-attachment":"scroll","background-type":"","background-media":"","overlay-type":"","overlay-color":"","overlay-opacity":"","overlay-gradient":""}},"footnotes":""},"class_list":["post-595","page","type-page","status-publish","hentry"],"_links":{"self":[{"href":"https:\/\/patricks-fahrschule.de\/fr\/wp-json\/wp\/v2\/pages\/595","targetHints":{"allow":["GET"]}}],"collection":[{"href":"https:\/\/patricks-fahrschule.de\/fr\/wp-json\/wp\/v2\/pages"}],"about":[{"href":"https:\/\/patricks-fahrschule.de\/fr\/wp-json\/wp\/v2\/types\/page"}],"author":[{"embeddable":true,"href":"https:\/\/patricks-fahrschule.de\/fr\/wp-json\/wp\/v2\/users\/1"}],"replies":[{"embeddable":true,"href":"https:\/\/patricks-fahrschule.de\/fr\/wp-json\/wp\/v2\/comments?post=595"}],"version-history":[{"count":0,"href":"https:\/\/patricks-fahrschule.de\/fr\/wp-json\/wp\/v2\/pages\/595\/revisions"}],"wp:attachment":[{"href":"https:\/\/patricks-fahrschule.de\/fr\/wp-json\/wp\/v2\/media?parent=595"}],"curies":[{"name":"wp","href":"https:\/\/api.w.org\/{rel}","templated":true}]}}