{"id":1018,"date":"2023-03-09T13:55:15","date_gmt":"2023-03-09T13:55:15","guid":{"rendered":"https:\/\/patricks-fahrschule.de\/?page_id=1018"},"modified":"2023-03-09T13:56:09","modified_gmt":"2023-03-09T13:56:09","slug":"impressum","status":"publish","type":"page","link":"https:\/\/patricks-fahrschule.de\/ro\/imprima\/","title":{"rendered":"imprima"},"content":{"rendered":"<h2 class=\"wp-block-heading\">Conform \u00a7 5 TMG:<\/h2>\n\n\n\n<p>\u0219coala de \u0219oferi a lui Patrick<br>Proprietar: Patrick Janiak<br>Kaiserstrasse 65\/1<br>76437 Rastatt<\/p>\n\n\n\n<h3 class=\"wp-block-heading\">A lua legatura:<\/h3>\n\n\n\n<figure class=\"wp-block-table\"><table><tbody><tr><td>Telefon:<\/td><td>0170 8228780<\/td><\/tr><tr><td>E-mail:<\/td><td>info@patricks-fahrschule.de<\/td><\/tr><\/tbody><\/table><\/figure>\n\n\n\n<h3 class=\"wp-block-heading\">Num\u0103rul de identificare a taxei pe v\u00e2nz\u0103ri \u00een conformitate cu Sec\u021biunea 27 a din Legea privind impozitul pe v\u00e2nz\u0103ri:<\/h3>\n\n\n\n<p>DE 305620459<\/p>\n\n\n\n<h2 class=\"wp-block-heading\">Solu\u021bionare a litigiilor<\/h2>\n\n\n\n<p>Comisia European\u0103 ofer\u0103 o platform\u0103<br>preg\u0103tit pentru solu\u021bionarea online a disputelor (OS):&nbsp;<a href=\"https:\/\/ec.europa.eu\/consumers\/odr\" target=\"_blank\" rel=\"noreferrer noopener\">https:\/\/ec.europa.eu\/consumers\/odr<\/a><br>Pute\u021bi g\u0103si adresa noastr\u0103 de e-mail \u00een partea de sus a paginii<br>Imprima.<\/p>\n\n\n\n<p>Nu suntem dispu\u0219i sau obliga\u021bi s\u0103 particip\u0103m la procedurile de solu\u021bionare a litigiilor \u00eenainte de a<br>s\u0103 participe la comisia de arbitraj de consum.<\/p>\n\n\n\n<h3 class=\"wp-block-heading\">Detalii bancare:<\/h3>\n\n\n\n<p>Volksbank Karlsruhe Baden-Baden<br>DE23 6619 0000 0063 6507 06<br>GENODE61KA1<\/p>\n\n\n\n<h3 class=\"wp-block-heading\">Autoritatea de supraveghere:<\/h3>\n\n\n\n<p>Nume: Biroul Rastatt Rastatt<br>Strada: Untere Wiesen 6<br>Loca\u021bie: 76437 Rastatt<br>Tel: 07222-3813200<\/p>\n\n\n\n<h3 class=\"wp-block-heading\">Responsabil pentru con\u021binut conform sec\u021biunii 55 alineatul 2 RStV:<\/h3>\n\n\n\n<p>Patrick Janiak (proprietar)<br>Bismarckstrasse 1<br>76437 Rastatt<\/p>\n\n\n\n<p>Surs\u0103:&nbsp;<em><a href=\"https:\/\/www.e-recht24.de\/impressum-generator.html\" target=\"_blank\" rel=\"noreferrer noopener\">https:\/\/www.e-recht24.de<\/a><\/em><\/p>\n\n\n\n<h3 class=\"wp-block-heading\">Site creat de:<\/h3>\n\n\n\n<p><a href=\"http:\/\/www.lk-media.net\/\" target=\"_blank\" rel=\"noreferrer noopener\">lk mass-media<\/a><\/p>\n\n\n\n<h3 class=\"wp-block-heading\">Surse foto:<\/h3>\n\n\n\n<h4 class=\"wp-block-heading\">pexels.com<\/h4>\n\n\n\n<p>https:\/\/static.pexels.com\/photos\/13861\/IMG_3496bfree.jpg (<a href=\"http:\/\/jeshoots.com\/driver\/\" target=\"_blank\" rel=\"noreferrer noopener\">jeshoots.com<\/a>) \u2013 Folosit sub licen\u021b\u0103 CC0<br>https:\/\/static.pexels.com\/photos\/8775\/traffic-car-vehicle-black.jpg (<a href=\"https:\/\/stock.tookapic.com\/photos\/3931\" target=\"_blank\" rel=\"noreferrer noopener\">stock.tookapic.com<\/a>) \u2013 Folosit sub licen\u021b\u0103 CC0<\/p>\n\n\n\n<h3 class=\"wp-block-heading\">Disclaimer<\/h3>\n\n\n\n<p><strong>Limitare a r\u0103spunderii<\/strong><\/p>\n\n\n\n<p>Con\u021binutul site-ului nostru web a fost creat dup\u0103 cuno\u0219tin\u021bele noastre \u0219i cu cea mai mare grij\u0103. Cu toate acestea, nu garant\u0103m c\u0103 acestea sunt actualizate, corecte sau complete.<br>Suntem responsabili pentru con\u021binutul \u0219i informa\u021biile furnizate aici; Cu toate acestea, conform Sec\u021biunilor 8 p\u00e2n\u0103 la 10 TMG, nu suntem obliga\u021bi s\u0103 monitoriz\u0103m informa\u021biile transmise sau stocate de la ter\u021bi.<br>Dac\u0103 este necesar\u0103 eliminarea sau blocarea unui astfel de con\u021binut, aceasta va avea loc de \u00eendat\u0103 ce suntem informa\u021bi cu privire la o \u00eenc\u0103lcare legal\u0103 relevant\u0103.<\/p>\n\n\n\n<p><strong>linkuri externe<\/strong><\/p>\n\n\n\n<p>Nu ne asum\u0103m nicio responsabilitate pentru con\u021binutul link-urilor noastre externe (link-uri c\u0103tre site-uri web externe). Operatorul respectiv al site-ului web legat este responsabil pentru acest lucru.<br>Dac\u0103 astfel de leg\u0103turi trebuie eliminate, acest lucru se va face de \u00eendat\u0103 ce vom afla o \u00eenc\u0103lcare legal\u0103 relevant\u0103.<\/p>\n\n\n\n<p><strong>Drepturi de autor\/copyright auxiliar<\/strong><\/p>\n\n\n\n<p>Textele, imaginile, graficele \u0219i informa\u021biile publicate pe acest site sunt supuse legii germane privind drepturile de autor \u0219i dreptul de autor auxiliar.<br>Reproducerea, prelucrarea, distribuirea, stocarea \u0219i utilizarea \u00een afara legii drepturilor de autor necesit\u0103 acordul scris al conducerii noastre.<\/p>\n\n\n\n<p><strong>protejarea datelor<\/strong><\/p>\n\n\n\n<p>C\u00e2nd vizita\u021bi site-ul nostru, datele (data, ora, site-ul accesat) pot fi stocate pe server. Cu toate acestea, nu sunt colectate date personale.<br>Nu transmitem niciodat\u0103 date personale (de exemplu, nume, v\u00e2rst\u0103, adres\u0103 sau adres\u0103 de e-mail) furnizate nou\u0103 de utilizator c\u0103tre ter\u021bi sau numai cu acordul lor expres.<br>Nu ne asum\u0103m nicio r\u0103spundere pentru daunele cauzate de lacune de securitate.<\/p>\n\n\n\n<p><em>Ne rezerv\u0103m dreptul de a lua m\u0103suri legale \u00een cazul \u00een care sunt trimise informa\u021bii publicitare nesolicitate (cum ar fi e-mailurile de tip spam).<\/em><\/p>","protected":false},"excerpt":{"rendered":"<p>Informa\u021bii \u00een conformitate cu \u00a7 5 TMG: Patricks FahrschuleInh.: Patrick JaniakKaiserstra\u00dfe 65\/176437 Rastatt Contact: Telefon: 0170 8228780 E-mail: info@patricks-fahrschule.de Num\u0103r de identificare TVA \u00een conformitate cu \u00a727 a din Legea privind impozitul pe v\u00e2nz\u0103ri: DE049562204956 Solu\u021bionarea litigiilor Comisia European\u0103 ofer\u0103 o Platform\u0103 pentru solu\u021bionarea online a litigiilor (OS) disponibil\u0103: https:\/\/ec.europa.eu\/consumers\/odr. Pute\u021bi g\u0103si adresa noastr\u0103 de e-mail mai sus \u00een anun\u021bul legal. Nu suntem dispu\u0219i sau obliga\u021bi s\u0103 particip\u0103m la procedurile de solu\u021bionare a litigiilor \u00een fa\u021ba unei comisii de arbitraj pentru consumatori. Detalii bancare: Volksbank Karlsruhe Baden-BadenDE23 6619 \u2026<\/p>","protected":false},"author":1,"featured_media":0,"parent":0,"menu_order":0,"comment_status":"closed","ping_status":"closed","template":"","meta":{"site-sidebar-layout":"default","site-content-layout":"","ast-site-content-layout":"","site-content-style":"default","site-sidebar-style":"default","ast-global-header-display":"","ast-banner-title-visibility":"","ast-main-header-display":"","ast-hfb-above-header-display":"","ast-hfb-below-header-display":"","ast-hfb-mobile-header-display":"","site-post-title":"","ast-breadcrumbs-content":"","ast-featured-img":"","footer-sml-layout":"","theme-transparent-header-meta":"","adv-header-id-meta":"","stick-header-meta":"","header-above-stick-meta":"","header-main-stick-meta":"","header-below-stick-meta":"","astra-migrate-meta-layouts":"default","ast-page-background-enabled":"default","ast-page-background-meta":{"desktop":{"background-color":"var(--ast-global-color-4)","background-image":"","background-repeat":"repeat","background-position":"center center","background-size":"auto","background-attachment":"scroll","background-type":"","background-media":"","overlay-type":"","overlay-color":"","overlay-opacity":"","overlay-gradient":""},"tablet":{"background-color":"","background-image":"","background-repeat":"repeat","background-position":"center center","background-size":"auto","background-attachment":"scroll","background-type":"","background-media":"","overlay-type":"","overlay-color":"","overlay-opacity":"","overlay-gradient":""},"mobile":{"background-color":"","background-image":"","background-repeat":"repeat","background-position":"center center","background-size":"auto","background-attachment":"scroll","background-type":"","background-media":"","overlay-type":"","overlay-color":"","overlay-opacity":"","overlay-gradient":""}},"ast-content-background-meta":{"desktop":{"background-color":"var(--ast-global-color-5)","background-image":"","background-repeat":"repeat","background-position":"center center","background-size":"auto","background-attachment":"scroll","background-type":"","background-media":"","overlay-type":"","overlay-color":"","overlay-opacity":"","overlay-gradient":""},"tablet":{"background-color":"var(--ast-global-color-5)","background-image":"","background-repeat":"repeat","background-position":"center center","background-size":"auto","background-attachment":"scroll","background-type":"","background-media":"","overlay-type":"","overlay-color":"","overlay-opacity":"","overlay-gradient":""},"mobile":{"background-color":"var(--ast-global-color-5)","background-image":"","background-repeat":"repeat","background-position":"center center","background-size":"auto","background-attachment":"scroll","background-type":"","background-media":"","overlay-type":"","overlay-color":"","overlay-opacity":"","overlay-gradient":""}},"footnotes":""},"class_list":["post-1018","page","type-page","status-publish","hentry"],"_links":{"self":[{"href":"https:\/\/patricks-fahrschule.de\/ro\/wp-json\/wp\/v2\/pages\/1018","targetHints":{"allow":["GET"]}}],"collection":[{"href":"https:\/\/patricks-fahrschule.de\/ro\/wp-json\/wp\/v2\/pages"}],"about":[{"href":"https:\/\/patricks-fahrschule.de\/ro\/wp-json\/wp\/v2\/types\/page"}],"author":[{"embeddable":true,"href":"https:\/\/patricks-fahrschule.de\/ro\/wp-json\/wp\/v2\/users\/1"}],"replies":[{"embeddable":true,"href":"https:\/\/patricks-fahrschule.de\/ro\/wp-json\/wp\/v2\/comments?post=1018"}],"version-history":[{"count":0,"href":"https:\/\/patricks-fahrschule.de\/ro\/wp-json\/wp\/v2\/pages\/1018\/revisions"}],"wp:attachment":[{"href":"https:\/\/patricks-fahrschule.de\/ro\/wp-json\/wp\/v2\/media?parent=1018"}],"curies":[{"name":"wp","href":"https:\/\/api.w.org\/{rel}","templated":true}]}}