{"id":1158,"date":"2023-03-09T18:53:37","date_gmt":"2023-03-09T18:53:37","guid":{"rendered":"https:\/\/patricks-fahrschule.de\/?page_id=1158"},"modified":"2025-10-16T07:29:42","modified_gmt":"2025-10-16T07:29:42","slug":"fahrschule-durmersheim","status":"publish","type":"page","link":"https:\/\/patricks-fahrschule.de\/ro\/locatii\/scoala-de-soferi-durmersheim\/","title":{"rendered":"scoala de soferi Durmersheim"},"content":{"rendered":"<div data-elementor-type=\"wp-page\" data-elementor-id=\"1158\" class=\"elementor elementor-1158\" data-elementor-post-type=\"page\">\n\t\t\t\t\t\t<section class=\"elementor-section elementor-top-section elementor-element elementor-element-b83fba0 elementor-section-boxed elementor-section-height-default elementor-section-height-default\" data-id=\"b83fba0\" data-element_type=\"section\" data-e-type=\"section\" data-settings=\"{&quot;background_background&quot;:&quot;classic&quot;}\">\n\t\t\t\t\t\t\t<div class=\"elementor-background-overlay\"><\/div>\n\t\t\t\t\t\t\t<div class=\"elementor-container elementor-column-gap-no\">\n\t\t\t\t\t<div class=\"elementor-column elementor-col-100 elementor-top-column elementor-element elementor-element-9881aa0\" data-id=\"9881aa0\" data-element_type=\"column\" data-e-type=\"column\">\n\t\t\t<div class=\"elementor-widget-wrap elementor-element-populated\">\n\t\t\t\t\t\t<div class=\"elementor-element elementor-element-3a44f19 elementor-widget elementor-widget-image\" data-id=\"3a44f19\" data-element_type=\"widget\" data-e-type=\"widget\" data-widget_type=\"image.default\">\n\t\t\t\t\t\t\t\t\t\t\t\t\t\t\t<img decoding=\"async\" src=\"https:\/\/patricks-fahrschule.de\/wp-content\/uploads\/2023\/02\/logo-gruen.svg\" title=\"logo-verde\" alt=\"logo-verde\" loading=\"lazy\" \/>\t\t\t\t\t\t\t\t\t\t\t\t\t\t\t<\/div>\n\t\t\t\t<div class=\"elementor-element elementor-element-c5aaabc elementor-widget elementor-widget-heading\" data-id=\"c5aaabc\" data-element_type=\"widget\" data-e-type=\"widget\" data-widget_type=\"heading.default\">\n\t\t\t\t\t<h1 class=\"elementor-heading-title elementor-size-default\">scoala de soferi Durmersheim<\/h1>\t\t\t\t<\/div>\n\t\t\t\t<div class=\"elementor-element elementor-element-0ace964 elementor-widget elementor-widget-rating\" data-id=\"0ace964\" data-element_type=\"widget\" data-e-type=\"widget\" data-widget_type=\"rating.default\">\n\t\t\t\t\t\t\t<div class=\"e-rating\" itemtype=\"https:\/\/schema.org\/Rating\" itemscope=\"\" itemprop=\"reviewRating\">\n\t\t\t<meta itemprop=\"worstRating\" content=\"0\">\n\t\t\t<meta itemprop=\"bestRating\" content=\"5\">\n\t\t\t<div class=\"e-rating-wrapper\" itemprop=\"ratingValue\" content=\"5\" role=\"img\" aria-label=\"Evaluat cu 5 din 5\">\n\t\t\t\t\t\t\t<div class=\"e-icon\">\n\t\t\t\t<div class=\"e-icon-wrapper e-icon-marked\">\n\t\t\t\t\t<i aria-hidden=\"true\" class=\"eicon-star\"><\/i>\t\t\t\t<\/div>\n\t\t\t\t<div class=\"e-icon-wrapper e-icon-unmarked\">\n\t\t\t\t\t<i aria-hidden=\"true\" class=\"eicon-star\"><\/i>\t\t\t\t<\/div>\n\t\t\t<\/div>\n\t\t\t\t\t\t<div class=\"e-icon\">\n\t\t\t\t<div class=\"e-icon-wrapper e-icon-marked\">\n\t\t\t\t\t<i aria-hidden=\"true\" class=\"eicon-star\"><\/i>\t\t\t\t<\/div>\n\t\t\t\t<div class=\"e-icon-wrapper e-icon-unmarked\">\n\t\t\t\t\t<i aria-hidden=\"true\" class=\"eicon-star\"><\/i>\t\t\t\t<\/div>\n\t\t\t<\/div>\n\t\t\t\t\t\t<div class=\"e-icon\">\n\t\t\t\t<div class=\"e-icon-wrapper e-icon-marked\">\n\t\t\t\t\t<i aria-hidden=\"true\" class=\"eicon-star\"><\/i>\t\t\t\t<\/div>\n\t\t\t\t<div class=\"e-icon-wrapper e-icon-unmarked\">\n\t\t\t\t\t<i aria-hidden=\"true\" class=\"eicon-star\"><\/i>\t\t\t\t<\/div>\n\t\t\t<\/div>\n\t\t\t\t\t\t<div class=\"e-icon\">\n\t\t\t\t<div class=\"e-icon-wrapper e-icon-marked\">\n\t\t\t\t\t<i aria-hidden=\"true\" class=\"eicon-star\"><\/i>\t\t\t\t<\/div>\n\t\t\t\t<div class=\"e-icon-wrapper e-icon-unmarked\">\n\t\t\t\t\t<i aria-hidden=\"true\" class=\"eicon-star\"><\/i>\t\t\t\t<\/div>\n\t\t\t<\/div>\n\t\t\t\t\t\t<div class=\"e-icon\">\n\t\t\t\t<div class=\"e-icon-wrapper e-icon-marked\">\n\t\t\t\t\t<i aria-hidden=\"true\" class=\"eicon-star\"><\/i>\t\t\t\t<\/div>\n\t\t\t\t<div class=\"e-icon-wrapper e-icon-unmarked\">\n\t\t\t\t\t<i aria-hidden=\"true\" class=\"eicon-star\"><\/i>\t\t\t\t<\/div>\n\t\t\t<\/div>\n\t\t\t\t\t\t<\/div>\n\t\t<\/div>\n\t\t\t\t\t\t<\/div>\n\t\t\t\t<div class=\"elementor-element elementor-element-e782ea2 elementor-widget elementor-widget-text-editor\" data-id=\"e782ea2\" data-element_type=\"widget\" data-e-type=\"widget\" data-widget_type=\"text-editor.default\">\n\t\t\t\t\t\t\t\t\t<form action=\"https:\/\/api.fahrschulmanager.de\/v1\/onlineanmeldung\/authenticate?t=dZFoxos57UFc4ZBidAJsOiVchMdg%2FHbQTK34mt5Q2EctR0T%2BueyB2fRxya1plaaiMcxrQPgjSnEeFyJd3uqRQw%3D%3D\" method=\"POST\" target=\"_parent\" data-trp-original-action=\"https:\/\/api.fahrschulmanager.de\/v1\/onlineanmeldung\/authenticate?t=dZFoxos57UFc4ZBidAJsOiVchMdg%2FHbQTK34mt5Q2EctR0T%2BueyB2fRxya1plaaiMcxrQPgjSnEeFyJd3uqRQw%3D%3D\"><button type=\"submit\">Pentru \u00eenregistrare<\/button><input type=\"hidden\" name=\"trp-form-language\" value=\"ro\"\/><\/form>\t\t\t\t\t\t\t\t<\/div>\n\t\t\t\t\t<\/div>\n\t\t<\/div>\n\t\t\t\t\t<\/div>\n\t\t<\/section>\n\t\t\t\t<section class=\"elementor-section elementor-top-section elementor-element elementor-element-b7dfd94 elementor-section-content-middle elementor-section-boxed elementor-section-height-default elementor-section-height-default\" data-id=\"b7dfd94\" data-element_type=\"section\" data-e-type=\"section\" data-settings=\"{&quot;background_background&quot;:&quot;classic&quot;}\">\n\t\t\t\t\t\t<div class=\"elementor-container elementor-column-gap-default\">\n\t\t\t\t\t<div class=\"elementor-column elementor-col-100 elementor-top-column elementor-element elementor-element-f59d182\" data-id=\"f59d182\" data-element_type=\"column\" data-e-type=\"column\">\n\t\t\t<div class=\"elementor-widget-wrap elementor-element-populated\">\n\t\t\t\t\t\t<div class=\"elementor-element elementor-element-bf715df elementor-widget elementor-widget-heading\" data-id=\"bf715df\" data-element_type=\"widget\" data-e-type=\"widget\" data-widget_type=\"heading.default\">\n\t\t\t\t\t<h2 class=\"elementor-heading-title elementor-size-default\">Sucursala noastr\u0103 din Durmersheim<\/h2>\t\t\t\t<\/div>\n\t\t\t\t<div class=\"elementor-element elementor-element-b0b4a9f elementor-widget elementor-widget-text-editor\" data-id=\"b0b4a9f\" data-element_type=\"widget\" data-e-type=\"widget\" data-widget_type=\"text-editor.default\">\n\t\t\t\t\t\t\t\t\t<p>Strada Principal\u0103 129<\/p>\t\t\t\t\t\t\t\t<\/div>\n\t\t\t\t\t<\/div>\n\t\t<\/div>\n\t\t\t\t\t<\/div>\n\t\t<\/section>\n\t\t\t\t<section class=\"elementor-section elementor-top-section elementor-element elementor-element-bb20aa9 elementor-section-boxed elementor-section-height-default elementor-section-height-default\" data-id=\"bb20aa9\" data-element_type=\"section\" data-e-type=\"section\" data-settings=\"{&quot;background_background&quot;:&quot;classic&quot;}\">\n\t\t\t\t\t\t<div class=\"elementor-container elementor-column-gap-default\">\n\t\t\t\t\t<div class=\"elementor-column elementor-col-100 elementor-top-column elementor-element elementor-element-bcd38ea\" data-id=\"bcd38ea\" data-element_type=\"column\" data-e-type=\"column\">\n\t\t\t<div class=\"elementor-widget-wrap elementor-element-populated\">\n\t\t\t\t\t\t<div class=\"elementor-element elementor-element-559442f elementor-widget elementor-widget-image-gallery\" data-id=\"559442f\" data-element_type=\"widget\" data-e-type=\"widget\" data-widget_type=\"image-gallery.default\">\n\t\t\t\t\t\t\t<div class=\"elementor-image-gallery\">\n\t\t\t<div id='gallery-1' class='gallery galleryid-1158 gallery-columns-4 gallery-size-medium'><figure class='gallery-item'>\n\t\t\t<div class='gallery-icon landscape'>\n\t\t\t\t<a data-elementor-open-lightbox=\"yes\" data-elementor-lightbox-slideshow=\"559442f\" data-elementor-lightbox-title=\"Filiale_Durmersheim_au\u00dfen\" data-e-action-hash=\"#elementor-action%3Aaction%3Dlightbox%26settings%3DeyJpZCI6NzIzLCJ1cmwiOiJodHRwczpcL1wvcGF0cmlja3MtZmFocnNjaHVsZS5kZVwvd3AtY29udGVudFwvdXBsb2Fkc1wvMjAyM1wvMDNcL0ZpbGlhbGVfRHVybWVyc2hlaW1fYXVzc2VuLXNjYWxlZC5qcGciLCJzbGlkZXNob3ciOiI1NTk0NDJmIn0%3D\" href='https:\/\/patricks-fahrschule.de\/wp-content\/uploads\/2023\/03\/Filiale_Durmersheim_aussen-scaled.jpg'><img fetchpriority=\"high\" decoding=\"async\" width=\"300\" height=\"186\" src=\"https:\/\/patricks-fahrschule.de\/wp-content\/uploads\/2023\/03\/Filiale_Durmersheim_aussen-300x186.jpg\" class=\"attachment-medium size-medium\" alt=\"\" srcset=\"https:\/\/patricks-fahrschule.de\/wp-content\/uploads\/2023\/03\/Filiale_Durmersheim_aussen-300x186.jpg 300w, https:\/\/patricks-fahrschule.de\/wp-content\/uploads\/2023\/03\/Filiale_Durmersheim_aussen-1024x637.jpg 1024w, https:\/\/patricks-fahrschule.de\/wp-content\/uploads\/2023\/03\/Filiale_Durmersheim_aussen-768x477.jpg 768w, https:\/\/patricks-fahrschule.de\/wp-content\/uploads\/2023\/03\/Filiale_Durmersheim_aussen-1536x955.jpg 1536w, https:\/\/patricks-fahrschule.de\/wp-content\/uploads\/2023\/03\/Filiale_Durmersheim_aussen-2048x1273.jpg 2048w\" sizes=\"(max-width: 300px) 100vw, 300px\" title=\"\"><\/a>\n\t\t\t<\/div><\/figure><figure class='gallery-item'>\n\t\t\t<div class='gallery-icon landscape'>\n\t\t\t\t<a data-elementor-open-lightbox=\"yes\" data-elementor-lightbox-slideshow=\"559442f\" data-elementor-lightbox-title=\"Filiale_Durmersheim_innen\" data-e-action-hash=\"#elementor-action%3Aaction%3Dlightbox%26settings%3DeyJpZCI6ODgzLCJ1cmwiOiJodHRwczpcL1wvcGF0cmlja3MtZmFocnNjaHVsZS5kZVwvd3AtY29udGVudFwvdXBsb2Fkc1wvMjAyM1wvMDNcL0ZpbGlhbGVfRHVybWVyc2hlaW1faW5uZW4tc2NhbGVkLmpwZyIsInNsaWRlc2hvdyI6IjU1OTQ0MmYifQ%3D%3D\" href='https:\/\/patricks-fahrschule.de\/wp-content\/uploads\/2023\/03\/Filiale_Durmersheim_innen-scaled.jpg'><img decoding=\"async\" width=\"300\" height=\"200\" src=\"https:\/\/patricks-fahrschule.de\/wp-content\/uploads\/2023\/03\/Filiale_Durmersheim_innen-300x200.jpg\" class=\"attachment-medium size-medium\" alt=\"\" srcset=\"https:\/\/patricks-fahrschule.de\/wp-content\/uploads\/2023\/03\/Filiale_Durmersheim_innen-300x200.jpg 300w, https:\/\/patricks-fahrschule.de\/wp-content\/uploads\/2023\/03\/Filiale_Durmersheim_innen-1024x683.jpg 1024w, https:\/\/patricks-fahrschule.de\/wp-content\/uploads\/2023\/03\/Filiale_Durmersheim_innen-768x512.jpg 768w, https:\/\/patricks-fahrschule.de\/wp-content\/uploads\/2023\/03\/Filiale_Durmersheim_innen-1536x1025.jpg 1536w, https:\/\/patricks-fahrschule.de\/wp-content\/uploads\/2023\/03\/Filiale_Durmersheim_innen-2048x1367.jpg 2048w\" sizes=\"(max-width: 300px) 100vw, 300px\" title=\"\"><\/a>\n\t\t\t<\/div><\/figure>\n\t\t<\/div>\n\t\t<\/div>\n\t\t\t\t\t\t<\/div>\n\t\t\t\t\t<\/div>\n\t\t<\/div>\n\t\t\t\t\t<\/div>\n\t\t<\/section>\n\t\t\t\t<section class=\"elementor-section elementor-top-section elementor-element elementor-element-bee2605 elementor-section-boxed elementor-section-height-default elementor-section-height-default\" data-id=\"bee2605\" data-element_type=\"section\" data-e-type=\"section\" data-settings=\"{&quot;background_background&quot;:&quot;classic&quot;}\">\n\t\t\t\t\t\t<div class=\"elementor-container elementor-column-gap-no\">\n\t\t\t\t\t<div class=\"elementor-column elementor-col-100 elementor-top-column elementor-element elementor-element-a44ec5b\" data-id=\"a44ec5b\" data-element_type=\"column\" data-e-type=\"column\">\n\t\t\t<div class=\"elementor-widget-wrap elementor-element-populated\">\n\t\t\t\t\t\t<div class=\"elementor-element elementor-element-4bb62aa elementor-widget elementor-widget-heading\" data-id=\"4bb62aa\" data-element_type=\"widget\" data-e-type=\"widget\" data-widget_type=\"heading.default\">\n\t\t\t\t\t<h2 class=\"elementor-heading-title elementor-size-default\">A\u0219a v\u0103 pute\u021bi \u00eenregistra<\/h2>\t\t\t\t<\/div>\n\t\t\t\t<div class=\"elementor-element elementor-element-1ca05b3 elementor-widget elementor-widget-text-editor\" data-id=\"1ca05b3\" data-element_type=\"widget\" data-e-type=\"widget\" data-widget_type=\"text-editor.default\">\n\t\t\t\t\t\t\t\t\t<p><strong>Orele de \u00eenregistrare:<\/strong><br \/>Luni \u0219i Miercuri 17:00 \u2013 19:00<\/p><p><strong>Orele de curs:<\/strong><br \/>Luni &amp; Miercuri 19:00 \u2013 20:30<\/p><p>S\u0103 te avem cu ai no\u0219tri <strong>Scoala de soferi in Durmersheim <\/strong>Pentru a v\u0103 \u00eenscrie, pute\u021bi completa urm\u0103torul formular. Vom reveni apoi la D<span style=\"font-style: inherit; font-weight: inherit; color: var(--ast-global-color-3);\">eu!<\/span><\/p>\t\t\t\t\t\t\t\t<\/div>\n\t\t\t\t<div class=\"elementor-element elementor-element-c5930d4 elementor-widget elementor-widget-heading\" data-id=\"c5930d4\" data-element_type=\"widget\" data-e-type=\"widget\" data-widget_type=\"heading.default\">\n\t\t\t\t\t<h2 class=\"elementor-heading-title elementor-size-default\">\u00cenregistreaz\u0103-te \u00een doar 5 minute:<\/h2>\t\t\t\t<\/div>\n\t\t\t\t<div class=\"elementor-element elementor-element-5bd748c elementor-widget elementor-widget-text-editor\" data-id=\"5bd748c\" data-element_type=\"widget\" data-e-type=\"widget\" data-widget_type=\"text-editor.default\">\n\t\t\t\t\t\t\t\t\t<form action=\"https:\/\/api.fahrschulmanager.de\/v1\/onlineanmeldung\/authenticate?t=dZFoxos57UFc4ZBidAJsOiVchMdg%2FHbQTK34mt5Q2EctR0T%2BueyB2fRxya1plaaiMcxrQPgjSnEeFyJd3uqRQw%3D%3D\" method=\"POST\" target=\"_parent\" data-trp-original-action=\"https:\/\/api.fahrschulmanager.de\/v1\/onlineanmeldung\/authenticate?t=dZFoxos57UFc4ZBidAJsOiVchMdg%2FHbQTK34mt5Q2EctR0T%2BueyB2fRxya1plaaiMcxrQPgjSnEeFyJd3uqRQw%3D%3D\"> <button type=\"submit\">Pentru \u00eenregistrare<\/button> <input type=\"hidden\" name=\"trp-form-language\" value=\"ro\"\/><\/form>\t\t\t\t\t\t\t\t<\/div>\n\t\t\t\t\t<\/div>\n\t\t<\/div>\n\t\t\t\t\t<\/div>\n\t\t<\/section>\n\t\t\t\t<\/div>","protected":false},"excerpt":{"rendered":"<p>\u00censcriere la \u0219coala de \u0219oferi Durmersheim Filiala noastr\u0103 din Durmersheim se afl\u0103 pe Hauptstra\u00dfe 129. Cum v\u0103 pute\u021bi \u00eenscrie: Programul \u00eenscrierilor: Luni \u0219i miercuri 17:00 \u2013 19:00 Programul lec\u021biilor: Luni \u0219i miercuri 19:00 \u2013 20:30 Pentru a v\u0103 \u00eenscrie la \u0219coala noastr\u0103 de \u0219oferi din Durmersheim, v\u0103 rug\u0103m s\u0103 completa\u021bi urm\u0103torul formular. V\u0103 vom contacta apoi! \u00cenregistra\u021bi-v\u0103 \u00een doar 5 minute: \u00cenregistra\u021bi-v\u0103 aici<\/p>","protected":false},"author":1,"featured_media":0,"parent":15,"menu_order":0,"comment_status":"closed","ping_status":"closed","template":"","meta":{"site-sidebar-layout":"no-sidebar","site-content-layout":"page-builder","ast-site-content-layout":"","site-content-style":"default","site-sidebar-style":"default","ast-global-header-display":"","ast-banner-title-visibility":"","ast-main-header-display":"","ast-hfb-above-header-display":"","ast-hfb-below-header-display":"","ast-hfb-mobile-header-display":"","site-post-title":"disabled","ast-breadcrumbs-content":"disabled","ast-featured-img":"disabled","footer-sml-layout":"","theme-transparent-header-meta":"enabled","adv-header-id-meta":"","stick-header-meta":"","header-above-stick-meta":"","header-main-stick-meta":"","header-below-stick-meta":"","astra-migrate-meta-layouts":"default","ast-page-background-enabled":"default","ast-page-background-meta":{"desktop":{"background-color":"var(--ast-global-color-4)","background-image":"","background-repeat":"repeat","background-position":"center center","background-size":"auto","background-attachment":"scroll","background-type":"","background-media":"","overlay-type":"","overlay-color":"","overlay-opacity":"","overlay-gradient":""},"tablet":{"background-color":"","background-image":"","background-repeat":"repeat","background-position":"center center","background-size":"auto","background-attachment":"scroll","background-type":"","background-media":"","overlay-type":"","overlay-color":"","overlay-opacity":"","overlay-gradient":""},"mobile":{"background-color":"","background-image":"","background-repeat":"repeat","background-position":"center center","background-size":"auto","background-attachment":"scroll","background-type":"","background-media":"","overlay-type":"","overlay-color":"","overlay-opacity":"","overlay-gradient":""}},"ast-content-background-meta":{"desktop":{"background-color":"var(--ast-global-color-5)","background-image":"","background-repeat":"repeat","background-position":"center center","background-size":"auto","background-attachment":"scroll","background-type":"","background-media":"","overlay-type":"","overlay-color":"","overlay-opacity":"","overlay-gradient":""},"tablet":{"background-color":"var(--ast-global-color-5)","background-image":"","background-repeat":"repeat","background-position":"center center","background-size":"auto","background-attachment":"scroll","background-type":"","background-media":"","overlay-type":"","overlay-color":"","overlay-opacity":"","overlay-gradient":""},"mobile":{"background-color":"var(--ast-global-color-5)","background-image":"","background-repeat":"repeat","background-position":"center center","background-size":"auto","background-attachment":"scroll","background-type":"","background-media":"","overlay-type":"","overlay-color":"","overlay-opacity":"","overlay-gradient":""}},"footnotes":""},"class_list":["post-1158","page","type-page","status-publish","hentry"],"_links":{"self":[{"href":"https:\/\/patricks-fahrschule.de\/ro\/wp-json\/wp\/v2\/pages\/1158","targetHints":{"allow":["GET"]}}],"collection":[{"href":"https:\/\/patricks-fahrschule.de\/ro\/wp-json\/wp\/v2\/pages"}],"about":[{"href":"https:\/\/patricks-fahrschule.de\/ro\/wp-json\/wp\/v2\/types\/page"}],"author":[{"embeddable":true,"href":"https:\/\/patricks-fahrschule.de\/ro\/wp-json\/wp\/v2\/users\/1"}],"replies":[{"embeddable":true,"href":"https:\/\/patricks-fahrschule.de\/ro\/wp-json\/wp\/v2\/comments?post=1158"}],"version-history":[{"count":0,"href":"https:\/\/patricks-fahrschule.de\/ro\/wp-json\/wp\/v2\/pages\/1158\/revisions"}],"up":[{"embeddable":true,"href":"https:\/\/patricks-fahrschule.de\/ro\/wp-json\/wp\/v2\/pages\/15"}],"wp:attachment":[{"href":"https:\/\/patricks-fahrschule.de\/ro\/wp-json\/wp\/v2\/media?parent=1158"}],"curies":[{"name":"wp","href":"https:\/\/api.w.org\/{rel}","templated":true}]}}