{"id":1168,"date":"2023-03-09T18:55:34","date_gmt":"2023-03-09T18:55:34","guid":{"rendered":"https:\/\/patricks-fahrschule.de\/?page_id=1168"},"modified":"2025-02-13T12:43:21","modified_gmt":"2025-02-13T12:43:21","slug":"fahrschule-iffezheim","status":"publish","type":"page","link":"https:\/\/patricks-fahrschule.de\/ro\/locatii\/scoala-de-soferi-din-ifezheim\/","title":{"rendered":"scoala de soferi din Ifezheim"},"content":{"rendered":"<div data-elementor-type=\"wp-page\" data-elementor-id=\"1168\" class=\"elementor elementor-1168\" data-elementor-post-type=\"page\">\n\t\t\t\t\t\t<section class=\"elementor-section elementor-top-section elementor-element elementor-element-b83fba0 elementor-section-boxed elementor-section-height-default elementor-section-height-default\" data-id=\"b83fba0\" data-element_type=\"section\" data-e-type=\"section\" data-settings=\"{&quot;background_background&quot;:&quot;classic&quot;}\">\n\t\t\t\t\t\t\t<div class=\"elementor-background-overlay\"><\/div>\n\t\t\t\t\t\t\t<div class=\"elementor-container elementor-column-gap-no\">\n\t\t\t\t\t<div class=\"elementor-column elementor-col-100 elementor-top-column elementor-element elementor-element-9881aa0\" data-id=\"9881aa0\" data-element_type=\"column\" data-e-type=\"column\">\n\t\t\t<div class=\"elementor-widget-wrap elementor-element-populated\">\n\t\t\t\t\t\t<div class=\"elementor-element elementor-element-3a44f19 elementor-widget elementor-widget-image\" data-id=\"3a44f19\" data-element_type=\"widget\" data-e-type=\"widget\" data-widget_type=\"image.default\">\n\t\t\t\t\t\t\t\t\t\t\t\t\t\t\t<img decoding=\"async\" src=\"https:\/\/patricks-fahrschule.de\/wp-content\/uploads\/2023\/02\/logo-gruen.svg\" title=\"logo-verde\" alt=\"logo-verde\" loading=\"lazy\" \/>\t\t\t\t\t\t\t\t\t\t\t\t\t\t\t<\/div>\n\t\t\t\t<div class=\"elementor-element elementor-element-c5aaabc elementor-widget elementor-widget-heading\" data-id=\"c5aaabc\" data-element_type=\"widget\" data-e-type=\"widget\" data-widget_type=\"heading.default\">\n\t\t\t\t\t<h1 class=\"elementor-heading-title elementor-size-default\">scoala de soferi din Ifezheim<\/h1>\t\t\t\t<\/div>\n\t\t\t\t<div class=\"elementor-element elementor-element-e1b1607 elementor-widget elementor-widget-rating\" data-id=\"e1b1607\" data-element_type=\"widget\" data-e-type=\"widget\" data-widget_type=\"rating.default\">\n\t\t\t\t\t\t\t<div class=\"e-rating\" itemtype=\"https:\/\/schema.org\/Rating\" itemscope=\"\" itemprop=\"reviewRating\">\n\t\t\t<meta itemprop=\"worstRating\" content=\"0\">\n\t\t\t<meta itemprop=\"bestRating\" content=\"5\">\n\t\t\t<div class=\"e-rating-wrapper\" itemprop=\"ratingValue\" content=\"5\" role=\"img\" aria-label=\"Evaluat cu 5 din 5\">\n\t\t\t\t\t\t\t<div class=\"e-icon\">\n\t\t\t\t<div class=\"e-icon-wrapper e-icon-marked\">\n\t\t\t\t\t<i aria-hidden=\"true\" class=\"eicon-star\"><\/i>\t\t\t\t<\/div>\n\t\t\t\t<div class=\"e-icon-wrapper e-icon-unmarked\">\n\t\t\t\t\t<i aria-hidden=\"true\" class=\"eicon-star\"><\/i>\t\t\t\t<\/div>\n\t\t\t<\/div>\n\t\t\t\t\t\t<div class=\"e-icon\">\n\t\t\t\t<div class=\"e-icon-wrapper e-icon-marked\">\n\t\t\t\t\t<i aria-hidden=\"true\" class=\"eicon-star\"><\/i>\t\t\t\t<\/div>\n\t\t\t\t<div class=\"e-icon-wrapper e-icon-unmarked\">\n\t\t\t\t\t<i aria-hidden=\"true\" class=\"eicon-star\"><\/i>\t\t\t\t<\/div>\n\t\t\t<\/div>\n\t\t\t\t\t\t<div class=\"e-icon\">\n\t\t\t\t<div class=\"e-icon-wrapper e-icon-marked\">\n\t\t\t\t\t<i aria-hidden=\"true\" class=\"eicon-star\"><\/i>\t\t\t\t<\/div>\n\t\t\t\t<div class=\"e-icon-wrapper e-icon-unmarked\">\n\t\t\t\t\t<i aria-hidden=\"true\" class=\"eicon-star\"><\/i>\t\t\t\t<\/div>\n\t\t\t<\/div>\n\t\t\t\t\t\t<div class=\"e-icon\">\n\t\t\t\t<div class=\"e-icon-wrapper e-icon-marked\">\n\t\t\t\t\t<i aria-hidden=\"true\" class=\"eicon-star\"><\/i>\t\t\t\t<\/div>\n\t\t\t\t<div class=\"e-icon-wrapper e-icon-unmarked\">\n\t\t\t\t\t<i aria-hidden=\"true\" class=\"eicon-star\"><\/i>\t\t\t\t<\/div>\n\t\t\t<\/div>\n\t\t\t\t\t\t<div class=\"e-icon\">\n\t\t\t\t<div class=\"e-icon-wrapper e-icon-marked\">\n\t\t\t\t\t<i aria-hidden=\"true\" class=\"eicon-star\"><\/i>\t\t\t\t<\/div>\n\t\t\t\t<div class=\"e-icon-wrapper e-icon-unmarked\">\n\t\t\t\t\t<i aria-hidden=\"true\" class=\"eicon-star\"><\/i>\t\t\t\t<\/div>\n\t\t\t<\/div>\n\t\t\t\t\t\t<\/div>\n\t\t<\/div>\n\t\t\t\t\t\t<\/div>\n\t\t\t\t<div class=\"elementor-element elementor-element-f3288b8 elementor-widget elementor-widget-text-editor\" data-id=\"f3288b8\" data-element_type=\"widget\" data-e-type=\"widget\" data-widget_type=\"text-editor.default\">\n\t\t\t\t\t\t\t\t\t<form action=\"https:\/\/api.fahrschulmanager.de\/v1\/onlineanmeldung\/authenticate?t=dZFoxos57UFc4ZBidAJsOiVchMdg%2FHbQTK34mt5Q2EctR0T%2BueyB2fRxya1plaaiMcxrQPgjSnEeFyJd3uqRQw%3D%3D\" method=\"POST\" target=\"_parent\" data-trp-original-action=\"https:\/\/api.fahrschulmanager.de\/v1\/onlineanmeldung\/authenticate?t=dZFoxos57UFc4ZBidAJsOiVchMdg%2FHbQTK34mt5Q2EctR0T%2BueyB2fRxya1plaaiMcxrQPgjSnEeFyJd3uqRQw%3D%3D\"><button type=\"submit\">Pentru \u00eenregistrare<\/button><input type=\"hidden\" name=\"trp-form-language\" value=\"ro\"\/><\/form>\t\t\t\t\t\t\t\t<\/div>\n\t\t\t\t\t<\/div>\n\t\t<\/div>\n\t\t\t\t\t<\/div>\n\t\t<\/section>\n\t\t\t\t<section class=\"elementor-section elementor-top-section elementor-element elementor-element-b7dfd94 elementor-section-boxed elementor-section-height-default elementor-section-height-default\" data-id=\"b7dfd94\" data-element_type=\"section\" data-e-type=\"section\" data-settings=\"{&quot;background_background&quot;:&quot;classic&quot;}\">\n\t\t\t\t\t\t<div class=\"elementor-container elementor-column-gap-no\">\n\t\t\t\t\t<div class=\"elementor-column elementor-col-100 elementor-top-column elementor-element elementor-element-f59d182\" data-id=\"f59d182\" data-element_type=\"column\" data-e-type=\"column\">\n\t\t\t<div class=\"elementor-widget-wrap elementor-element-populated\">\n\t\t\t\t\t\t<div class=\"elementor-element elementor-element-bf715df elementor-widget elementor-widget-heading\" data-id=\"bf715df\" data-element_type=\"widget\" data-e-type=\"widget\" data-widget_type=\"heading.default\">\n\t\t\t\t\t<h2 class=\"elementor-heading-title elementor-size-default\">\u0218coala noastr\u0103 de \u0219oferi din Iffezheim<\/h2>\t\t\t\t<\/div>\n\t\t\t\t<div class=\"elementor-element elementor-element-b0b4a9f elementor-widget elementor-widget-text-editor\" data-id=\"b0b4a9f\" data-element_type=\"widget\" data-e-type=\"widget\" data-widget_type=\"text-editor.default\">\n\t\t\t\t\t\t\t\t\t<p>Strada Principal\u0103 14<\/p>\t\t\t\t\t\t\t\t<\/div>\n\t\t\t\t<div class=\"elementor-element elementor-element-38b4fa7 elementor-widget elementor-widget-text-editor\" data-id=\"38b4fa7\" data-element_type=\"widget\" data-e-type=\"widget\" data-widget_type=\"text-editor.default\">\n\t\t\t\t\t\t\t\t\t<iframe width=\"425\" height=\"350\" src=\"https:\/\/www.openstreetmap.org\/export\/embed.html?bbox=8.143425285816194%2C48.820403629621566%2C8.149825036525728%2C48.822420388474036&amp;layer=mapnik&amp;marker=48.82141201919157%2C8.14662516117096\" style=\"border: 1px solid black\"><\/iframe><br\/><small><a href=\"https:\/\/www.openstreetmap.org\/?mlat=48.82141&amp;mlon=8.14663#map=19\/48.82141\/8.14663\" target=\"_blank\" rel=\"noopener\">Vede\u021bi harta mai mare<\/a><\/small>\t\t\t\t\t\t\t\t<\/div>\n\t\t\t\t\t<\/div>\n\t\t<\/div>\n\t\t\t\t\t<\/div>\n\t\t<\/section>\n\t\t\t\t<section class=\"elementor-section elementor-top-section elementor-element elementor-element-bb20aa9 elementor-section-boxed elementor-section-height-default elementor-section-height-default\" data-id=\"bb20aa9\" data-element_type=\"section\" data-e-type=\"section\" data-settings=\"{&quot;background_background&quot;:&quot;classic&quot;}\">\n\t\t\t\t\t\t<div class=\"elementor-container elementor-column-gap-default\">\n\t\t\t\t\t<div class=\"elementor-column elementor-col-100 elementor-top-column elementor-element elementor-element-bcd38ea\" data-id=\"bcd38ea\" data-element_type=\"column\" data-e-type=\"column\">\n\t\t\t<div class=\"elementor-widget-wrap elementor-element-populated\">\n\t\t\t\t\t\t<div class=\"elementor-element elementor-element-559442f elementor-widget elementor-widget-image-gallery\" data-id=\"559442f\" data-element_type=\"widget\" data-e-type=\"widget\" data-widget_type=\"image-gallery.default\">\n\t\t\t\t\t\t\t<div class=\"elementor-image-gallery\">\n\t\t\t<div id='gallery-1' class='gallery galleryid-1168 gallery-columns-4 gallery-size-medium'><figure class='gallery-item'>\n\t\t\t<div class='gallery-icon landscape'>\n\t\t\t\t<a data-elementor-open-lightbox=\"yes\" data-elementor-lightbox-slideshow=\"559442f\" data-elementor-lightbox-title=\"Filiale_Iffezheim_au\u00dfen\" data-e-action-hash=\"#elementor-action%3Aaction%3Dlightbox%26settings%3DeyJpZCI6NzI1LCJ1cmwiOiJodHRwczpcL1wvcGF0cmlja3MtZmFocnNjaHVsZS5kZVwvd3AtY29udGVudFwvdXBsb2Fkc1wvMjAyM1wvMDNcL0ZpbGlhbGVfSWZmZXpoZWltX2F1c3Nlbi1zY2FsZWQuanBnIiwic2xpZGVzaG93IjoiNTU5NDQyZiJ9\" href=\"https:\/\/patricks-fahrschule.de\/wp-content\/uploads\/2023\/03\/Filiale_Iffezheim_aussen-scaled.jpg\"><img fetchpriority=\"high\" decoding=\"async\" width=\"300\" height=\"257\" src=\"https:\/\/patricks-fahrschule.de\/wp-content\/uploads\/2023\/03\/Filiale_Iffezheim_aussen-300x257.jpg\" class=\"attachment-medium size-medium\" alt=\"\" srcset=\"https:\/\/patricks-fahrschule.de\/wp-content\/uploads\/2023\/03\/Filiale_Iffezheim_aussen-300x257.jpg 300w, https:\/\/patricks-fahrschule.de\/wp-content\/uploads\/2023\/03\/Filiale_Iffezheim_aussen-1024x876.jpg 1024w, https:\/\/patricks-fahrschule.de\/wp-content\/uploads\/2023\/03\/Filiale_Iffezheim_aussen-768x657.jpg 768w, https:\/\/patricks-fahrschule.de\/wp-content\/uploads\/2023\/03\/Filiale_Iffezheim_aussen-1536x1313.jpg 1536w, https:\/\/patricks-fahrschule.de\/wp-content\/uploads\/2023\/03\/Filiale_Iffezheim_aussen-2048x1751.jpg 2048w\" sizes=\"(max-width: 300px) 100vw, 300px\" title=\"\"><\/a>\n\t\t\t<\/div><\/figure><figure class='gallery-item'>\n\t\t\t<div class='gallery-icon portrait'>\n\t\t\t\t<a data-elementor-open-lightbox=\"yes\" data-elementor-lightbox-slideshow=\"559442f\" data-elementor-lightbox-title=\"Filiale_Iffezheim_innen_1\" data-e-action-hash=\"#elementor-action%3Aaction%3Dlightbox%26settings%3DeyJpZCI6ODg3LCJ1cmwiOiJodHRwczpcL1wvcGF0cmlja3MtZmFocnNjaHVsZS5kZVwvd3AtY29udGVudFwvdXBsb2Fkc1wvMjAyM1wvMDNcL0ZpbGlhbGVfSWZmZXpoZWltX2lubmVuXzEtc2NhbGVkLmpwZyIsInNsaWRlc2hvdyI6IjU1OTQ0MmYifQ%3D%3D\" href=\"https:\/\/patricks-fahrschule.de\/wp-content\/uploads\/2023\/03\/Filiale_Iffezheim_innen_1-scaled.jpg\"><img decoding=\"async\" width=\"200\" height=\"300\" src=\"https:\/\/patricks-fahrschule.de\/wp-content\/uploads\/2023\/03\/Filiale_Iffezheim_innen_1-200x300.jpg\" class=\"attachment-medium size-medium\" alt=\"\" srcset=\"https:\/\/patricks-fahrschule.de\/wp-content\/uploads\/2023\/03\/Filiale_Iffezheim_innen_1-200x300.jpg 200w, https:\/\/patricks-fahrschule.de\/wp-content\/uploads\/2023\/03\/Filiale_Iffezheim_innen_1-683x1024.jpg 683w, https:\/\/patricks-fahrschule.de\/wp-content\/uploads\/2023\/03\/Filiale_Iffezheim_innen_1-768x1151.jpg 768w, https:\/\/patricks-fahrschule.de\/wp-content\/uploads\/2023\/03\/Filiale_Iffezheim_innen_1-1025x1536.jpg 1025w, https:\/\/patricks-fahrschule.de\/wp-content\/uploads\/2023\/03\/Filiale_Iffezheim_innen_1-1367x2048.jpg 1367w, https:\/\/patricks-fahrschule.de\/wp-content\/uploads\/2023\/03\/Filiale_Iffezheim_innen_1-scaled.jpg 1708w\" sizes=\"(max-width: 200px) 100vw, 200px\" title=\"\"><\/a>\n\t\t\t<\/div><\/figure><figure class='gallery-item'>\n\t\t\t<div class='gallery-icon portrait'>\n\t\t\t\t<a data-elementor-open-lightbox=\"yes\" data-elementor-lightbox-slideshow=\"559442f\" data-elementor-lightbox-title=\"Filiale_Iffezheim_innen_2\" data-e-action-hash=\"#elementor-action%3Aaction%3Dlightbox%26settings%3DeyJpZCI6ODg2LCJ1cmwiOiJodHRwczpcL1wvcGF0cmlja3MtZmFocnNjaHVsZS5kZVwvd3AtY29udGVudFwvdXBsb2Fkc1wvMjAyM1wvMDNcL0ZpbGlhbGVfSWZmZXpoZWltX2lubmVuXzItc2NhbGVkLmpwZyIsInNsaWRlc2hvdyI6IjU1OTQ0MmYifQ%3D%3D\" href=\"https:\/\/patricks-fahrschule.de\/wp-content\/uploads\/2023\/03\/Filiale_Iffezheim_innen_2-scaled.jpg\"><img decoding=\"async\" width=\"251\" height=\"300\" src=\"https:\/\/patricks-fahrschule.de\/wp-content\/uploads\/2023\/03\/Filiale_Iffezheim_innen_2-251x300.jpg\" class=\"attachment-medium size-medium\" alt=\"\" srcset=\"https:\/\/patricks-fahrschule.de\/wp-content\/uploads\/2023\/03\/Filiale_Iffezheim_innen_2-251x300.jpg 251w, https:\/\/patricks-fahrschule.de\/wp-content\/uploads\/2023\/03\/Filiale_Iffezheim_innen_2-856x1024.jpg 856w, https:\/\/patricks-fahrschule.de\/wp-content\/uploads\/2023\/03\/Filiale_Iffezheim_innen_2-768x919.jpg 768w, https:\/\/patricks-fahrschule.de\/wp-content\/uploads\/2023\/03\/Filiale_Iffezheim_innen_2-1284x1536.jpg 1284w, https:\/\/patricks-fahrschule.de\/wp-content\/uploads\/2023\/03\/Filiale_Iffezheim_innen_2-1712x2048.jpg 1712w\" sizes=\"(max-width: 251px) 100vw, 251px\" title=\"\"><\/a>\n\t\t\t<\/div><\/figure>\n\t\t<\/div>\n\t\t<\/div>\n\t\t\t\t\t\t<\/div>\n\t\t\t\t\t<\/div>\n\t\t<\/div>\n\t\t\t\t\t<\/div>\n\t\t<\/section>\n\t\t\t\t<section class=\"elementor-section elementor-top-section elementor-element elementor-element-bee2605 elementor-section-boxed elementor-section-height-default elementor-section-height-default\" data-id=\"bee2605\" data-element_type=\"section\" data-e-type=\"section\" data-settings=\"{&quot;background_background&quot;:&quot;classic&quot;}\">\n\t\t\t\t\t\t<div class=\"elementor-container elementor-column-gap-no\">\n\t\t\t\t\t<div class=\"elementor-column elementor-col-100 elementor-top-column elementor-element elementor-element-a44ec5b\" data-id=\"a44ec5b\" data-element_type=\"column\" data-e-type=\"column\">\n\t\t\t<div class=\"elementor-widget-wrap elementor-element-populated\">\n\t\t\t\t\t\t<div class=\"elementor-element elementor-element-4bb62aa elementor-widget elementor-widget-heading\" data-id=\"4bb62aa\" data-element_type=\"widget\" data-e-type=\"widget\" data-widget_type=\"heading.default\">\n\t\t\t\t\t<h2 class=\"elementor-heading-title elementor-size-default\">A\u0219a v\u0103 pute\u021bi \u00eenregistra<\/h2>\t\t\t\t<\/div>\n\t\t\t\t<div class=\"elementor-element elementor-element-1ca05b3 elementor-widget elementor-widget-text-editor\" data-id=\"1ca05b3\" data-element_type=\"widget\" data-e-type=\"widget\" data-widget_type=\"text-editor.default\">\n\t\t\t\t\t\t\t\t\t<p><strong>Orele de \u00eenregistrare:<\/strong><br>Mar\u021bi \u0219i Joi 17:00 \u2013 19:00<\/p>\n<p><strong>Orele de curs:<\/strong><br>Mar\u021bi \u0219i Joi 19:00 \u2013 20:30<\/p>\n<p>S\u0103 te avem cu ai no\u0219tri <strong>Scoala de soferi in Iffezheim <\/strong>Pentru a v\u0103 \u00eenscrie, pute\u021bi completa urm\u0103torul formular. Vom reveni apoi la tine!<\/p>\t\t\t\t\t\t\t\t<\/div>\n\t\t\t\t<div class=\"elementor-element elementor-element-0855eb5 elementor-widget elementor-widget-text-editor\" data-id=\"0855eb5\" data-element_type=\"widget\" data-e-type=\"widget\" data-widget_type=\"text-editor.default\">\n\t\t\t\t\t\t\t\t\t<form action=\"https:\/\/api.fahrschulmanager.de\/v1\/onlineanmeldung\/authenticate?t=dZFoxos57UFc4ZBidAJsOiVchMdg%2FHbQTK34mt5Q2EctR0T%2BueyB2fRxya1plaaiMcxrQPgjSnEeFyJd3uqRQw%3D%3D\" method=\"POST\" target=\"_parent\" data-trp-original-action=\"https:\/\/api.fahrschulmanager.de\/v1\/onlineanmeldung\/authenticate?t=dZFoxos57UFc4ZBidAJsOiVchMdg%2FHbQTK34mt5Q2EctR0T%2BueyB2fRxya1plaaiMcxrQPgjSnEeFyJd3uqRQw%3D%3D\"> <button type=\"submit\">Pentru \u00eenregistrare<\/button> <input type=\"hidden\" name=\"trp-form-language\" value=\"ro\"\/><\/form>\t\t\t\t\t\t\t\t<\/div>\n\t\t\t\t\t<\/div>\n\t\t<\/div>\n\t\t\t\t\t<\/div>\n\t\t<\/section>\n\t\t\t\t<section class=\"elementor-section elementor-top-section elementor-element elementor-element-266724c elementor-section-content-middle elementor-section-boxed elementor-section-height-default elementor-section-height-default\" data-id=\"266724c\" data-element_type=\"section\" data-e-type=\"section\" data-settings=\"{&quot;background_background&quot;:&quot;classic&quot;}\">\n\t\t\t\t\t\t<div class=\"elementor-container elementor-column-gap-default\">\n\t\t\t\t\t<div class=\"elementor-column elementor-col-66 elementor-top-column elementor-element elementor-element-0afe5ef\" data-id=\"0afe5ef\" data-element_type=\"column\" data-e-type=\"column\">\n\t\t\t<div class=\"elementor-widget-wrap elementor-element-populated\">\n\t\t\t\t\t\t<div class=\"elementor-element elementor-element-64183e9 elementor-widget elementor-widget-text-editor\" data-id=\"64183e9\" data-element_type=\"widget\" data-e-type=\"widget\" data-widget_type=\"text-editor.default\">\n\t\t\t\t\t\t\t\t\t<h2>Inregistrare telefonica<\/h2><p>Se pot inregistra si telefonic!<\/p>\t\t\t\t\t\t\t\t<\/div>\n\t\t\t\t\t<\/div>\n\t\t<\/div>\n\t\t\t\t<div class=\"elementor-column elementor-col-33 elementor-top-column elementor-element elementor-element-946191f\" data-id=\"946191f\" data-element_type=\"column\" data-e-type=\"column\">\n\t\t\t<div class=\"elementor-widget-wrap elementor-element-populated\">\n\t\t\t\t\t\t<div class=\"elementor-element elementor-element-e6bcae2 elementor-widget elementor-widget-text-editor\" data-id=\"e6bcae2\" data-element_type=\"widget\" data-e-type=\"widget\" data-widget_type=\"text-editor.default\">\n\t\t\t\t\t\t\t\t\t<p><span style=\"text-decoration: underline;\">\ud83d\udcde <a href=\"tel: 491708228780\" data-dtype=\"d3ph\" data-local-attribute=\"d3ph\" data-ved=\"2ahUKEwjCpLyq_s79AhXqSPEDHWfSAVoQkAgoAHoECEkQAw\"><span aria-label=\"Sun\u0103 la 0170 8228780\">0170 8228780<\/span><\/a><\/span><\/p>\t\t\t\t\t\t\t\t<\/div>\n\t\t\t\t\t<\/div>\n\t\t<\/div>\n\t\t\t\t\t<\/div>\n\t\t<\/section>\n\t\t\t\t<\/div>","protected":false},"excerpt":{"rendered":"<p>\u0218coala de \u0219oferi Iffezheim Pentru \u00eenscriere \u0218coala noastr\u0103 de \u0219oferi din Iffezheim Hauptstra\u00dfe 14 Vede\u021bi o hart\u0103 mai mare Cum s\u0103 v\u0103 \u00eenscrie\u021bi Orele de \u00eenscriere: Mar\u021bi \u0219i joi 17:00 - 19:00 Orele cursurilor: Mar\u021bi \u0219i joi 19:00 - 20:30 Pentru a v\u0103 \u00eenscrie la \u0219coala noastr\u0103 de \u0219oferi din Iffezheim, v\u0103 rug\u0103m s\u0103 completa\u021bi urm\u0103torul formular. V\u0103 vom contacta ulterior! Pentru \u00eenscriere \u00cenregistra\u021bi-v\u0103 telefonic [\u2026]<\/p>","protected":false},"author":1,"featured_media":0,"parent":15,"menu_order":0,"comment_status":"closed","ping_status":"closed","template":"","meta":{"site-sidebar-layout":"no-sidebar","site-content-layout":"page-builder","ast-site-content-layout":"","site-content-style":"default","site-sidebar-style":"default","ast-global-header-display":"","ast-banner-title-visibility":"","ast-main-header-display":"","ast-hfb-above-header-display":"","ast-hfb-below-header-display":"","ast-hfb-mobile-header-display":"","site-post-title":"disabled","ast-breadcrumbs-content":"disabled","ast-featured-img":"disabled","footer-sml-layout":"","theme-transparent-header-meta":"enabled","adv-header-id-meta":"","stick-header-meta":"","header-above-stick-meta":"","header-main-stick-meta":"","header-below-stick-meta":"","astra-migrate-meta-layouts":"default","ast-page-background-enabled":"default","ast-page-background-meta":{"desktop":{"background-color":"var(--ast-global-color-4)","background-image":"","background-repeat":"repeat","background-position":"center center","background-size":"auto","background-attachment":"scroll","background-type":"","background-media":"","overlay-type":"","overlay-color":"","overlay-opacity":"","overlay-gradient":""},"tablet":{"background-color":"","background-image":"","background-repeat":"repeat","background-position":"center center","background-size":"auto","background-attachment":"scroll","background-type":"","background-media":"","overlay-type":"","overlay-color":"","overlay-opacity":"","overlay-gradient":""},"mobile":{"background-color":"","background-image":"","background-repeat":"repeat","background-position":"center center","background-size":"auto","background-attachment":"scroll","background-type":"","background-media":"","overlay-type":"","overlay-color":"","overlay-opacity":"","overlay-gradient":""}},"ast-content-background-meta":{"desktop":{"background-color":"var(--ast-global-color-5)","background-image":"","background-repeat":"repeat","background-position":"center center","background-size":"auto","background-attachment":"scroll","background-type":"","background-media":"","overlay-type":"","overlay-color":"","overlay-opacity":"","overlay-gradient":""},"tablet":{"background-color":"var(--ast-global-color-5)","background-image":"","background-repeat":"repeat","background-position":"center center","background-size":"auto","background-attachment":"scroll","background-type":"","background-media":"","overlay-type":"","overlay-color":"","overlay-opacity":"","overlay-gradient":""},"mobile":{"background-color":"var(--ast-global-color-5)","background-image":"","background-repeat":"repeat","background-position":"center center","background-size":"auto","background-attachment":"scroll","background-type":"","background-media":"","overlay-type":"","overlay-color":"","overlay-opacity":"","overlay-gradient":""}},"footnotes":""},"class_list":["post-1168","page","type-page","status-publish","hentry"],"_links":{"self":[{"href":"https:\/\/patricks-fahrschule.de\/ro\/wp-json\/wp\/v2\/pages\/1168","targetHints":{"allow":["GET"]}}],"collection":[{"href":"https:\/\/patricks-fahrschule.de\/ro\/wp-json\/wp\/v2\/pages"}],"about":[{"href":"https:\/\/patricks-fahrschule.de\/ro\/wp-json\/wp\/v2\/types\/page"}],"author":[{"embeddable":true,"href":"https:\/\/patricks-fahrschule.de\/ro\/wp-json\/wp\/v2\/users\/1"}],"replies":[{"embeddable":true,"href":"https:\/\/patricks-fahrschule.de\/ro\/wp-json\/wp\/v2\/comments?post=1168"}],"version-history":[{"count":0,"href":"https:\/\/patricks-fahrschule.de\/ro\/wp-json\/wp\/v2\/pages\/1168\/revisions"}],"up":[{"embeddable":true,"href":"https:\/\/patricks-fahrschule.de\/ro\/wp-json\/wp\/v2\/pages\/15"}],"wp:attachment":[{"href":"https:\/\/patricks-fahrschule.de\/ro\/wp-json\/wp\/v2\/media?parent=1168"}],"curies":[{"name":"wp","href":"https:\/\/api.w.org\/{rel}","templated":true}]}}