{"id":2889,"date":"2025-05-13T08:47:54","date_gmt":"2025-05-13T08:47:54","guid":{"rendered":"https:\/\/patricks-fahrschule.de\/?page_id=2889"},"modified":"2025-07-29T07:02:08","modified_gmt":"2025-07-29T07:02:08","slug":"erste-hilfe-kurs-rastatt","status":"publish","type":"page","link":"https:\/\/patricks-fahrschule.de\/ro\/curs-de-prim-ajutor-rastatt\/","title":{"rendered":"Curs de prim ajutor Rastatt"},"content":{"rendered":"<p>Cau\u021bi un curs de prim ajutor \u00een Rastatt care s\u0103 nu fie plictisitor, ci variat \u0219i informativ? Atunci \u0218coala de \u0218oferi Patrick este locul potrivit pentru tine!<\/p>\n\n\n\n<div class=\"wp-block-buttons is-layout-flex wp-block-buttons-is-layout-flex\">\n<div class=\"wp-block-button\"><a class=\"wp-block-button__link wp-element-button\" href=\"#anmelden\">\u00cenregistreaz\u0103-te aici!<\/a><\/div>\n<\/div>\n\n\n\n<h2 class=\"wp-block-heading\">De ce s\u0103 urmezi cursul de prim ajutor cu noi?<\/h2>\n\n\n\n<ul class=\"wp-block-list\">\n<li><strong>\u00cenregistrare u\u0219oar\u0103:<\/strong> Rezerv\u0103-\u021bi cursul online \u00een mod convenabil \u0219i alege o dat\u0103 potrivit\u0103 \u00een mod flexibil.<\/li>\n\n\n\n<li><strong>Pentru toate clasele de permise de conducere:<\/strong> Indiferent dac\u0103 conduce\u021bi o ma\u0219in\u0103, o motociclet\u0103, un scuter, o moped, un camion sau un taxi \u2013 cursul nostru este recunoscut pentru toate clasele de permis de conducere.<\/li>\n\n\n\n<li><strong>Primii ajutoritori ai companiei:<\/strong> Cursul nostru este ideal pentru instruirea \u00een prim ajutor a companiilor sau pentru cursuri de perfec\u021bionare a cuno\u0219tin\u021belor.<\/li>\n<\/ul>\n\n\n\n<h2 class=\"wp-block-heading\">Ofertele noastre de cursuri<\/h2>\n\n\n\n<h3 class=\"wp-block-heading\">Cursuri de weekend<\/h3>\n\n\n\n<p>Nu ai chef s\u0103 a\u0219tep\u021bi mult timp pentru o programare potrivit\u0103? Oferim numeroase cursuri de weekend, at\u00e2t s\u00e2mb\u0103ta, c\u00e2t \u0219i duminica!<\/p>\n\n\n\n<h2 class=\"wp-block-heading\"><strong>Test oftalmologic la fa\u021ba locului<\/strong><\/h2>\n\n\n\n<p>Programeaz\u0103-\u021bi testul oftalmologic \u0219i sus\u021bine-\u021bi testul oficial \u00een ziua cursului.&nbsp;<\/p>\n\n\n\n<h2 class=\"wp-block-heading\">Distrac\u021bie \u00een loc de plictiseal\u0103<\/h2>\n\n\n\n<p>Instructorii no\u0219tri tineri \u0219i dinamici se vor asigura c\u0103 cursul dumneavoastr\u0103 de prim ajutor va fi orice, departe de plictisitor. Exemplele vii, exerci\u021biile practice \u0219i con\u021binutul interactiv transform\u0103 cursul \u00eentr-o experien\u021b\u0103 deosebit\u0103.<\/p>\n\n\n\n<h2 class=\"wp-block-heading\">Recunoscut de stat \u0219i valabil la nivel na\u021bional<\/h2>\n\n\n\n<p>Cursurile noastre de la deinestehilfe.de sunt recunoscute legal conform \u00a719 FeV. Certificatul dumneavoastr\u0103 va fi acceptat f\u0103r\u0103 probleme de c\u0103tre fiecare birou de permise de conducere din \u021bar\u0103.<\/p>\n\n\n\n<h2 class=\"wp-block-heading\">Avantaje pe scurt:<\/h2>\n\n\n\n<ul class=\"wp-block-list\">\n<li>\u2705 \u00cenregistrare online cu reducere pentru plata online<\/li>\n\n\n\n<li>\u2705 Cursuri de weekend disponibile<\/li>\n\n\n\n<li>\u2705 Test oftalmologic \u0219i fotografie tip pa\u0219aport disponibile direct la loca\u021bia cursului<\/li>\n\n\n\n<li>\u2705 Cursuri recunoscute legal (\u00a719 FeV)<\/li>\n\n\n\n<li>\u2705 Instructori tineri, dinamici \u0219i motiva\u021bi<\/li>\n<\/ul>\n\n\n\n<h2 class=\"wp-block-heading\">Adres\u0103 \u0219i loca\u021bie<\/h2>\n\n\n\n<p>\ud83d\udccd <strong>\u0219coala de \u0219oferi a lui Patrick<\/strong><br>Paji\u0219tile Inferioare 6<br>76437 Rastatt<\/p>\n\n\n\n<p>\u00cencepe\u021bi acum cursul de prim ajutor \u00een Rastatt \u2013 rapid, u\u0219or \u0219i foarte distractiv!<\/p>\n\n\n\n<p>\ud83d\udc49 <strong>\u00cenregistreaz\u0103-te direct online \u0219i asigur\u0103-\u021bi locul!<\/strong><\/p>\n\n\n\n<h2 class=\"wp-block-heading\" id=\"anmelden\">\u00cenregistrare<\/h2>\n\n\n<div class='fluentform ff-default fluentform_wrapper_5 ffs_default_wrap'><form data-form_id=\"5\" id=\"fluentform_5\" class=\"frm-fluent-form fluent_form_5 ff-el-form-top ff_form_instance_5_1 ff-form-loading ffs_default\" data-form_instance=\"ff_form_instance_5_1\" method=\"POST\" action=\"\" ><fieldset  style=\"border: none!important;margin: 0!important;padding: 0!important;background-color: transparent!important;box-shadow: none!important;outline: none!important; min-inline-size: 100%;\">\n                    <legend class=\"ff_screen_reader_title\" style=\"display: block; margin: 0!important;padding: 0!important;height: 0!important;text-indent: -999999px;width: 0!important;overflow:hidden;\">Formular de contact demonstrativ (#5)<\/legend><p style=\"display: none !important;\" class=\"akismet-fields-container\" data-prefix=\"ak_\"><label>&#916;<textarea name=\"ak_hp_textarea\" cols=\"45\" rows=\"8\" maxlength=\"100\"><\/textarea><\/label><input type=\"hidden\" id=\"ak_js_1\" name=\"ak_js\" value=\"223\"\/><script>document.getElementById( \"ak_js_1\" ).setAttribute( \"value\", ( new Date() ).getTime() );<\/script><\/p><input type='hidden' name='__fluent_form_embded_post_id' value='2889' \/><input type=\"hidden\" id=\"_fluentform_5_fluentformnonce\" name=\"_fluentform_5_fluentformnonce\" value=\"cfc5caae45\" \/><input type=\"hidden\" name=\"_wp_http_referer\" value=\"\/ro\/wp-json\/wp\/v2\/pages\/2889\" \/><div data-type=\"name-element\" data-name=\"names\" class=\"ff-field_container ff-name-field-wrapper\" ><div class='ff-t-container'><div class='ff-t-cell'><div class='ff-el-group'><div class=\"ff-el-input--label ff-el-is-required asterisk-right\"><label for='ff_5_names_first_name_' id='label_ff_5_names_first_name_' >Prenume<\/label><\/div><div class='ff-el-input--content'><input type=\"text\" name=\"names[first_name]\" id=\"ff_5_names_first_name_\" class=\"ff-el-form-control\" placeholder=\"Prenume\" aria-invalid=\"false\" aria-required=\"true\"><\/div><\/div><\/div><div class='ff-t-cell'><div class='ff-el-group'><div class=\"ff-el-input--label ff-el-is-required asterisk-right\"><label for='ff_5_names_last_name_' id='label_ff_5_names_last_name_' >Nume<\/label><\/div><div class='ff-el-input--content'><input type=\"text\" name=\"names[last_name]\" id=\"ff_5_names_last_name_\" class=\"ff-el-form-control\" placeholder=\"Nume\" aria-invalid=\"false\" aria-required=\"true\"><\/div><\/div><\/div><\/div><\/div><div class='ff-el-group'><div class=\"ff-el-input--label ff-el-is-required asterisk-right\"><label for='ff_5_email' id='label_ff_5_email' aria-label=\"Adresa de e-mail\">Adresa de e-mail<\/label><\/div><div class='ff-el-input--content'><input type=\"email\" name=\"email\" id=\"ff_5_email\" class=\"ff-el-form-control\" placeholder=\"Adresa de e-mail\" data-name=\"email\"  aria-invalid=\"false\" aria-required=\"true\"><\/div><\/div><div class='ff-el-group'><div class=\"ff-el-input--label asterisk-right\"><label for='ff_5_phone' id='label_ff_5_phone' aria-label=\"Num\u0103r de telefon\">Num\u0103r de telefon<\/label><\/div><div class='ff-el-input--content'><input name=\"phone\" class=\"ff-el-form-control ff-el-phone\" type=\"tel\" placeholder=\"Num\u0103r de telefon mobil\" data-name=\"phone\" id=\"ff_5_phone\" inputmode=\"tel\"  aria-invalid='false' aria-required=\"false\"><\/div><\/div><div class='ff-el-group    ff-el-input--content'><div class='ff-el-form-check ff-el-tc'><label aria-label='Sunt de acord ca acest site web s\u0103 stocheze informa\u021biile trimise de mine pentru a putea r\u0103spunde solicit\u0103rii mele.' class='ff-el-form-check-label ff_tc_label' for=\"gdpr-agreement_3b4f3c35669b97f9c0dfef72e6d73e57\"><span class='ff_tc_checkbox'><input type=\"checkbox\" name=\"gdpr-agreement\" class=\"ff-el-form-check-input ff_gdpr_field\" data-name=\"gdpr-agreement\" id=\"gdpr-agreement_3b4f3c35669b97f9c0dfef72e6d73e57\"  value='on' aria-invalid='false' aria-required=\"true\"><\/span> <div class='ff_t_c'>Sunt de acord ca acest site web s\u0103 stocheze informa\u021biile trimise de mine pentru a putea r\u0103spunde solicit\u0103rii mele.<\/div><\/label><\/div><\/div><div class='ff-el-group ff-text-left ff_submit_btn_wrapper'><button type=\"submit\" class=\"ff-btn ff-btn-submit ff-btn-md ff_btn_style\"  aria-label=\"Inregistreaza-te\">Inregistreaza-te<\/button><\/div><\/fieldset><input type=\"hidden\" name=\"trp-form-language\" value=\"ro\"\/><\/form><div id='fluentform_5_errors' class='ff-errors-in-stack ff_form_instance_5_1 ff-form-loading_errors ff_form_instance_5_1_errors'><\/div><\/div>            <script type=\"text\/javascript\">\n                window.fluent_form_ff_form_instance_5_1 = {\"id\":\"5\",\"settings\":{\"layout\":{\"labelPlacement\":\"top\",\"asteriskPlacement\":\"asterisk-right\",\"helpMessagePlacement\":\"with_label\",\"errorMessagePlacement\":\"inline\",\"cssClassName\":\"\"},\"restrictions\":{\"denyEmptySubmission\":{\"enabled\":false}}},\"form_instance\":\"ff_form_instance_5_1\",\"form_id_selector\":\"fluentform_5\",\"rules\":{\"names[first_name]\":{\"required\":{\"value\":true,\"message\":\"This field is required\",\"global\":true,\"global_message\":\"Dieses Feld ist erforderlich\"}},\"names[middle_name]\":{\"required\":{\"value\":false,\"message\":\"This field is required\",\"global\":true,\"global_message\":\"Dieses Feld ist erforderlich\"}},\"names[last_name]\":{\"required\":{\"value\":true,\"message\":\"This field is required\",\"global\":true,\"global_message\":\"Dieses Feld ist erforderlich\"}},\"email\":{\"required\":{\"value\":true,\"message\":\"This field is required\",\"global\":true,\"global_message\":\"Dieses Feld ist erforderlich\"},\"email\":{\"value\":true,\"message\":\"This field must contain a valid email\",\"global\":true,\"global_message\":\"Dieses Feld muss eine g\\u00fcltige E-Mail-Adresse enthalten\"}},\"phone\":{\"required\":{\"value\":false,\"global\":true,\"message\":\"This field is required\",\"global_message\":\"Dieses Feld ist erforderlich\"},\"valid_phone_number\":{\"value\":false,\"global\":true,\"message\":\"Phone number is not valid\",\"global_message\":\"Phone number is not valid\"}},\"gdpr-agreement\":{\"required\":{\"value\":true,\"message\":\"This field is required\",\"global_message\":\"Dieses Feld ist erforderlich\",\"global\":true}}},\"debounce_time\":300};\n                            <\/script>","protected":false},"excerpt":{"rendered":"<p>Cau\u021bi un curs de prim ajutor \u00een Rastatt care s\u0103 nu fie plictisitor, ci mai degrab\u0103 variat \u0219i informativ? Atunci \u0218coala de \u0218oferi Patrick este locul potrivit pentru tine! De ce s\u0103 urmezi cursul de prim ajutor cu noi? Oferta noastr\u0103 de cursuri Cursuri de weekend Nu ai chef s\u0103 a\u0219tep\u021bi mult pentru o dat\u0103 potrivit\u0103? Oferim numeroase cursuri de weekend, at\u00e2t s\u00e2mb\u0103ta, c\u00e2t \u0219i [...]<\/p>","protected":false},"author":1,"featured_media":2901,"parent":0,"menu_order":0,"comment_status":"closed","ping_status":"closed","template":"","meta":{"site-sidebar-layout":"default","site-content-layout":"","ast-site-content-layout":"default","site-content-style":"default","site-sidebar-style":"default","ast-global-header-display":"","ast-banner-title-visibility":"","ast-main-header-display":"","ast-hfb-above-header-display":"","ast-hfb-below-header-display":"","ast-hfb-mobile-header-display":"","site-post-title":"","ast-breadcrumbs-content":"","ast-featured-img":"","footer-sml-layout":"","theme-transparent-header-meta":"","adv-header-id-meta":"","stick-header-meta":"","header-above-stick-meta":"","header-main-stick-meta":"","header-below-stick-meta":"","astra-migrate-meta-layouts":"set","ast-page-background-enabled":"default","ast-page-background-meta":{"desktop":{"background-color":"var(--ast-global-color-4)","background-image":"","background-repeat":"repeat","background-position":"center center","background-size":"auto","background-attachment":"scroll","background-type":"","background-media":"","overlay-type":"","overlay-color":"","overlay-opacity":"","overlay-gradient":""},"tablet":{"background-color":"","background-image":"","background-repeat":"repeat","background-position":"center center","background-size":"auto","background-attachment":"scroll","background-type":"","background-media":"","overlay-type":"","overlay-color":"","overlay-opacity":"","overlay-gradient":""},"mobile":{"background-color":"","background-image":"","background-repeat":"repeat","background-position":"center center","background-size":"auto","background-attachment":"scroll","background-type":"","background-media":"","overlay-type":"","overlay-color":"","overlay-opacity":"","overlay-gradient":""}},"ast-content-background-meta":{"desktop":{"background-color":"var(--ast-global-color-5)","background-image":"","background-repeat":"repeat","background-position":"center center","background-size":"auto","background-attachment":"scroll","background-type":"","background-media":"","overlay-type":"","overlay-color":"","overlay-opacity":"","overlay-gradient":""},"tablet":{"background-color":"var(--ast-global-color-5)","background-image":"","background-repeat":"repeat","background-position":"center center","background-size":"auto","background-attachment":"scroll","background-type":"","background-media":"","overlay-type":"","overlay-color":"","overlay-opacity":"","overlay-gradient":""},"mobile":{"background-color":"var(--ast-global-color-5)","background-image":"","background-repeat":"repeat","background-position":"center center","background-size":"auto","background-attachment":"scroll","background-type":"","background-media":"","overlay-type":"","overlay-color":"","overlay-opacity":"","overlay-gradient":""}},"footnotes":""},"class_list":["post-2889","page","type-page","status-publish","has-post-thumbnail","hentry"],"_links":{"self":[{"href":"https:\/\/patricks-fahrschule.de\/ro\/wp-json\/wp\/v2\/pages\/2889","targetHints":{"allow":["GET"]}}],"collection":[{"href":"https:\/\/patricks-fahrschule.de\/ro\/wp-json\/wp\/v2\/pages"}],"about":[{"href":"https:\/\/patricks-fahrschule.de\/ro\/wp-json\/wp\/v2\/types\/page"}],"author":[{"embeddable":true,"href":"https:\/\/patricks-fahrschule.de\/ro\/wp-json\/wp\/v2\/users\/1"}],"replies":[{"embeddable":true,"href":"https:\/\/patricks-fahrschule.de\/ro\/wp-json\/wp\/v2\/comments?post=2889"}],"version-history":[{"count":0,"href":"https:\/\/patricks-fahrschule.de\/ro\/wp-json\/wp\/v2\/pages\/2889\/revisions"}],"wp:featuredmedia":[{"embeddable":true,"href":"https:\/\/patricks-fahrschule.de\/ro\/wp-json\/wp\/v2\/media\/2901"}],"wp:attachment":[{"href":"https:\/\/patricks-fahrschule.de\/ro\/wp-json\/wp\/v2\/media?parent=2889"}],"curies":[{"name":"wp","href":"https:\/\/api.w.org\/{rel}","templated":true}]}}