{"id":595,"date":"2023-02-28T12:55:55","date_gmt":"2023-02-28T12:55:55","guid":{"rendered":"https:\/\/patricks-fahrschule.de\/?page_id=595"},"modified":"2024-11-15T10:28:01","modified_gmt":"2024-11-15T10:28:01","slug":"b196","status":"publish","type":"page","link":"https:\/\/patricks-fahrschule.de\/ro\/b196\/","title":{"rendered":"permis de conducere B196"},"content":{"rendered":"<div data-elementor-type=\"wp-page\" data-elementor-id=\"595\" class=\"elementor elementor-595\" data-elementor-post-type=\"page\">\n\t\t\t\t\t\t<section class=\"elementor-section elementor-top-section elementor-element elementor-element-5b828e3 elementor-section-boxed elementor-section-height-default elementor-section-height-default\" data-id=\"5b828e3\" data-element_type=\"section\" data-e-type=\"section\" data-settings=\"{&quot;background_background&quot;:&quot;classic&quot;}\">\n\t\t\t\t\t\t\t<div class=\"elementor-background-overlay\"><\/div>\n\t\t\t\t\t\t\t<div class=\"elementor-container elementor-column-gap-no\">\n\t\t\t\t\t<div class=\"elementor-column elementor-col-100 elementor-top-column elementor-element elementor-element-73f9b90\" data-id=\"73f9b90\" data-element_type=\"column\" data-e-type=\"column\">\n\t\t\t<div class=\"elementor-widget-wrap elementor-element-populated\">\n\t\t\t\t\t\t<div class=\"elementor-element elementor-element-6cb9832 elementor-widget elementor-widget-heading\" data-id=\"6cb9832\" data-element_type=\"widget\" data-e-type=\"widget\" data-widget_type=\"heading.default\">\n\t\t\t\t\t<h1 class=\"elementor-heading-title elementor-size-default\">permis de conducere B196<\/h1>\t\t\t\t<\/div>\n\t\t\t\t<div class=\"elementor-element elementor-element-7c7d877 elementor-widget elementor-widget-text-editor\" data-id=\"7c7d877\" data-element_type=\"widget\" data-e-type=\"widget\" data-widget_type=\"text-editor.default\">\n\t\t\t\t\t\t\t\t\t<div class=\"section mcb-section mcb-section-d288cfb4b dark\"><div class=\"section_wrapper mcb-section-inner\"><div class=\"wrap mcb-wrap mcb-wrap-5ed72e836 one valign-top clearfix\" data-col=\"one\"><div class=\"mcb-wrap-inner\"><div class=\"column mcb-column mcb-item-6474b5b50 one column_column\"><div class=\"column_attr clearfix\"><h2><span style=\"color: #ffffff;\">Conduce\u021bi o motociclet\u0103 f\u0103r\u0103 un test cu permis B196<\/span><\/h2><\/div><\/div><\/div><\/div><\/div><\/div>\t\t\t\t\t\t\t\t<\/div>\n\t\t\t\t\t<\/div>\n\t\t<\/div>\n\t\t\t\t\t<\/div>\n\t\t<\/section>\n\t\t\t\t<section class=\"elementor-section elementor-top-section elementor-element elementor-element-9ca55ae elementor-section-boxed elementor-section-height-default elementor-section-height-default\" data-id=\"9ca55ae\" data-element_type=\"section\" data-e-type=\"section\" data-settings=\"{&quot;background_background&quot;:&quot;classic&quot;}\">\n\t\t\t\t\t\t<div class=\"elementor-container elementor-column-gap-no\">\n\t\t\t\t\t<div class=\"elementor-column elementor-col-100 elementor-top-column elementor-element elementor-element-285d1fe\" data-id=\"285d1fe\" data-element_type=\"column\" data-e-type=\"column\">\n\t\t\t<div class=\"elementor-widget-wrap elementor-element-populated\">\n\t\t\t\t\t\t<div class=\"elementor-element elementor-element-68aad48 elementor-widget elementor-widget-video\" data-id=\"68aad48\" data-element_type=\"widget\" data-e-type=\"widget\" data-settings=\"{&quot;youtube_url&quot;:&quot;https:\\\/\\\/www.youtube.com\\\/watch?v=wWMsCMkhnwk&quot;,&quot;yt_privacy&quot;:&quot;yes&quot;,&quot;video_type&quot;:&quot;youtube&quot;,&quot;controls&quot;:&quot;yes&quot;}\" data-widget_type=\"video.default\">\n\t\t\t\t\t\t\t<div class=\"elementor-wrapper elementor-open-inline\">\n\t\t\t<div class=\"elementor-video\"><\/div>\t\t<\/div>\n\t\t\t\t\t\t<\/div>\n\t\t\t\t<div class=\"elementor-element elementor-element-da4a5b5 elementor-widget elementor-widget-heading\" data-id=\"da4a5b5\" data-element_type=\"widget\" data-e-type=\"widget\" data-widget_type=\"heading.default\">\n\t\t\t\t\t<h3 class=\"elementor-heading-title elementor-size-default\">Toate informa\u021biile despre certificatul B196<\/h3>\t\t\t\t<\/div>\n\t\t\t\t<div class=\"elementor-element elementor-element-6108ee1 elementor-widget elementor-widget-heading\" data-id=\"6108ee1\" data-element_type=\"widget\" data-e-type=\"widget\" data-widget_type=\"heading.default\">\n\t\t\t\t\t<h2 class=\"elementor-heading-title elementor-size-default\">Ce este permisul de conducere cu extensia B196?<\/h2>\t\t\t\t<\/div>\n\t\t\t\t<div class=\"elementor-element elementor-element-a1a8fe3 elementor-widget elementor-widget-text-editor\" data-id=\"a1a8fe3\" data-element_type=\"widget\" data-e-type=\"widget\" data-widget_type=\"text-editor.default\">\n\t\t\t\t\t\t\t\t\t<p>Dac\u0103 ai un permis de conducere clasa B, \u021bi se deschide o lume de posibilit\u0103\u021bi. Nu numai c\u0103 ave\u021bi voie s\u0103 conduce\u021bi ma\u0219ini, dar ave\u021bi \u0219i permisiunea de a conduce remorci cu o greutate maxim\u0103 de 750 kg. \u00cen plus, cu permisul de conducere B ai automat permisul de conducere clasele AM \u0219i L, ceea ce \u00ee\u021bi ofer\u0103 posibilitatea de a conduce multe mopede \u0219i tractoare agricole p\u00e2n\u0103 la o vitez\u0103 de 40 km\/h.<\/p><p>De la \u00eenceputul anului 2020, exist\u0103 num\u0103rul cheie 196, pe care \u00eel pute\u021bi folosi pentru a v\u0103 extinde privilegiile de conducere. Cu extensia B196 ave\u021bi permisiunea de a conduce motociclete u\u0219oare de p\u00e2n\u0103 la 125 cmc \u0219i o putere a motorului de maximum 11 kW. Raportul dintre putere \u0219i greutate nu trebuie s\u0103 fie mai mare de 0,1 kW\/kg.<\/p><p>Extinderea permisului de conducere pentru a include num\u0103rul cheie 196 v\u0103 deschide o varietate de noi oportunit\u0103\u021bi. Acum pute\u021bi conduce vehicule cu dou\u0103 ro\u021bi mai u\u0219oare, cu o putere mai mare a motorului \u0219i, prin urmare, pute\u021bi acoperi distan\u021be mai mari. \u00cen plus, v\u0103 permite s\u0103 c\u0103l\u0103tori\u021bi \u00een ora\u0219 mai flexibil \u0219i \u00eentr-un mod mai ecologic, de exemplu.<\/p>\t\t\t\t\t\t\t\t<\/div>\n\t\t\t\t<div class=\"elementor-element elementor-element-6568c7f elementor-widget elementor-widget-heading\" data-id=\"6568c7f\" data-element_type=\"widget\" data-e-type=\"widget\" data-widget_type=\"heading.default\">\n\t\t\t\t\t<h2 class=\"elementor-heading-title elementor-size-default\">Care sunt cerin\u021bele?<\/h2>\t\t\t\t<\/div>\n\t\t\t\t<div class=\"elementor-element elementor-element-643424e elementor-widget elementor-widget-text-editor\" data-id=\"643424e\" data-element_type=\"widget\" data-e-type=\"widget\" data-widget_type=\"text-editor.default\">\n\t\t\t\t\t\t\t\t\t<p>Pentru a fi aprobat pentru extensia B196, exist\u0103 anumite cerin\u021be pe care trebuie s\u0103 le \u00eendeplini\u021bi. Trebuie s\u0103 ai cel pu\u021bin 25 de ani \u0219i 5 ani de experien\u021b\u0103 de conducere. De asemenea, ave\u021bi nevoie de un permis de conducere valabil clasa B.<\/p><p>Este important s\u0103 \u00eendeplini\u021bi aceste cerin\u021be pentru a asigura siguran\u021ba pe drum. O experien\u021b\u0103 suficient\u0103 \u00een conducerea vehiculelor este esen\u021bial\u0103 pentru a men\u021bine controlul asupra vehiculului \u0219i pentru a putea reac\u021biona corespunz\u0103tor \u00een cazul unor evenimente neprev\u0103zute.<\/p><p>Dac\u0103 \u00eendeplini\u021bi aceste cerin\u021be \u0219i sunte\u021bi interesat de extensia B196, ar trebui s\u0103 v\u0103 informa\u021bi temeinic despre cerin\u021be \u0219i, dac\u0103 este necesar, s\u0103 urma\u021bi un curs de preg\u0103tire sau preg\u0103tire pentru a fi preg\u0103tit optim pentru examen. Astfel, v\u0103 pute\u021bi asigura c\u0103 \u00eendeplini\u021bi cerin\u021bele \u0219i c\u0103 c\u0103l\u0103tori\u021bi \u00een siguran\u021b\u0103 \u0219i responsabil pe drumuri.<\/p>\t\t\t\t\t\t\t\t<\/div>\n\t\t\t\t<div class=\"elementor-element elementor-element-49eced3 elementor-widget elementor-widget-heading\" data-id=\"49eced3\" data-element_type=\"widget\" data-e-type=\"widget\" data-widget_type=\"heading.default\">\n\t\t\t\t\t<h2 class=\"elementor-heading-title elementor-size-default\">C\u00e2t cost\u0103 biletul B196?<\/h2>\t\t\t\t<\/div>\n\t\t\t\t<div class=\"elementor-element elementor-element-64e9716 elementor-widget elementor-widget-text-editor\" data-id=\"64e9716\" data-element_type=\"widget\" data-e-type=\"widget\" data-widget_type=\"text-editor.default\">\n\t\t\t\t\t\t\t\t\t<p>Costul achizi\u021bion\u0103rii extensiei B196 poate varia \u00een func\u021bie de regiune \u0219i de \u0219coala de \u0219oferi. De regul\u0103, costurile pentru instruire \u0219i testare variaz\u0103 \u00eentre 500 \u0219i 1.000 de euro. Aceste costuri sunt alc\u0103tuite din diver\u0219i factori, cum ar fi durata instruirii, num\u0103rul de lec\u021bii de conducere necesare \u0219i costul testului.<\/p><p>Pe l\u00e2ng\u0103 costurile de formare, exist\u0103 \u0219i o tax\u0103 de aproximativ 40 de euro, care trebuie pl\u0103tit\u0103 la biroul responsabil pentru permisele de conducere. Aceast\u0103 tax\u0103 este utilizat\u0103 pentru procesarea cererii de prelungire a permisului de conducere \u0219i este independent\u0103 de costurile pentru instruire \u0219i testare.<\/p><p>Pot exista \u0219i alte costuri, de exemplu dac\u0103 trebuie s\u0103 face\u021bi noi fotografii de pa\u0219aport. Ar trebui s\u0103 v\u0103 a\u0219tepta\u021bi la costuri suplimentare de aproximativ 10 EUR p\u00e2n\u0103 la 50 EUR, \u00een func\u021bie de unde \u0219i cum a\u021bi f\u0103cut fotografiile.<\/p>\t\t\t\t\t\t\t\t<\/div>\n\t\t\t\t<div class=\"elementor-element elementor-element-7e3b2a9 elementor-widget elementor-widget-heading\" data-id=\"7e3b2a9\" data-element_type=\"widget\" data-e-type=\"widget\" data-widget_type=\"heading.default\">\n\t\t\t\t\t<h2 class=\"elementor-heading-title elementor-size-default\">Dar lec\u021bii? C\u00e2t de des trebuie s\u0103 merg la \u0219coala de \u0219oferi?<\/h2>\t\t\t\t<\/div>\n\t\t\t\t<div class=\"elementor-element elementor-element-05e8d30 elementor-widget elementor-widget-text-editor\" data-id=\"05e8d30\" data-element_type=\"widget\" data-e-type=\"widget\" data-widget_type=\"text-editor.default\">\n\t\t\t\t\t\t\t\t\t<div class=\"column mcb-column mcb-item-61c884978 one column_column\"><div class=\"column_attr clearfix\"><p>Trebuie efectuate cel pu\u021bin 5 unit\u0103\u021bi de predare a c\u00e2te 90 de minute fiecare!<\/p><\/div><\/div>\t\t\t\t\t\t\t\t<\/div>\n\t\t\t\t<div class=\"elementor-element elementor-element-1e911a8 elementor-widget elementor-widget-heading\" data-id=\"1e911a8\" data-element_type=\"widget\" data-e-type=\"widget\" data-widget_type=\"heading.default\">\n\t\t\t\t\t<h2 class=\"elementor-heading-title elementor-size-default\">Am nevoie de un certificat de testare a ochilor sau de un curs de prim ajutor?<\/h2>\t\t\t\t<\/div>\n\t\t\t\t<div class=\"elementor-element elementor-element-b90f95f elementor-widget elementor-widget-text-editor\" data-id=\"b90f95f\" data-element_type=\"widget\" data-e-type=\"widget\" data-widget_type=\"text-editor.default\">\n\t\t\t\t\t\t\t\t\t<div class=\"column mcb-column mcb-item-61c884978 one column_column\"><div class=\"column_attr clearfix\"><p>O \u00eentrebare important\u0103 pe care \u0219i-o pun mul\u021bi oameni atunci c\u00e2nd vine vorba de prelungirea permisului de conducere se refer\u0103 la nevoia de preg\u0103tire sau dovezi suplimentare. Cu toate acestea, \u00een cazul extinderii B196, nu este necesar niciun curs suplimentar de prim ajutor sau test oftalmologic.<\/p><p>Deoarece acesta este o extensie a unui permis de conducere existent, se presupune c\u0103 ave\u021bi deja cuno\u0219tin\u021bele \u0219i abilit\u0103\u021bile necesare pentru a conduce \u00een siguran\u021b\u0103 \u0219i \u00een mod responsabil.<\/p><\/div><\/div>\t\t\t\t\t\t\t\t<\/div>\n\t\t\t\t\t<\/div>\n\t\t<\/div>\n\t\t\t\t\t<\/div>\n\t\t<\/section>\n\t\t\t\t<section class=\"elementor-section elementor-top-section elementor-element elementor-element-78f0913 elementor-section-content-middle elementor-section-boxed elementor-section-height-default elementor-section-height-default\" data-id=\"78f0913\" data-element_type=\"section\" data-e-type=\"section\" data-settings=\"{&quot;background_background&quot;:&quot;classic&quot;}\">\n\t\t\t\t\t\t<div class=\"elementor-container elementor-column-gap-default\">\n\t\t\t\t\t<div class=\"elementor-column elementor-col-66 elementor-top-column elementor-element elementor-element-7ccb0a7\" data-id=\"7ccb0a7\" data-element_type=\"column\" data-e-type=\"column\">\n\t\t\t<div class=\"elementor-widget-wrap elementor-element-populated\">\n\t\t\t\t\t\t<div class=\"elementor-element elementor-element-b9a6ab7 elementor-widget elementor-widget-text-editor\" data-id=\"b9a6ab7\" data-element_type=\"widget\" data-e-type=\"widget\" data-widget_type=\"text-editor.default\">\n\t\t\t\t\t\t\t\t\t<h2><span style=\"color: #ffffff;\">Inca intrebari?<\/span><\/h2><p>Sim\u021bi\u021bi-v\u0103 liber s\u0103 ne scrie\u021bi prin WhatsApp!<\/p>\t\t\t\t\t\t\t\t<\/div>\n\t\t\t\t\t<\/div>\n\t\t<\/div>\n\t\t\t\t<div class=\"elementor-column elementor-col-33 elementor-top-column elementor-element elementor-element-1331afa\" data-id=\"1331afa\" data-element_type=\"column\" data-e-type=\"column\">\n\t\t\t<div class=\"elementor-widget-wrap elementor-element-populated\">\n\t\t\t\t\t\t<div class=\"elementor-element elementor-element-8512dc5 elementor-widget__width-initial elementor-widget elementor-widget-button\" data-id=\"8512dc5\" data-element_type=\"widget\" data-e-type=\"widget\" data-widget_type=\"button.default\">\n\t\t\t\t\t\t\t\t\t\t<a class=\"elementor-button elementor-button-link elementor-size-sm\" href=\"https:\/\/wa.me\/491708228780\" target=\"_blank\" rel=\"noopener\">\n\t\t\t\t\t\t<span class=\"elementor-button-content-wrapper\">\n\t\t\t\t\t\t\t\t\t<span class=\"elementor-button-text\">Scrie prin WhatsApp<\/span>\n\t\t\t\t\t<\/span>\n\t\t\t\t\t<\/a>\n\t\t\t\t\t\t\t\t<\/div>\n\t\t\t\t\t<\/div>\n\t\t<\/div>\n\t\t\t\t\t<\/div>\n\t\t<\/section>\n\t\t\t\t<\/div>","protected":false},"excerpt":{"rendered":"<p>Permis de conducere B196 Conducerea unei motociclete cu permis B196 f\u0103r\u0103 un test https:\/\/www.youtube.com\/watch?v=wWMsCMkhnwk Toate informa\u021biile despre permisul B196 Ce este permisul de conducere cu extensie B196? Dac\u0103 ai un permis de conducere clasa B, \u021bi se deschide o lume de posibilit\u0103\u021bi. Nu numai c\u0103 ave\u021bi voie s\u0103 conduce\u021bi ma\u0219ini, dar ave\u021bi \u0219i permisiunea de a conduce remorci cu o greutate maxim\u0103 de [...]<\/p>","protected":false},"author":1,"featured_media":0,"parent":0,"menu_order":0,"comment_status":"closed","ping_status":"closed","template":"","meta":{"site-sidebar-layout":"no-sidebar","site-content-layout":"page-builder","ast-site-content-layout":"","site-content-style":"default","site-sidebar-style":"default","ast-global-header-display":"","ast-banner-title-visibility":"","ast-main-header-display":"","ast-hfb-above-header-display":"","ast-hfb-below-header-display":"","ast-hfb-mobile-header-display":"","site-post-title":"disabled","ast-breadcrumbs-content":"disabled","ast-featured-img":"disabled","footer-sml-layout":"","theme-transparent-header-meta":"enabled","adv-header-id-meta":"","stick-header-meta":"","header-above-stick-meta":"","header-main-stick-meta":"","header-below-stick-meta":"","astra-migrate-meta-layouts":"default","ast-page-background-enabled":"default","ast-page-background-meta":{"desktop":{"background-color":"var(--ast-global-color-4)","background-image":"","background-repeat":"repeat","background-position":"center center","background-size":"auto","background-attachment":"scroll","background-type":"","background-media":"","overlay-type":"","overlay-color":"","overlay-opacity":"","overlay-gradient":""},"tablet":{"background-color":"","background-image":"","background-repeat":"repeat","background-position":"center center","background-size":"auto","background-attachment":"scroll","background-type":"","background-media":"","overlay-type":"","overlay-color":"","overlay-opacity":"","overlay-gradient":""},"mobile":{"background-color":"","background-image":"","background-repeat":"repeat","background-position":"center center","background-size":"auto","background-attachment":"scroll","background-type":"","background-media":"","overlay-type":"","overlay-color":"","overlay-opacity":"","overlay-gradient":""}},"ast-content-background-meta":{"desktop":{"background-color":"var(--ast-global-color-5)","background-image":"","background-repeat":"repeat","background-position":"center center","background-size":"auto","background-attachment":"scroll","background-type":"","background-media":"","overlay-type":"","overlay-color":"","overlay-opacity":"","overlay-gradient":""},"tablet":{"background-color":"var(--ast-global-color-5)","background-image":"","background-repeat":"repeat","background-position":"center center","background-size":"auto","background-attachment":"scroll","background-type":"","background-media":"","overlay-type":"","overlay-color":"","overlay-opacity":"","overlay-gradient":""},"mobile":{"background-color":"var(--ast-global-color-5)","background-image":"","background-repeat":"repeat","background-position":"center center","background-size":"auto","background-attachment":"scroll","background-type":"","background-media":"","overlay-type":"","overlay-color":"","overlay-opacity":"","overlay-gradient":""}},"footnotes":""},"class_list":["post-595","page","type-page","status-publish","hentry"],"_links":{"self":[{"href":"https:\/\/patricks-fahrschule.de\/ro\/wp-json\/wp\/v2\/pages\/595","targetHints":{"allow":["GET"]}}],"collection":[{"href":"https:\/\/patricks-fahrschule.de\/ro\/wp-json\/wp\/v2\/pages"}],"about":[{"href":"https:\/\/patricks-fahrschule.de\/ro\/wp-json\/wp\/v2\/types\/page"}],"author":[{"embeddable":true,"href":"https:\/\/patricks-fahrschule.de\/ro\/wp-json\/wp\/v2\/users\/1"}],"replies":[{"embeddable":true,"href":"https:\/\/patricks-fahrschule.de\/ro\/wp-json\/wp\/v2\/comments?post=595"}],"version-history":[{"count":0,"href":"https:\/\/patricks-fahrschule.de\/ro\/wp-json\/wp\/v2\/pages\/595\/revisions"}],"wp:attachment":[{"href":"https:\/\/patricks-fahrschule.de\/ro\/wp-json\/wp\/v2\/media?parent=595"}],"curies":[{"name":"wp","href":"https:\/\/api.w.org\/{rel}","templated":true}]}}