{"id":1023,"date":"2023-03-09T13:56:40","date_gmt":"2023-03-09T13:56:40","guid":{"rendered":"https:\/\/patricks-fahrschule.de\/?page_id=1023"},"modified":"2023-03-09T13:56:40","modified_gmt":"2023-03-09T13:56:40","slug":"datenschutzerklaerung","status":"publish","type":"page","link":"https:\/\/patricks-fahrschule.de\/tr\/veri-korumasi\/","title":{"rendered":"Veri korumas\u0131"},"content":{"rendered":"<h2 class=\"wp-block-heading\">veri korumas\u0131<\/h2>\n\n\n\n<p>Bu sitelerin operat\u00f6rleri<br>Ki\u015fisel verilerinizin korunmas\u0131n\u0131 \u00e7ok ciddiye al\u0131yoruz. Ki\u015fisel verilerinizi i\u015fliyoruz<br>gizli ve yasal veri koruma d\u00fczenlemelerine uygun olarak ve bu<br>Veri korumas\u0131.<\/p>\n\n\n\n<p>Web sitemizin kullan\u0131m\u0131 genellikle bilgisizdir<br>ki\u015fisel veriler m\u00fcmk\u00fcnd\u00fcr. Sayfalar\u0131m\u0131zdaki ki\u015fisel verilere gelince<br>(\u00f6rne\u011fin isim, adres veya e-posta adresleri) toplan\u0131r, bu \u015fu \u00f6l\u00e7\u00fcde yap\u0131l\u0131r:<br>m\u00fcmk\u00fcn, her zaman g\u00f6n\u00fcll\u00fcl\u00fck esas\u0131na g\u00f6re. Bu veriler a\u00e7\u0131k izniniz olmadan kullan\u0131l\u0131r<br>\u00fc\u00e7\u00fcnc\u00fc \u015fah\u0131slara aktar\u0131lmaz.<\/p>\n\n\n\n<p>\u0130nternet \u00fczerinden veri aktar\u0131m\u0131n\u0131n ger\u00e7ekle\u015fti\u011fini belirtmek isteriz.<br>(\u00f6rne\u011fin e-posta yoluyla ileti\u015fim kurarken) g\u00fcvenlik a\u00e7\u0131klar\u0131 olabilir. Tam bir<br>Verilerin \u00fc\u00e7\u00fcnc\u00fc \u015fah\u0131slar\u0131n eri\u015fiminden korunmas\u0131 m\u00fcmk\u00fcn de\u011fildir.<\/p>\n\n\n\n<h2 class=\"wp-block-heading\">Kurabiye<\/h2>\n\n\n\n<p>Baz\u0131 web siteleri \u00e7erez ad\u0131 verilen bilgileri kullan\u0131r. \u00c7erezler size y\u00f6neliktir<br>Bilgisayarlar herhangi bir zarar vermez ve vir\u00fcs i\u00e7ermez. \u00c7erezler teklifimizi geli\u015ftirmek i\u00e7in kullan\u0131l\u0131r<br>daha kullan\u0131c\u0131 dostu, etkili ve daha g\u00fcvenli. \u00c7erezler, bilgisayar\u0131n\u0131zda saklanan k\u00fc\u00e7\u00fck metin dosyalar\u0131d\u0131r.<br>bilgisayar ve taray\u0131c\u0131n\u0131z\u0131n kaydetti\u011fi.<\/p>\n\n\n\n<p>Kulland\u0131klar\u0131m\u0131z\u0131n \u00e7o\u011fu<br>\u00c7erezlere \u201coturum \u00e7erezleri\u201d denir. Ziyaretiniz sona erdikten sonra otomatik olarak olacaklar<br>silindi. Di\u011fer \u00e7erezler siz silinceye kadar cihaz\u0131n\u0131zda kay\u0131tl\u0131 kal\u0131r.<br>Bu \u00e7erezler bir sonraki ziyaretinizde taray\u0131c\u0131n\u0131z\u0131 hat\u0131rlamam\u0131z\u0131 sa\u011flar<br>tan\u0131mak.<\/p>\n\n\n\n<p>Taray\u0131c\u0131n\u0131z\u0131 ayarlaman\u0131za izin verecek \u015fekilde ayarlayabilirsiniz.<br>\u00c7erezler arac\u0131l\u0131\u011f\u0131yla bilgilendirilmeli ve \u00e7erezlerin yaln\u0131zca bireysel durumlarda \u00e7erezleri kabul etmesine izin vermelisiniz.<br>belirli durumlar\u0131 veya genel olarak hari\u00e7 tutman\u0131n yan\u0131 s\u0131ra otomatik olarak silinmesi<br>Taray\u0131c\u0131y\u0131 kapat\u0131rken \u00e7erezleri etkinle\u015ftirin. \u00c7erezleri devre d\u0131\u015f\u0131 b\u0131rak\u0131rken,<br>Bu web sitesinin i\u015flevselli\u011fi s\u0131n\u0131rl\u0131 olabilir.<\/p>\n\n\n\n<h2 class=\"wp-block-heading\">sunucu g\u00fcnl\u00fc\u011f\u00fc<br>Dosyalar<\/h2>\n\n\n\n<p>Sayfalar\u0131n sa\u011flay\u0131c\u0131s\u0131, s\u00f6zde bilgileri otomatik olarak toplar ve saklar.<br>Taray\u0131c\u0131n\u0131z\u0131n otomatik olarak bize iletti\u011fi sunucu g\u00fcnl\u00fck dosyalar\u0131. Bunlar:<\/p>\n\n\n\n<ul class=\"wp-block-list\">\n<li>Taray\u0131c\u0131 t\u00fcr\u00fc ve taray\u0131c\u0131 s\u00fcr\u00fcm\u00fc<\/li>\n\n\n\n<li>kullan\u0131lan i\u015fletim sistemi<\/li>\n\n\n\n<li>Y\u00f6nlendiren URL&#039;si<\/li>\n\n\n\n<li>Eri\u015fen bilgisayar\u0131n ana bilgisayar ad\u0131<\/li>\n\n\n\n<li>Sunucu iste\u011finin zaman\u0131<\/li>\n<\/ul>\n\n\n\n<p>Bu tarihler<br>belirli ki\u015filere atanamaz. Bu verilerin ba\u015fkalar\u0131yla birle\u015ftirilmesi<br>Veri kaynaklar\u0131 olu\u015fturulmaz. Daha sonra bu verilere eri\u015fme hakk\u0131n\u0131 sakl\u0131 tutuyoruz<br>Yasa d\u0131\u015f\u0131 kullan\u0131ma ili\u015fkin somut belirtilerin fark\u0131na var\u0131p varmad\u0131\u011f\u0131m\u0131z\u0131 kontrol etmek.<\/p>\n\n\n\n<h2 class=\"wp-block-heading\">\u0130leti\u015fim Formu<\/h2>\n\n\n\n<p>\u0130leti\u015fim formunu kullanarak bize sorular\u0131n\u0131z\u0131 iletirseniz<br>Bilgileriniz, orada sa\u011flad\u0131\u011f\u0131n\u0131z bilgiler de dahil olmak \u00fczere, sorgulama formundan al\u0131nacakt\u0131r.<br>Talebin i\u015flenmesi amac\u0131yla ve takip sorular\u0131 olmas\u0131 durumunda ileti\u015fim bilgileri<br>kaydedildi. Bu verileri sizin izniniz olmadan aktarmayaca\u011f\u0131z.<\/p>\n\n\n\n<h2 class=\"wp-block-heading\">\u00c7evirimi\u00e7i kay\u0131t<\/h2>\n\n\n\n<p>Verilerinizi bize \u00e7evrimi\u00e7i kay\u0131t yoluyla g\u00f6nderirseniz<br>ki\u015fisel verileriniz (orada sa\u011flad\u0131\u011f\u0131n\u0131z veriler dahil) kullan\u0131lacakt\u0131r<br>(ileti\u015fim bilgileri) s\u00fcr\u00fcc\u00fc okulumuzda talebin\/kay\u0131t i\u015fleminin yap\u0131lmas\u0131 amac\u0131yla ve takip sorular\u0131 olmas\u0131 durumunda<br>kaydedildi. Bu verileri sizin izniniz olmadan aktarmayaca\u011f\u0131z.<\/p>\n\n\n\n<h2 class=\"wp-block-heading\">WhatsApp ileti\u015fim<\/h2>\n\n\n\n<p>Bize WhatsApp arac\u0131l\u0131\u011f\u0131yla yazarsan\u0131z, ki\u015fisel verileriniz (orada sa\u011flad\u0131\u011f\u0131n\u0131z veriler dahil)<br>(ileti\u015fim bilgileri) s\u00fcr\u00fcc\u00fc okulumuzda talebin\/kay\u0131t i\u015fleminin yap\u0131lmas\u0131 amac\u0131yla ve takip sorular\u0131 olmas\u0131 durumunda<br>kaydedildi. Bu verileri sizin izniniz olmadan aktarmayaca\u011f\u0131z.<\/p>\n\n\n\n<h2 class=\"wp-block-heading\">Facebook eklentilerinin kullan\u0131m\u0131na ili\u015fkin veri koruma beyan\u0131 (Be\u011fen d\u00fc\u011fmesi)<\/h2>\n\n\n\n<p>A\u00e7\u0131k<br>Sayfalar\u0131m\u0131z sosyal a\u011f Facebook, sa\u011flay\u0131c\u0131 Facebook Inc., 1 Hacker Way&#039;in eklentilerini i\u00e7erir.<br>Menlo Park, Kaliforniya 94025, ABD, entegre. Facebook eklentilerini Facebook&#039;tan tan\u0131yabilirsiniz<br>logo veya sitemizdeki \u201cBe\u011fen\u201d butonu. Genel bir bak\u0131\u015f<br>Facebook eklentilerini burada bulabilirsiniz:<a href=\"http:\/\/developers.facebook.com\/docs\/plugins\/\" target=\"_blank\" rel=\"noreferrer noopener\"><br>http:\/\/developers.facebook.com\/docs\/plugins\/<\/a>.<\/p>\n\n\n\n<p>Sayfalar\u0131m\u0131z\u0131 ziyaret etti\u011finizde,<br>Eklenti, taray\u0131c\u0131n\u0131z ile Facebook sunucusu aras\u0131nda do\u011frudan bir ba\u011flant\u0131 olu\u015fturur<br>\u00fcretilmi\u015ftir. B\u00f6ylece Facebook, IP adresinizle sitemizi ziyaret etti\u011finiz bilgisini al\u0131r.<br>ziyaret. Facebook&#039;tayken Facebook&#039;un &quot;Be\u011fen&quot; butonuna t\u0131klarsan\u0131z<br>Hesab\u0131n\u0131zda oturum a\u00e7t\u0131ysan\u0131z sayfalar\u0131m\u0131z\u0131n i\u00e7eriklerini Facebook profilinize ba\u011flayabilirsiniz.<br>Bu, Facebook&#039;un sayfalar\u0131m\u0131za yapt\u0131\u011f\u0131n\u0131z ziyareti kullan\u0131c\u0131 hesab\u0131n\u0131za atamas\u0131na olanak tan\u0131r. Bunu belirtiyoruz<br>sayfalar\u0131n sa\u011flay\u0131c\u0131lar\u0131 olarak, iletilen verilerin i\u00e7eri\u011fi veya bunlar\u0131n i\u00e7eri\u011fi hakk\u0131nda hi\u00e7bir bilgimiz olmad\u0131\u011f\u0131n\u0131 belirtiriz.<br>Facebook taraf\u0131ndan kullan\u0131ld\u0131. Daha fazla bilgiyi \u015furada bulabilirsiniz:<br>Facebook&#039;un gizlilik politikas\u0131&nbsp;<a href=\"http:\/\/de-de.facebook.com\/policy.php\" target=\"_blank\" rel=\"noreferrer noopener\">http:\/\/dede.<br>facebook.com\/policy.php<\/a>.<\/p>\n\n\n\n<p>Facebook&#039;un ziyaret etmesini istemiyorsan\u0131z<br>Sayfalar\u0131m\u0131z\u0131 Facebook kullan\u0131c\u0131 hesab\u0131n\u0131za atamak i\u00e7in l\u00fctfen Facebook hesab\u0131n\u0131zdan giri\u015f yap\u0131n.<br>Kullan\u0131c\u0131 hesab\u0131.<\/p>\n\n\n\n<h2 class=\"wp-block-heading\">Kullan\u0131m\u0131na ili\u015fkin veri koruma beyan\u0131<br>instagram<\/h2>\n\n\n\n<p>Instagram hizmetinin i\u015flevleri sayfalar\u0131m\u0131za entegre edilmi\u015ftir. Bu<br>\u0130\u015flevler Instagram Inc., 1601 Willow Road, Menlo Park, CA, 94025, ABD taraf\u0131ndan sunulmaktad\u0131r.<br>Birle\u015fik. Instagram hesab\u0131n\u0131za giri\u015f yapt\u0131ysan\u0131z, simgesine t\u0131klayabilirsiniz.<br>Instagram d\u00fc\u011fmeleri sayfalar\u0131m\u0131z\u0131n i\u00e7eri\u011fini Instagram profilinize ba\u011flar. Bu izin verir<br>Instagram sayfalar\u0131m\u0131za yapt\u0131\u011f\u0131n\u0131z ziyareti kullan\u0131c\u0131 hesab\u0131n\u0131za atar. olarak \u015funu belirtmek isteriz ki<br>Sayfalar\u0131n sa\u011flay\u0131c\u0131lar\u0131, iletilen verilerin i\u00e7eri\u011fi veya bunlar\u0131n nas\u0131l kullan\u0131ld\u0131\u011f\u0131 hakk\u0131nda hi\u00e7bir bilgiye sahip de\u011fildir.<br>Instagram&#039;\u0131 edinin.<\/p>\n\n\n\n<p>Daha fazla bilgiyi veri koruma beyan\u0131nda bulabilirsiniz<br>Instagram&#039;dan:<a href=\"http:\/\/instagram.com\/about\/legal\/privacy\/\" target=\"_blank\" rel=\"noreferrer noopener\"><br>http:\/\/instagram.com\/about\/legal\/privacy\/<\/a><\/p>\n\n\n\n<h2 class=\"wp-block-heading\">SSL \u015fifreleme<\/h2>\n\n\n\n<p>Bu site g\u00fcvenlik nedeniyle ve iletimi korumak i\u00e7in kullan\u0131lmaktad\u0131r<br>Site operat\u00f6r\u00fc olarak bize g\u00f6nderdi\u011finiz sorular gibi gizli i\u00e7erik, SSL \u015fifrelemesi<br>\u00e7\u00f6z\u00fcm. \u015eifreli bir ba\u011flant\u0131y\u0131 adres sat\u0131r\u0131ndan tan\u0131yabilirsiniz<br>taray\u0131c\u0131 \u201chttp:\/\/\u201dden \u201chttps:\/\/\u201dye de\u011fi\u015fir ve kilit simgesi<br>taray\u0131c\u0131 hatt\u0131n\u0131z.<\/p>\n\n\n\n<p>SSL \u015fifreleme etkinle\u015ftirilirse veriler<br>Bunu bize iletirsiniz ve \u00fc\u00e7\u00fcnc\u00fc \u015fah\u0131slar taraf\u0131ndan okunamaz.<\/p>\n\n\n\n<h2 class=\"wp-block-heading\">Bilgi,<br>Silme, engelleme<\/h2>\n\n\n\n<p>\u0130stedi\u011finiz zaman \u00fccretsiz bilgi edinme hakk\u0131na sahipsiniz<br>Saklanan ki\u015fisel verileriniz, bunlar\u0131n kayna\u011f\u0131 ve al\u0131c\u0131lar\u0131 ve saklanma amac\u0131<br>Veri i\u015fleme ve bu verileri d\u00fczeltme, engelleme veya silme hakk\u0131. Bunun i\u00e7in<br>Ki\u015fisel verilere ili\u015fkin ba\u015fka sorular\u0131n\u0131z varsa istedi\u011finiz zaman bizimle ileti\u015fime ge\u00e7ebilirsiniz.<br>Yasal bildirimde belirtilen adresten bizimle ileti\u015fime ge\u00e7in.<\/p>\n\n\n\n<p>Kaynak:&nbsp;<a href=\"https:\/\/www.e-recht24.de\/\" target=\"_blank\" rel=\"noreferrer noopener\">e-recht24.de<\/a><\/p>","protected":false},"excerpt":{"rendered":"<p>Verilerin korunmas\u0131 Bu sayfalar\u0131n operat\u00f6rleri ki\u015fisel verilerinizin korunmas\u0131n\u0131 \u00e7ok ciddiye almaktad\u0131r. Ki\u015fisel verilerinizi gizli olarak ve yasal veri koruma d\u00fczenlemelerine ve bu veri koruma beyan\u0131na uygun olarak ele al\u0131yoruz. Web sitemizi herhangi bir ki\u015fisel veri sa\u011flamadan kullanmak genellikle m\u00fcmk\u00fcnd\u00fcr. Sayfalar\u0131m\u0131zda ki\u015fisel veriler (\u00f6rn. isim, adres veya e-posta adresleri) toplan\u0131rken, bu m\u00fcmk\u00fcn oldu\u011funca her zaman g\u00f6n\u00fcll\u00fcl\u00fck esas\u0131na g\u00f6re yap\u0131l\u0131r. \u2026<\/p>","protected":false},"author":1,"featured_media":0,"parent":0,"menu_order":0,"comment_status":"closed","ping_status":"closed","template":"","meta":{"site-sidebar-layout":"default","site-content-layout":"","ast-site-content-layout":"","site-content-style":"default","site-sidebar-style":"default","ast-global-header-display":"","ast-banner-title-visibility":"","ast-main-header-display":"","ast-hfb-above-header-display":"","ast-hfb-below-header-display":"","ast-hfb-mobile-header-display":"","site-post-title":"","ast-breadcrumbs-content":"","ast-featured-img":"","footer-sml-layout":"","theme-transparent-header-meta":"","adv-header-id-meta":"","stick-header-meta":"","header-above-stick-meta":"","header-main-stick-meta":"","header-below-stick-meta":"","astra-migrate-meta-layouts":"default","ast-page-background-enabled":"default","ast-page-background-meta":{"desktop":{"background-color":"var(--ast-global-color-4)","background-image":"","background-repeat":"repeat","background-position":"center center","background-size":"auto","background-attachment":"scroll","background-type":"","background-media":"","overlay-type":"","overlay-color":"","overlay-opacity":"","overlay-gradient":""},"tablet":{"background-color":"","background-image":"","background-repeat":"repeat","background-position":"center center","background-size":"auto","background-attachment":"scroll","background-type":"","background-media":"","overlay-type":"","overlay-color":"","overlay-opacity":"","overlay-gradient":""},"mobile":{"background-color":"","background-image":"","background-repeat":"repeat","background-position":"center center","background-size":"auto","background-attachment":"scroll","background-type":"","background-media":"","overlay-type":"","overlay-color":"","overlay-opacity":"","overlay-gradient":""}},"ast-content-background-meta":{"desktop":{"background-color":"var(--ast-global-color-5)","background-image":"","background-repeat":"repeat","background-position":"center center","background-size":"auto","background-attachment":"scroll","background-type":"","background-media":"","overlay-type":"","overlay-color":"","overlay-opacity":"","overlay-gradient":""},"tablet":{"background-color":"var(--ast-global-color-5)","background-image":"","background-repeat":"repeat","background-position":"center center","background-size":"auto","background-attachment":"scroll","background-type":"","background-media":"","overlay-type":"","overlay-color":"","overlay-opacity":"","overlay-gradient":""},"mobile":{"background-color":"var(--ast-global-color-5)","background-image":"","background-repeat":"repeat","background-position":"center center","background-size":"auto","background-attachment":"scroll","background-type":"","background-media":"","overlay-type":"","overlay-color":"","overlay-opacity":"","overlay-gradient":""}},"footnotes":""},"class_list":["post-1023","page","type-page","status-publish","hentry"],"_links":{"self":[{"href":"https:\/\/patricks-fahrschule.de\/tr\/wp-json\/wp\/v2\/pages\/1023","targetHints":{"allow":["GET"]}}],"collection":[{"href":"https:\/\/patricks-fahrschule.de\/tr\/wp-json\/wp\/v2\/pages"}],"about":[{"href":"https:\/\/patricks-fahrschule.de\/tr\/wp-json\/wp\/v2\/types\/page"}],"author":[{"embeddable":true,"href":"https:\/\/patricks-fahrschule.de\/tr\/wp-json\/wp\/v2\/users\/1"}],"replies":[{"embeddable":true,"href":"https:\/\/patricks-fahrschule.de\/tr\/wp-json\/wp\/v2\/comments?post=1023"}],"version-history":[{"count":0,"href":"https:\/\/patricks-fahrschule.de\/tr\/wp-json\/wp\/v2\/pages\/1023\/revisions"}],"wp:attachment":[{"href":"https:\/\/patricks-fahrschule.de\/tr\/wp-json\/wp\/v2\/media?parent=1023"}],"curies":[{"name":"wp","href":"https:\/\/api.w.org\/{rel}","templated":true}]}}