{"id":1075,"date":"2023-03-09T14:27:25","date_gmt":"2023-03-09T14:27:25","guid":{"rendered":"https:\/\/patricks-fahrschule.de\/?page_id=1075"},"modified":"2024-07-02T08:53:30","modified_gmt":"2024-07-02T08:53:30","slug":"klassen","status":"publish","type":"page","link":"https:\/\/patricks-fahrschule.de\/tr\/siniflar\/","title":{"rendered":"s\u0131n\u0131flar"},"content":{"rendered":"<div data-elementor-type=\"wp-page\" data-elementor-id=\"1075\" class=\"elementor elementor-1075\" data-elementor-post-type=\"page\">\n\t\t\t\t\t\t<section class=\"elementor-section elementor-top-section elementor-element elementor-element-5b828e3 elementor-section-boxed elementor-section-height-default elementor-section-height-default\" data-id=\"5b828e3\" data-element_type=\"section\" data-e-type=\"section\" data-settings=\"{&quot;background_background&quot;:&quot;classic&quot;}\">\n\t\t\t\t\t\t\t<div class=\"elementor-background-overlay\"><\/div>\n\t\t\t\t\t\t\t<div class=\"elementor-container elementor-column-gap-no\">\n\t\t\t\t\t<div class=\"elementor-column elementor-col-100 elementor-top-column elementor-element elementor-element-73f9b90\" data-id=\"73f9b90\" data-element_type=\"column\" data-e-type=\"column\">\n\t\t\t<div class=\"elementor-widget-wrap elementor-element-populated\">\n\t\t\t\t\t\t<div class=\"elementor-element elementor-element-6cb9832 elementor-widget elementor-widget-heading\" data-id=\"6cb9832\" data-element_type=\"widget\" data-e-type=\"widget\" data-widget_type=\"heading.default\">\n\t\t\t\t\t<h1 class=\"elementor-heading-title elementor-size-default\">Ehliyet dersleri<\/h1>\t\t\t\t<\/div>\n\t\t\t\t\t<\/div>\n\t\t<\/div>\n\t\t\t\t\t<\/div>\n\t\t<\/section>\n\t\t\t\t<section class=\"elementor-section elementor-top-section elementor-element elementor-element-e1dbddd elementor-section-boxed elementor-section-height-default elementor-section-height-default\" data-id=\"e1dbddd\" data-element_type=\"section\" data-e-type=\"section\" data-settings=\"{&quot;background_background&quot;:&quot;classic&quot;}\">\n\t\t\t\t\t\t<div class=\"elementor-container elementor-column-gap-no\">\n\t\t\t\t\t<div class=\"elementor-column elementor-col-100 elementor-top-column elementor-element elementor-element-2b7e244\" data-id=\"2b7e244\" data-element_type=\"column\" data-e-type=\"column\">\n\t\t\t<div class=\"elementor-widget-wrap elementor-element-populated\">\n\t\t\t\t\t\t<section class=\"elementor-section elementor-inner-section elementor-element elementor-element-6c959f9 elementor-section-boxed elementor-section-height-default elementor-section-height-default\" data-id=\"6c959f9\" data-element_type=\"section\" data-e-type=\"section\">\n\t\t\t\t\t\t<div class=\"elementor-container elementor-column-gap-default\">\n\t\t\t\t\t<div class=\"elementor-column elementor-col-100 elementor-inner-column elementor-element elementor-element-d8c7529\" data-id=\"d8c7529\" data-element_type=\"column\" data-e-type=\"column\">\n\t\t\t<div class=\"elementor-widget-wrap elementor-element-populated\">\n\t\t\t\t\t\t<div class=\"elementor-element elementor-element-7c7d877 elementor-widget elementor-widget-text-editor\" data-id=\"7c7d877\" data-element_type=\"widget\" data-e-type=\"widget\" data-widget_type=\"text-editor.default\">\n\t\t\t\t\t\t\t\t\t<div class=\"section mcb-section mcb-section-d288cfb4b dark\"><div class=\"section_wrapper mcb-section-inner\"><div class=\"wrap mcb-wrap mcb-wrap-5ed72e836 one valign-top clearfix\" data-col=\"one\"><div class=\"mcb-wrap-inner\"><div class=\"column mcb-column mcb-item-6474b5b50 one column_column\"><div class=\"column_attr clearfix\"><h2><span style=\"color: #ffffff;\">Biz \u015funlar\u0131 e\u011fitiyoruz:<\/span><\/h2><\/div><\/div><\/div><\/div><\/div><\/div>\t\t\t\t\t\t\t\t<\/div>\n\t\t\t\t\t<\/div>\n\t\t<\/div>\n\t\t\t\t\t<\/div>\n\t\t<\/section>\n\t\t\t\t<section class=\"elementor-section elementor-inner-section elementor-element elementor-element-3c49b84 elementor-section-boxed elementor-section-height-default elementor-section-height-default\" data-id=\"3c49b84\" data-element_type=\"section\" data-e-type=\"section\">\n\t\t\t\t\t\t<div class=\"elementor-container elementor-column-gap-default\">\n\t\t\t\t\t<div class=\"elementor-column elementor-col-20 elementor-inner-column elementor-element elementor-element-93b9317\" data-id=\"93b9317\" data-element_type=\"column\" data-e-type=\"column\">\n\t\t\t<div class=\"elementor-widget-wrap elementor-element-populated\">\n\t\t\t\t\t\t<div class=\"elementor-element elementor-element-875bfe5 elementor-position-top elementor-widget elementor-widget-image-box\" data-id=\"875bfe5\" data-element_type=\"widget\" data-e-type=\"widget\" data-widget_type=\"image-box.default\">\n\t\t\t\t\t<div class=\"elementor-image-box-wrapper\"><figure class=\"elementor-image-box-img\"><img decoding=\"async\" width=\"100\" height=\"100\" src=\"https:\/\/patricks-fahrschule.de\/wp-content\/uploads\/2023\/03\/klasse-b.webp\" class=\"attachment-full size-full wp-image-990\" alt=\"B s\u0131n\u0131f\u0131\" title=\"\"><\/figure><div class=\"elementor-image-box-content\"><h3 class=\"elementor-image-box-title\">B s\u0131n\u0131f\u0131<\/h3><p class=\"elementor-image-box-description\">Klasik otomobil ehliyeti<\/p><\/div><\/div>\t\t\t\t<\/div>\n\t\t\t\t\t<\/div>\n\t\t<\/div>\n\t\t\t\t<div class=\"elementor-column elementor-col-20 elementor-inner-column elementor-element elementor-element-ff5a27d\" data-id=\"ff5a27d\" data-element_type=\"column\" data-e-type=\"column\">\n\t\t\t<div class=\"elementor-widget-wrap elementor-element-populated\">\n\t\t\t\t\t\t<div class=\"elementor-element elementor-element-f50acd1 elementor-position-top elementor-widget elementor-widget-image-box\" data-id=\"f50acd1\" data-element_type=\"widget\" data-e-type=\"widget\" data-widget_type=\"image-box.default\">\n\t\t\t\t\t<div class=\"elementor-image-box-wrapper\"><figure class=\"elementor-image-box-img\"><img decoding=\"async\" width=\"100\" height=\"100\" src=\"https:\/\/patricks-fahrschule.de\/wp-content\/uploads\/2023\/03\/klasse-be.webp\" class=\"attachment-full size-full wp-image-991\" alt=\"S\u0131n\u0131f BE\" title=\"\"><\/figure><div class=\"elementor-image-box-content\"><h3 class=\"elementor-image-box-title\">S\u0131n\u0131f BE<\/h3><p class=\"elementor-image-box-description\">(3,5 tona kadar izin verilen toplam k\u00fctleye kadar r\u00f6morklar)<\/p><\/div><\/div>\t\t\t\t<\/div>\n\t\t\t\t\t<\/div>\n\t\t<\/div>\n\t\t\t\t<div class=\"elementor-column elementor-col-20 elementor-inner-column elementor-element elementor-element-3beb0a6\" data-id=\"3beb0a6\" data-element_type=\"column\" data-e-type=\"column\">\n\t\t\t<div class=\"elementor-widget-wrap elementor-element-populated\">\n\t\t\t\t\t\t<div class=\"elementor-element elementor-element-0e004d8 elementor-position-top elementor-widget elementor-widget-image-box\" data-id=\"0e004d8\" data-element_type=\"widget\" data-e-type=\"widget\" data-widget_type=\"image-box.default\">\n\t\t\t\t\t<div class=\"elementor-image-box-wrapper\"><figure class=\"elementor-image-box-img\"><img decoding=\"async\" width=\"100\" height=\"100\" src=\"https:\/\/patricks-fahrschule.de\/wp-content\/uploads\/2023\/03\/klasse-am.webp\" class=\"attachment-full size-full wp-image-992\" alt=\"AM S\u0131n\u0131f\u0131\" title=\"\"><\/figure><div class=\"elementor-image-box-content\"><h3 class=\"elementor-image-box-title\">AM S\u0131n\u0131f\u0131<\/h3><\/div><\/div>\t\t\t\t<\/div>\n\t\t\t\t\t<\/div>\n\t\t<\/div>\n\t\t\t\t<div class=\"elementor-column elementor-col-20 elementor-inner-column elementor-element elementor-element-ea3dd9b\" data-id=\"ea3dd9b\" data-element_type=\"column\" data-e-type=\"column\">\n\t\t\t<div class=\"elementor-widget-wrap elementor-element-populated\">\n\t\t\t\t\t\t<div class=\"elementor-element elementor-element-a644f28 elementor-position-top elementor-widget elementor-widget-image-box\" data-id=\"a644f28\" data-element_type=\"widget\" data-e-type=\"widget\" data-widget_type=\"image-box.default\">\n\t\t\t\t\t<div class=\"elementor-image-box-wrapper\"><figure class=\"elementor-image-box-img\"><img loading=\"lazy\" decoding=\"async\" width=\"100\" height=\"100\" src=\"https:\/\/patricks-fahrschule.de\/wp-content\/uploads\/2023\/03\/klasse-a12.webp\" class=\"attachment-full size-full wp-image-993\" alt=\"A12 S\u0131n\u0131f\u0131\" title=\"\"><\/figure><div class=\"elementor-image-box-content\"><h3 class=\"elementor-image-box-title\">A \/ A1 \/ A2 S\u0131n\u0131f\u0131<\/h3><\/div><\/div>\t\t\t\t<\/div>\n\t\t\t\t\t<\/div>\n\t\t<\/div>\n\t\t\t\t<div class=\"elementor-column elementor-col-20 elementor-inner-column elementor-element elementor-element-20e888d\" data-id=\"20e888d\" data-element_type=\"column\" data-e-type=\"column\">\n\t\t\t<div class=\"elementor-widget-wrap elementor-element-populated\">\n\t\t\t\t\t\t<div class=\"elementor-element elementor-element-40f0798 elementor-position-top elementor-widget elementor-widget-image-box\" data-id=\"40f0798\" data-element_type=\"widget\" data-e-type=\"widget\" data-widget_type=\"image-box.default\">\n\t\t\t\t\t<div class=\"elementor-image-box-wrapper\"><figure class=\"elementor-image-box-img\"><img loading=\"lazy\" decoding=\"async\" width=\"100\" height=\"100\" src=\"https:\/\/patricks-fahrschule.de\/wp-content\/uploads\/2023\/03\/mofa.webp\" class=\"attachment-full size-full wp-image-1039\" alt=\"MOPED\" title=\"\"><\/figure><div class=\"elementor-image-box-content\"><h3 class=\"elementor-image-box-title\">MOPED<\/h3><p class=\"elementor-image-box-description\">(test sertifikas\u0131)<\/p><\/div><\/div>\t\t\t\t<\/div>\n\t\t\t\t\t<\/div>\n\t\t<\/div>\n\t\t\t\t\t<\/div>\n\t\t<\/section>\n\t\t\t\t<div class=\"elementor-element elementor-element-e34b598 elementor-widget elementor-widget-spacer\" data-id=\"e34b598\" data-element_type=\"widget\" data-e-type=\"widget\" data-widget_type=\"spacer.default\">\n\t\t\t\t\t\t\t<div class=\"elementor-spacer\">\n\t\t\t<div class=\"elementor-spacer-inner\"><\/div>\n\t\t<\/div>\n\t\t\t\t\t\t<\/div>\n\t\t\t\t<section class=\"elementor-section elementor-inner-section elementor-element elementor-element-2344253 elementor-section-boxed elementor-section-height-default elementor-section-height-default\" data-id=\"2344253\" data-element_type=\"section\" data-e-type=\"section\">\n\t\t\t\t\t\t<div class=\"elementor-container elementor-column-gap-default\">\n\t\t\t\t\t<div class=\"elementor-column elementor-col-100 elementor-inner-column elementor-element elementor-element-d69cd63\" data-id=\"d69cd63\" data-element_type=\"column\" data-e-type=\"column\">\n\t\t\t<div class=\"elementor-widget-wrap elementor-element-populated\">\n\t\t\t\t\t\t<div class=\"elementor-element elementor-element-29069d2 elementor-widget__width-initial elementor-widget elementor-widget-button\" data-id=\"29069d2\" data-element_type=\"widget\" data-e-type=\"widget\" data-widget_type=\"button.default\">\n\t\t\t\t\t\t\t\t\t\t<a class=\"elementor-button elementor-button-link elementor-size-sm\" href=\"https:\/\/patricks-fahrschule.de\/tr\/anmelden\/\">\n\t\t\t\t\t\t<span class=\"elementor-button-content-wrapper\">\n\t\t\t\t\t\t\t\t\t<span class=\"elementor-button-text\">\u00c7evrimi\u00e7i kay\u0131t<\/span>\n\t\t\t\t\t<\/span>\n\t\t\t\t\t<\/a>\n\t\t\t\t\t\t\t\t<\/div>\n\t\t\t\t\t<\/div>\n\t\t<\/div>\n\t\t\t\t\t<\/div>\n\t\t<\/section>\n\t\t\t\t\t<\/div>\n\t\t<\/div>\n\t\t\t\t\t<\/div>\n\t\t<\/section>\n\t\t\t\t<section class=\"elementor-section elementor-top-section elementor-element elementor-element-9ca55ae elementor-section-boxed elementor-section-height-default elementor-section-height-default\" data-id=\"9ca55ae\" data-element_type=\"section\" data-e-type=\"section\" data-settings=\"{&quot;background_background&quot;:&quot;classic&quot;}\">\n\t\t\t\t\t\t<div class=\"elementor-container elementor-column-gap-no\">\n\t\t\t\t\t<div class=\"elementor-column elementor-col-100 elementor-top-column elementor-element elementor-element-285d1fe\" data-id=\"285d1fe\" data-element_type=\"column\" data-e-type=\"column\">\n\t\t\t<div class=\"elementor-widget-wrap elementor-element-populated\">\n\t\t\t\t\t\t<div class=\"elementor-element elementor-element-da4a5b5 elementor-widget elementor-widget-heading\" data-id=\"da4a5b5\" data-element_type=\"widget\" data-e-type=\"widget\" data-widget_type=\"heading.default\">\n\t\t\t\t\t<h3 class=\"elementor-heading-title elementor-size-default\">Ehliyet s\u0131n\u0131flar\u0131 hakk\u0131nda t\u00fcm bilgiler<\/h3>\t\t\t\t<\/div>\n\t\t\t\t<div class=\"elementor-element elementor-element-6108ee1 elementor-widget elementor-widget-heading\" data-id=\"6108ee1\" data-element_type=\"widget\" data-e-type=\"widget\" data-widget_type=\"heading.default\">\n\t\t\t\t\t<h2 class=\"elementor-heading-title elementor-size-default\">Hangi ehliyet s\u0131n\u0131flar\u0131 var?<\/h2>\t\t\t\t<\/div>\n\t\t\t\t<div class=\"elementor-element elementor-element-a1a8fe3 elementor-widget elementor-widget-text-editor\" data-id=\"a1a8fe3\" data-element_type=\"widget\" data-e-type=\"widget\" data-widget_type=\"text-editor.default\">\n\t\t\t\t\t\t\t\t\t<p>Bir s\u00fcr\u00fcc\u00fc kursu genellikle her \u00fclkenin yasa ve d\u00fczenlemelerine ba\u011fl\u0131 olarak \u00e7e\u015fitli dersler sunar. Bir s\u00fcr\u00fcc\u00fc okulunun genellikle sunabilece\u011fi baz\u0131 dersler \u015funlard\u0131r:<\/p><ol><li>B S\u0131n\u0131f\u0131 (araba ehliyeti)<\/li><li>A S\u0131n\u0131f\u0131 (motosiklet ehliyeti)<\/li><li>C s\u0131n\u0131f\u0131 (kamyon ehliyeti)<\/li><li>D S\u0131n\u0131f\u0131 (otob\u00fcs ehliyeti)<\/li><li>BE S\u0131n\u0131f\u0131 (r\u00f6mork ehliyeti)<\/li><li>CE S\u0131n\u0131f\u0131 (r\u00f6morklu kamyon ehliyeti)<\/li><li>DE S\u0131n\u0131f\u0131 (r\u00f6morklu otob\u00fcs ehliyeti)<\/li><li>T S\u0131n\u0131f\u0131 (trakt\u00f6r ehliyeti)<\/li><li>moped<\/li><li>S\u0131n\u0131f AM (scooter ehliyeti)<\/li><\/ol><p>Ancak s\u0131n\u0131flar\u0131n ve gereksinimlerin \u00fclkeye ve b\u00f6lgeye g\u00f6re de\u011fi\u015febilece\u011fini unutmamak \u00f6nemlidir.<\/p>\t\t\t\t\t\t\t\t<\/div>\n\t\t\t\t<div class=\"elementor-element elementor-element-6568c7f elementor-widget elementor-widget-heading\" data-id=\"6568c7f\" data-element_type=\"widget\" data-e-type=\"widget\" data-widget_type=\"heading.default\">\n\t\t\t\t\t<h2 class=\"elementor-heading-title elementor-size-default\">B196 uzant\u0131s\u0131 nedir?<\/h2>\t\t\t\t<\/div>\n\t\t\t\t<div class=\"elementor-element elementor-element-643424e elementor-widget elementor-widget-text-editor\" data-id=\"643424e\" data-element_type=\"widget\" data-e-type=\"widget\" data-widget_type=\"text-editor.default\">\n\t\t\t\t\t\t\t\t\t<div class=\"w-full border-b border-black\/10 dark:border-gray-900\/50 text-gray-800 dark:text-gray-100 group bg-gray-50 dark:bg-[#444654]\"><div class=\"text-base gap-4 md:gap-6 m-auto md:max-w-2xl lg:max-w-2xl xl:max-w-3xl p-4 md:py-6 flex lg:px-0\"><div class=\"relative flex w-[calc(100%-50px)] flex-col gap-1 md:gap-3 lg:w-[calc(100%-115px)]\"><div class=\"flex flex-grow flex-col gap-3\"><div class=\"min-h-[20px] flex flex-col items-start gap-4 whitespace-pre-wrap\"><div class=\"markdown prose w-full break-words dark:prose-invert dark\"><p>B196 uzant\u0131s\u0131, Almanya&#039;da uygulamaya konulan B S\u0131n\u0131f\u0131 ara\u00e7 ehliyetinin \u00f6zel bir uzant\u0131s\u0131n\u0131 ifade eder. Bu geni\u015fletme ile B S\u0131n\u0131f\u0131 s\u00fcr\u00fcc\u00fcler, ayr\u0131 bir motosiklet testine girmek zorunda kalmadan A1 S\u0131n\u0131f\u0131 motosikletleri (hafif motosikletler) kullanabilirler.<\/p><p>B196 uzatmas\u0131n\u0131 alabilmek i\u00e7in, \u00f6\u011frenci s\u00fcr\u00fcc\u00fclerin motosiklette en az d\u00f6rt teorik ders ve be\u015f pratik s\u00fcr\u00fc\u015f dersi i\u00e7eren \u00f6zel bir ek kursu tamamlamalar\u0131 gerekir. Ayr\u0131ca \u00f6\u011frenci s\u00fcr\u00fcc\u00fcn\u00fcn en az 25 ya\u015f\u0131nda olmas\u0131 ve en az be\u015f y\u0131ll\u0131k B s\u0131n\u0131f\u0131 ara\u00e7 ehliyetine sahip olmas\u0131 gerekir.<\/p><p>B196 uzant\u0131s\u0131, otomobil s\u00fcr\u00fcc\u00fclerinin motosiklete ge\u00e7i\u015fini kolayla\u015ft\u0131rarak alternatif ula\u015f\u0131m ara\u00e7lar\u0131na ge\u00e7erek trafi\u011fi rahatlatmay\u0131 ve \u00e7evreyi korumay\u0131 ama\u00e7l\u0131yor.<\/p><\/div><\/div><\/div><div class=\"flex justify-between\"><div class=\"text-gray-400 flex self-end lg:self-center justify-center mt-2 gap-3 md:gap-4 lg:gap-1 lg:absolute lg:top-0 lg:translate-x-full lg:right-0 lg:mt-0 lg:pl-2 visible\">\u00a0<\/div><\/div><\/div><\/div><\/div>\t\t\t\t\t\t\t\t<\/div>\n\t\t\t\t<div class=\"elementor-element elementor-element-ef676a6 elementor-widget__width-initial elementor-widget elementor-widget-button\" data-id=\"ef676a6\" data-element_type=\"widget\" data-e-type=\"widget\" data-widget_type=\"button.default\">\n\t\t\t\t\t\t\t\t\t\t<a class=\"elementor-button elementor-button-link elementor-size-sm\" href=\"https:\/\/patricks-fahrschule.de\/tr\/b196\/\">\n\t\t\t\t\t\t<span class=\"elementor-button-content-wrapper\">\n\t\t\t\t\t\t\t\t\t<span class=\"elementor-button-text\">B196 hakk\u0131nda daha fazla bilgi<\/span>\n\t\t\t\t\t<\/span>\n\t\t\t\t\t<\/a>\n\t\t\t\t\t\t\t\t<\/div>\n\t\t\t\t\t<\/div>\n\t\t<\/div>\n\t\t\t\t\t<\/div>\n\t\t<\/section>\n\t\t\t\t<section class=\"elementor-section elementor-top-section elementor-element elementor-element-ec4a9f2 elementor-section-content-middle elementor-section-boxed elementor-section-height-default elementor-section-height-default\" data-id=\"ec4a9f2\" data-element_type=\"section\" data-e-type=\"section\" data-settings=\"{&quot;background_background&quot;:&quot;classic&quot;}\">\n\t\t\t\t\t\t<div class=\"elementor-container elementor-column-gap-default\">\n\t\t\t\t\t<div class=\"elementor-column elementor-col-66 elementor-top-column elementor-element elementor-element-c52f644\" data-id=\"c52f644\" data-element_type=\"column\" data-e-type=\"column\">\n\t\t\t<div class=\"elementor-widget-wrap elementor-element-populated\">\n\t\t\t\t\t\t<div class=\"elementor-element elementor-element-a225fd1 elementor-widget elementor-widget-text-editor\" data-id=\"a225fd1\" data-element_type=\"widget\" data-e-type=\"widget\" data-widget_type=\"text-editor.default\">\n\t\t\t\t\t\t\t\t\t<h2><span style=\"color: #ffffff;\">\u00c7evirimi\u00e7i kay\u0131t<\/span><\/h2>\nH\u0131zl\u0131 ve ba\u011flay\u0131c\u0131 de\u011fildir.\n<strong>Sadece 5 dakika i\u00e7inde!<\/strong>\t\t\t\t\t\t\t\t<\/div>\n\t\t\t\t\t<\/div>\n\t\t<\/div>\n\t\t\t\t<div class=\"elementor-column elementor-col-33 elementor-top-column elementor-element elementor-element-54abcc6\" data-id=\"54abcc6\" data-element_type=\"column\" data-e-type=\"column\">\n\t\t\t<div class=\"elementor-widget-wrap elementor-element-populated\">\n\t\t\t\t\t\t<div class=\"elementor-element elementor-element-6bbccf3 elementor-widget__width-initial elementor-widget elementor-widget-button\" data-id=\"6bbccf3\" data-element_type=\"widget\" data-e-type=\"widget\" data-widget_type=\"button.default\">\n\t\t\t\t\t\t\t\t\t\t<a class=\"elementor-button elementor-button-link elementor-size-sm\" href=\"https:\/\/patricks-fahrschule.de\/tr\/anmelden\/\">\n\t\t\t\t\t\t<span class=\"elementor-button-content-wrapper\">\n\t\t\t\t\t\t\t\t\t<span class=\"elementor-button-text\">Kay\u0131t i\u00e7in<\/span>\n\t\t\t\t\t<\/span>\n\t\t\t\t\t<\/a>\n\t\t\t\t\t\t\t\t<\/div>\n\t\t\t\t\t<\/div>\n\t\t<\/div>\n\t\t\t\t\t<\/div>\n\t\t<\/section>\n\t\t\t\t<\/div>","protected":false},"excerpt":{"rendered":"<p>Ehliyet s\u0131n\u0131flar\u0131 E\u011fitim veriyoruz: B S\u0131n\u0131f\u0131 Klasik otomobil ehliyeti BE S\u0131n\u0131f\u0131 (izin verilen toplam k\u00fctle 3,5 tona kadar r\u00f6mork) AM S\u0131n\u0131f\u0131 A \/ A1 \/ A2 S\u0131n\u0131f\u0131 MOFA (test sertifikas\u0131) \u00c7evrimi\u00e7i kaydolun Ehliyet s\u0131n\u0131flar\u0131 hakk\u0131nda t\u00fcm bilgiler Hangi ehliyet s\u0131n\u0131flar\u0131 varm\u0131? Bir s\u00fcr\u00fcc\u00fc kursu olarak, genellikle ilgili \u00fclkenin yasa ve y\u00f6netmeliklerine ba\u011fl\u0131 olarak \u00e7e\u015fitli dersler sunars\u0131n\u0131z...<\/p>","protected":false},"author":1,"featured_media":0,"parent":0,"menu_order":0,"comment_status":"closed","ping_status":"closed","template":"","meta":{"site-sidebar-layout":"no-sidebar","site-content-layout":"page-builder","ast-site-content-layout":"","site-content-style":"default","site-sidebar-style":"default","ast-global-header-display":"","ast-banner-title-visibility":"","ast-main-header-display":"","ast-hfb-above-header-display":"","ast-hfb-below-header-display":"","ast-hfb-mobile-header-display":"","site-post-title":"disabled","ast-breadcrumbs-content":"disabled","ast-featured-img":"disabled","footer-sml-layout":"","theme-transparent-header-meta":"enabled","adv-header-id-meta":"","stick-header-meta":"","header-above-stick-meta":"","header-main-stick-meta":"","header-below-stick-meta":"","astra-migrate-meta-layouts":"default","ast-page-background-enabled":"default","ast-page-background-meta":{"desktop":{"background-color":"var(--ast-global-color-4)","background-image":"","background-repeat":"repeat","background-position":"center center","background-size":"auto","background-attachment":"scroll","background-type":"","background-media":"","overlay-type":"","overlay-color":"","overlay-opacity":"","overlay-gradient":""},"tablet":{"background-color":"","background-image":"","background-repeat":"repeat","background-position":"center center","background-size":"auto","background-attachment":"scroll","background-type":"","background-media":"","overlay-type":"","overlay-color":"","overlay-opacity":"","overlay-gradient":""},"mobile":{"background-color":"","background-image":"","background-repeat":"repeat","background-position":"center center","background-size":"auto","background-attachment":"scroll","background-type":"","background-media":"","overlay-type":"","overlay-color":"","overlay-opacity":"","overlay-gradient":""}},"ast-content-background-meta":{"desktop":{"background-color":"var(--ast-global-color-5)","background-image":"","background-repeat":"repeat","background-position":"center center","background-size":"auto","background-attachment":"scroll","background-type":"","background-media":"","overlay-type":"","overlay-color":"","overlay-opacity":"","overlay-gradient":""},"tablet":{"background-color":"var(--ast-global-color-5)","background-image":"","background-repeat":"repeat","background-position":"center center","background-size":"auto","background-attachment":"scroll","background-type":"","background-media":"","overlay-type":"","overlay-color":"","overlay-opacity":"","overlay-gradient":""},"mobile":{"background-color":"var(--ast-global-color-5)","background-image":"","background-repeat":"repeat","background-position":"center center","background-size":"auto","background-attachment":"scroll","background-type":"","background-media":"","overlay-type":"","overlay-color":"","overlay-opacity":"","overlay-gradient":""}},"footnotes":""},"class_list":["post-1075","page","type-page","status-publish","hentry"],"_links":{"self":[{"href":"https:\/\/patricks-fahrschule.de\/tr\/wp-json\/wp\/v2\/pages\/1075","targetHints":{"allow":["GET"]}}],"collection":[{"href":"https:\/\/patricks-fahrschule.de\/tr\/wp-json\/wp\/v2\/pages"}],"about":[{"href":"https:\/\/patricks-fahrschule.de\/tr\/wp-json\/wp\/v2\/types\/page"}],"author":[{"embeddable":true,"href":"https:\/\/patricks-fahrschule.de\/tr\/wp-json\/wp\/v2\/users\/1"}],"replies":[{"embeddable":true,"href":"https:\/\/patricks-fahrschule.de\/tr\/wp-json\/wp\/v2\/comments?post=1075"}],"version-history":[{"count":0,"href":"https:\/\/patricks-fahrschule.de\/tr\/wp-json\/wp\/v2\/pages\/1075\/revisions"}],"wp:attachment":[{"href":"https:\/\/patricks-fahrschule.de\/tr\/wp-json\/wp\/v2\/media?parent=1075"}],"curies":[{"name":"wp","href":"https:\/\/api.w.org\/{rel}","templated":true}]}}