{"id":2494,"date":"2024-07-09T16:47:21","date_gmt":"2024-07-09T16:47:21","guid":{"rendered":"https:\/\/patricks-fahrschule.de\/?page_id=2494"},"modified":"2026-05-06T08:59:53","modified_gmt":"2026-05-06T08:59:53","slug":"unterrichtskalender","status":"publish","type":"page","link":"https:\/\/patricks-fahrschule.de\/tr\/ders-takvimi\/","title":{"rendered":"S\u0131n\u0131f takvimi"},"content":{"rendered":"<h1 class=\"wp-block-heading\">2026 \u00d6\u011fretim Takvimi<\/h1>\n\n\n\n<p><strong>\u26a0\ufe0f Kutsal Ruh Bayram\u0131 ders takvimleri hakk\u0131nda bildirim<\/strong><\/p>\n\n\n\n<p>Ders takvimlerinin \u015fu anda hala g\u00fcncellenmekte oldu\u011funu l\u00fctfen unutmay\u0131n. Kutsal Ruh Bayram\u0131 ve baz\u0131 s\u00fcr\u00fcc\u00fc e\u011fitmenlerinin izin nedeniyle yoklu\u011fundan dolay\u0131, \u00f6n\u00fcm\u00fczdeki birka\u00e7 g\u00fcn i\u00e7inde ders saatlerinde de\u011fi\u015fiklikler olabilir.<\/p>\n\n\n\n<p>Yay\u0131nlanan takvimler bu nedenle \u015fu anda tam olarak g\u00fcncel de\u011fildir. Ayarlama \u00fczerinde \u00e7al\u0131\u015f\u0131yoruz ve anlay\u0131\u015f\u0131n\u0131z i\u00e7in te\u015fekk\u00fcr ederiz.<\/p>\n\n\n\n<p>\u00c7ok te\u015fekk\u00fcr ederiz!<\/p>\n\n\n\n<h2 class=\"wp-block-heading\">D\u00fcrmersheim<\/h2>\n\n\n\n<div data-wp-interactive=\"core\/file\" class=\"wp-block-file\"><object data-wp-bind--hidden=\"!state.hasPdfPreview\" hidden class=\"wp-block-file__embed\" data=\"https:\/\/patricks-fahrschule.de\/wp-content\/uploads\/2026\/01\/Unterrichtskalender_Durmersheim_2026_1.pdf\" type=\"application\/pdf\" style=\"width:100%;height:600px\" aria-label=\"Ders Takvimi_Durmersheim_2026_1 g\u00f6m\u00fcs\u00fc.\"><\/object><a id=\"wp-block-file--media-91ae9730-30cc-43be-85c4-cfedb07dd5b1\" href=\"https:\/\/patricks-fahrschule.de\/wp-content\/uploads\/2026\/01\/Unterrichtskalender_Durmersheim_2026_1.pdf\">Durmersheim \u00d6\u011fretim Takvimi_2026_1<\/a><a href=\"https:\/\/patricks-fahrschule.de\/wp-content\/uploads\/2026\/01\/Unterrichtskalender_Durmersheim_2026_1.pdf\" class=\"wp-block-file__button wp-element-button\" download aria-describedby=\"wp-block-file--media-91ae9730-30cc-43be-85c4-cfedb07dd5b1\">\u0130ndirmek<\/a><\/div>\n\n\n\n<h2 class=\"wp-block-heading\">H\u00fcgelsheim<\/h2>\n\n\n\n<div data-wp-interactive=\"core\/file\" class=\"wp-block-file\"><object data-wp-bind--hidden=\"!state.hasPdfPreview\" hidden class=\"wp-block-file__embed\" data=\"https:\/\/patricks-fahrschule.de\/wp-content\/uploads\/2025\/07\/Unterrichtskalender_Huegelsheim.pdf\" type=\"application\/pdf\" style=\"width:100%;height:600px\" aria-label=\"\u00d6\u011fretim takvimi_H\u00fcgelsheim g\u00f6m\u00fcs\u00fc.\"><\/object><a id=\"wp-block-file--media-e776d436-836e-4dbb-aea7-d20f28da533d\" href=\"https:\/\/patricks-fahrschule.de\/wp-content\/uploads\/2025\/07\/Unterrichtskalender_Huegelsheim.pdf\">S\u0131n\u0131f takvimi_H\u00fcgelsheim<\/a><a href=\"https:\/\/patricks-fahrschule.de\/wp-content\/uploads\/2025\/07\/Unterrichtskalender_Huegelsheim.pdf\" class=\"wp-block-file__button wp-element-button\" download aria-describedby=\"wp-block-file--media-e776d436-836e-4dbb-aea7-d20f28da533d\">\u0130ndirmek<\/a><\/div>\n\n\n\n<h2 class=\"wp-block-heading\">Iffezheim<\/h2>\n\n\n\n<div data-wp-interactive=\"core\/file\" class=\"wp-block-file\"><object data-wp-bind--hidden=\"!state.hasPdfPreview\" hidden class=\"wp-block-file__embed\" data=\"https:\/\/patricks-fahrschule.de\/wp-content\/uploads\/2026\/01\/Unterrichtskalender_Iffezheim_2026_1.pdf\" type=\"application\/pdf\" style=\"width:100%;height:600px\" aria-label=\"Ders Takvimi_Iffezheim_2026_1 g\u00f6m\u00fcs\u00fc.\"><\/object><a id=\"wp-block-file--media-76ac3ae9-6952-4777-b09c-65ccaf3cbe17\" href=\"https:\/\/patricks-fahrschule.de\/wp-content\/uploads\/2026\/01\/Unterrichtskalender_Iffezheim_2026_1.pdf\">Ders Takvimi_Iffezheim_2026_1<\/a><a href=\"https:\/\/patricks-fahrschule.de\/wp-content\/uploads\/2026\/01\/Unterrichtskalender_Iffezheim_2026_1.pdf\" class=\"wp-block-file__button wp-element-button\" download aria-describedby=\"wp-block-file--media-76ac3ae9-6952-4777-b09c-65ccaf3cbe17\">\u0130ndirmek<\/a><\/div>\n\n\n\n<h2 class=\"wp-block-heading\">Kuppenheim<\/h2>\n\n\n\n<div data-wp-interactive=\"core\/file\" class=\"wp-block-file\"><object data-wp-bind--hidden=\"!state.hasPdfPreview\" hidden class=\"wp-block-file__embed\" data=\"https:\/\/patricks-fahrschule.de\/wp-content\/uploads\/2026\/01\/Unterrichtskalender_Kuppenheim_2026_1.pdf\" type=\"application\/pdf\" style=\"width:100%;height:600px\" aria-label=\"Ders Takvimi_Kuppenheim_2026_1 g\u00f6m\u00fcs\u00fc.\"><\/object><a id=\"wp-block-file--media-d6f1f3d4-3f03-4d2b-82bc-f7d77a2417a5\" href=\"https:\/\/patricks-fahrschule.de\/wp-content\/uploads\/2026\/01\/Unterrichtskalender_Kuppenheim_2026_1.pdf\">\u00d6\u011fretim Takvimi_Kuppenheim_2026_1<\/a><a href=\"https:\/\/patricks-fahrschule.de\/wp-content\/uploads\/2026\/01\/Unterrichtskalender_Kuppenheim_2026_1.pdf\" class=\"wp-block-file__button wp-element-button\" download aria-describedby=\"wp-block-file--media-d6f1f3d4-3f03-4d2b-82bc-f7d77a2417a5\">\u0130ndirmek<\/a><\/div>\n\n\n\n<h2 class=\"wp-block-heading\">Rastatt<\/h2>\n\n\n\n<div data-wp-interactive=\"core\/file\" class=\"wp-block-file\"><object data-wp-bind--hidden=\"!state.hasPdfPreview\" hidden class=\"wp-block-file__embed\" data=\"https:\/\/patricks-fahrschule.de\/wp-content\/uploads\/2026\/01\/Unterrichtskalender_Rastatt_2026_1.pdf\" type=\"application\/pdf\" style=\"width:100%;height:600px\" aria-label=\"Ders Takvimi_Rastatt_2026_1 g\u00f6m\u00fcs\u00fc.\"><\/object><a id=\"wp-block-file--media-f352b181-9ab7-42b0-8761-7353d368b824\" href=\"https:\/\/patricks-fahrschule.de\/wp-content\/uploads\/2026\/01\/Unterrichtskalender_Rastatt_2026_1.pdf\">Ders Takvimi_Rastatt_2026_1<\/a><a href=\"https:\/\/patricks-fahrschule.de\/wp-content\/uploads\/2026\/01\/Unterrichtskalender_Rastatt_2026_1.pdf\" class=\"wp-block-file__button wp-element-button\" download aria-describedby=\"wp-block-file--media-f352b181-9ab7-42b0-8761-7353d368b824\">\u0130ndirmek<\/a><\/div>\n\n\n\n<h2 class=\"wp-block-heading\">Sinzheim<\/h2>\n\n\n\n<div data-wp-interactive=\"core\/file\" class=\"wp-block-file\"><object data-wp-bind--hidden=\"!state.hasPdfPreview\" hidden class=\"wp-block-file__embed\" data=\"https:\/\/patricks-fahrschule.de\/wp-content\/uploads\/2026\/01\/Unterrichtskalender_Sinzheim_2026_1.pdf\" type=\"application\/pdf\" style=\"width:100%;height:600px\" aria-label=\"Ders Takvimi_Sinzheim_2026_1 g\u00f6m\u00fcs\u00fc.\"><\/object><a id=\"wp-block-file--media-a0b71122-d66b-42d7-86c0-1ffb007d1b8c\" href=\"https:\/\/patricks-fahrschule.de\/wp-content\/uploads\/2026\/01\/Unterrichtskalender_Sinzheim_2026_1.pdf\">Ders Takvimi_Sinzheim_2026_1<\/a><a href=\"https:\/\/patricks-fahrschule.de\/wp-content\/uploads\/2026\/01\/Unterrichtskalender_Sinzheim_2026_1.pdf\" class=\"wp-block-file__button wp-element-button\" download aria-describedby=\"wp-block-file--media-a0b71122-d66b-42d7-86c0-1ffb007d1b8c\">\u0130ndirmek<\/a><\/div>\n\n\n\n<h2 class=\"wp-block-heading\">Ta\u015f duvarlar<\/h2>\n\n\n\n<div data-wp-interactive=\"core\/file\" class=\"wp-block-file\"><object data-wp-bind--hidden=\"!state.hasPdfPreview\" hidden class=\"wp-block-file__embed\" data=\"https:\/\/patricks-fahrschule.de\/wp-content\/uploads\/2026\/01\/Unterrichtskalender_Steinmauern_2026_1.pdf\" type=\"application\/pdf\" style=\"width:100%;height:600px\" aria-label=\"Ders Takvimi_Steinmauern_2026_1 g\u00f6m\u00fcs\u00fc.\"><\/object><a id=\"wp-block-file--media-1acf7db4-4ecb-4391-b9ea-be0caf49d6f8\" href=\"https:\/\/patricks-fahrschule.de\/wp-content\/uploads\/2026\/01\/Unterrichtskalender_Steinmauern_2026_1.pdf\">Ders Takvimi_Ta\u015f Duvarlar_2026_1<\/a><a href=\"https:\/\/patricks-fahrschule.de\/wp-content\/uploads\/2026\/01\/Unterrichtskalender_Steinmauern_2026_1.pdf\" class=\"wp-block-file__button wp-element-button\" download aria-describedby=\"wp-block-file--media-1acf7db4-4ecb-4391-b9ea-be0caf49d6f8\">\u0130ndirmek<\/a><\/div>\n\n\n\n<p><\/p>","protected":false},"excerpt":{"rendered":"<p>Unterrichtskalender 2026 \u26a0\ufe0f Hinweis zu den Unterrichtskalendern \u00fcber Pfingsten Bitte beachtet, dass die Unterrichtskalender aktuell noch \u00fcberarbeitet werden. Aufgrund der Pfingstzeit und urlaubsbedingter Abwesenheiten einiger Fahrlehrer kann es in den n\u00e4chsten Tagen noch zu \u00c4nderungen bei den Unterrichtszeiten kommen. Die ver\u00f6ffentlichten Kalender sind daher momentan nicht vollst\u00e4ndig aktuell. Wir arbeiten bereits an der Anpassung und [&hellip;]<\/p>","protected":false},"author":1,"featured_media":0,"parent":0,"menu_order":0,"comment_status":"closed","ping_status":"closed","template":"","meta":{"site-sidebar-layout":"no-sidebar","site-content-layout":"page-builder","ast-site-content-layout":"full-width-container","site-content-style":"default","site-sidebar-style":"default","ast-global-header-display":"","ast-banner-title-visibility":"","ast-main-header-display":"","ast-hfb-above-header-display":"","ast-hfb-below-header-display":"","ast-hfb-mobile-header-display":"","site-post-title":"disabled","ast-breadcrumbs-content":"","ast-featured-img":"disabled","footer-sml-layout":"","theme-transparent-header-meta":"","adv-header-id-meta":"","stick-header-meta":"","header-above-stick-meta":"","header-main-stick-meta":"","header-below-stick-meta":"","astra-migrate-meta-layouts":"set","ast-page-background-enabled":"default","ast-page-background-meta":{"desktop":{"background-color":"var(--ast-global-color-4)","background-image":"","background-repeat":"repeat","background-position":"center center","background-size":"auto","background-attachment":"scroll","background-type":"","background-media":"","overlay-type":"","overlay-color":"","overlay-opacity":"","overlay-gradient":""},"tablet":{"background-color":"","background-image":"","background-repeat":"repeat","background-position":"center center","background-size":"auto","background-attachment":"scroll","background-type":"","background-media":"","overlay-type":"","overlay-color":"","overlay-opacity":"","overlay-gradient":""},"mobile":{"background-color":"","background-image":"","background-repeat":"repeat","background-position":"center center","background-size":"auto","background-attachment":"scroll","background-type":"","background-media":"","overlay-type":"","overlay-color":"","overlay-opacity":"","overlay-gradient":""}},"ast-content-background-meta":{"desktop":{"background-color":"var(--ast-global-color-5)","background-image":"","background-repeat":"repeat","background-position":"center center","background-size":"auto","background-attachment":"scroll","background-type":"","background-media":"","overlay-type":"","overlay-color":"","overlay-opacity":"","overlay-gradient":""},"tablet":{"background-color":"var(--ast-global-color-5)","background-image":"","background-repeat":"repeat","background-position":"center center","background-size":"auto","background-attachment":"scroll","background-type":"","background-media":"","overlay-type":"","overlay-color":"","overlay-opacity":"","overlay-gradient":""},"mobile":{"background-color":"var(--ast-global-color-5)","background-image":"","background-repeat":"repeat","background-position":"center center","background-size":"auto","background-attachment":"scroll","background-type":"","background-media":"","overlay-type":"","overlay-color":"","overlay-opacity":"","overlay-gradient":""}},"footnotes":""},"class_list":["post-2494","page","type-page","status-publish","hentry"],"_links":{"self":[{"href":"https:\/\/patricks-fahrschule.de\/tr\/wp-json\/wp\/v2\/pages\/2494","targetHints":{"allow":["GET"]}}],"collection":[{"href":"https:\/\/patricks-fahrschule.de\/tr\/wp-json\/wp\/v2\/pages"}],"about":[{"href":"https:\/\/patricks-fahrschule.de\/tr\/wp-json\/wp\/v2\/types\/page"}],"author":[{"embeddable":true,"href":"https:\/\/patricks-fahrschule.de\/tr\/wp-json\/wp\/v2\/users\/1"}],"replies":[{"embeddable":true,"href":"https:\/\/patricks-fahrschule.de\/tr\/wp-json\/wp\/v2\/comments?post=2494"}],"version-history":[{"count":3,"href":"https:\/\/patricks-fahrschule.de\/tr\/wp-json\/wp\/v2\/pages\/2494\/revisions"}],"predecessor-version":[{"id":3228,"href":"https:\/\/patricks-fahrschule.de\/tr\/wp-json\/wp\/v2\/pages\/2494\/revisions\/3228"}],"wp:attachment":[{"href":"https:\/\/patricks-fahrschule.de\/tr\/wp-json\/wp\/v2\/media?parent=2494"}],"curies":[{"name":"wp","href":"https:\/\/api.w.org\/{rel}","templated":true}]}}