{"id":2889,"date":"2025-05-13T08:47:54","date_gmt":"2025-05-13T08:47:54","guid":{"rendered":"https:\/\/patricks-fahrschule.de\/?page_id=2889"},"modified":"2025-07-29T07:02:08","modified_gmt":"2025-07-29T07:02:08","slug":"erste-hilfe-kurs-rastatt","status":"publish","type":"page","link":"https:\/\/patricks-fahrschule.de\/tr\/ilk-yardim-kursu-rastatt\/","title":{"rendered":"\u0130lk Yard\u0131m Kursu Rastatt"},"content":{"rendered":"<p>Rastatt&#039;ta s\u0131k\u0131c\u0131 olmayan, \u00e7e\u015fitli ve bilgilendirici bir ilk yard\u0131m kursu mu ar\u0131yorsunuz? O zaman Patrick&#039;s S\u00fcr\u00fc\u015f Okulu tam size g\u00f6re!<\/p>\n\n\n\n<div class=\"wp-block-buttons is-layout-flex wp-block-buttons-is-layout-flex\">\n<div class=\"wp-block-button\"><a class=\"wp-block-button__link wp-element-button\" href=\"#anmelden\">Kay\u0131t olmak i\u00e7in buraya t\u0131klay\u0131n!<\/a><\/div>\n<\/div>\n\n\n\n<h2 class=\"wp-block-heading\">\u0130lk yard\u0131m kursunu neden bizimle almal\u0131s\u0131n\u0131z?<\/h2>\n\n\n\n<ul class=\"wp-block-list\">\n<li><strong>Kolay kay\u0131t:<\/strong> Kursunuzu kolayca \u00e7evrimi\u00e7i olarak ay\u0131rt\u0131n ve esnek bir \u015fekilde uygun bir tarih se\u00e7in.<\/li>\n\n\n\n<li><strong>T\u00fcm ehliyet s\u0131n\u0131flar\u0131 i\u00e7in:<\/strong> Araba, motosiklet, scooter, moped, kamyon veya taksi kullan\u0131yor olun, kursumuz t\u00fcm ehliyet s\u0131n\u0131flar\u0131 i\u00e7in ge\u00e7erlidir.<\/li>\n\n\n\n<li><strong>\u015eirket ilk yard\u0131mc\u0131lar\u0131:<\/strong> Kursumuz \u015firketler i\u00e7in ilk yard\u0131m e\u011fitimi veya yenileme kurslar\u0131 i\u00e7in idealdir.<\/li>\n<\/ul>\n\n\n\n<h2 class=\"wp-block-heading\">Kurs tekliflerimiz<\/h2>\n\n\n\n<h3 class=\"wp-block-heading\">Hafta sonu kurslar\u0131<\/h3>\n\n\n\n<p>Uygun bir randevu i\u00e7in uzun s\u00fcre beklemek istemiyor musunuz? Cumartesi ve pazar g\u00fcnleri olmak \u00fczere \u00e7ok say\u0131da hafta sonu kursu sunuyoruz!<\/p>\n\n\n\n<h2 class=\"wp-block-heading\"><strong>Yerinde g\u00f6z testi<\/strong><\/h2>\n\n\n\n<p>G\u00f6z muayenenizi planlay\u0131n ve kurs g\u00fcn\u00fc resmi g\u00f6z muayenenizi yapt\u0131r\u0131n.&nbsp;<\/p>\n\n\n\n<h2 class=\"wp-block-heading\">S\u0131k\u0131nt\u0131 yerine e\u011flence<\/h2>\n\n\n\n<p>Gen\u00e7 ve dinamik e\u011fitmenlerimiz ilk yard\u0131m kursunuzun s\u0131k\u0131c\u0131 olmamas\u0131n\u0131 sa\u011flayacak. Canl\u0131 \u00f6rnekler, pratik al\u0131\u015ft\u0131rmalar ve etkile\u015fimli i\u00e7erikler dersi bir deneyime d\u00f6n\u00fc\u015ft\u00fcr\u00fcyor.<\/p>\n\n\n\n<h2 class=\"wp-block-heading\">Devlet taraf\u0131ndan tan\u0131nan ve \u00fclke \u00e7ap\u0131nda ge\u00e7erli<\/h2>\n\n\n\n<p>deinestehilfe.de adresindeki kurslar\u0131m\u0131z \u00a719 FeV uyar\u0131nca yasal olarak tan\u0131nmaktad\u0131r. Belgeniz \u00fclke genelindeki t\u00fcm ehliyet b\u00fcrolar\u0131 taraf\u0131ndan sorunsuz bir \u015fekilde kabul edilecektir.<\/p>\n\n\n\n<h2 class=\"wp-block-heading\">Avantajlara genel bak\u0131\u015f:<\/h2>\n\n\n\n<ul class=\"wp-block-list\">\n<li>\u2705 Online \u00f6demelerde indirimli online kay\u0131t imkan\u0131<\/li>\n\n\n\n<li>\u2705 Hafta sonu kurslar\u0131 mevcuttur<\/li>\n\n\n\n<li>\u2705 G\u00f6z testi ve pasaport foto\u011fraf\u0131 do\u011frudan kurs yerinde mevcuttur<\/li>\n\n\n\n<li>\u2705 Yasal olarak tan\u0131nan dersler (\u00a719 FeV)<\/li>\n\n\n\n<li>\u2705 Gen\u00e7, dinamik ve motive olmu\u015f e\u011fitmenler<\/li>\n<\/ul>\n\n\n\n<h2 class=\"wp-block-heading\">Adres ve Konum<\/h2>\n\n\n\n<p>\ud83d\udccd <strong>Patrick&#039;in s\u00fcr\u00fcc\u00fc kursu<\/strong><br>Alt \u00c7ay\u0131rlar 6<br>76437 Rastatt<\/p>\n\n\n\n<p>Rastatt&#039;ta ilk yard\u0131m kursunuza hemen ba\u015flay\u0131n - h\u0131zl\u0131, kolay ve \u00e7ok e\u011flenceli!<\/p>\n\n\n\n<p>\ud83d\udc49 <strong>Hemen online kay\u0131t olun ve yerinizi ay\u0131rt\u0131n!<\/strong><\/p>\n\n\n\n<h2 class=\"wp-block-heading\" id=\"anmelden\">Kay\u0131t<\/h2>\n\n\n<div class='fluentform ff-default fluentform_wrapper_5 ffs_default_wrap'><form data-form_id=\"5\" id=\"fluentform_5\" class=\"frm-fluent-form fluent_form_5 ff-el-form-top ff_form_instance_5_1 ff-form-loading ffs_default\" data-form_instance=\"ff_form_instance_5_1\" method=\"POST\" action=\"\" ><fieldset  style=\"border: none!important;margin: 0!important;padding: 0!important;background-color: transparent!important;box-shadow: none!important;outline: none!important; min-inline-size: 100%;\">\n                    <legend class=\"ff_screen_reader_title\" style=\"display: block; margin: 0!important;padding: 0!important;height: 0!important;text-indent: -999999px;width: 0!important;overflow:hidden;\">\u0130leti\u015fim Formu Demosu (#5)<\/legend><p style=\"display: none !important;\" class=\"akismet-fields-container\" data-prefix=\"ak_\"><label>&#916;<textarea name=\"ak_hp_textarea\" cols=\"45\" rows=\"8\" maxlength=\"100\"><\/textarea><\/label><input type=\"hidden\" id=\"ak_js_1\" name=\"ak_js\" value=\"25\"\/><script>document.getElementById( \"ak_js_1\" ).setAttribute( \"value\", ( new Date() ).getTime() );<\/script><\/p><input type='hidden' name='__fluent_form_embded_post_id' value='2889' \/><input type=\"hidden\" id=\"_fluentform_5_fluentformnonce\" name=\"_fluentform_5_fluentformnonce\" value=\"cfc5caae45\" \/><input type=\"hidden\" name=\"_wp_http_referer\" value=\"\/tr\/wp-json\/wp\/v2\/pages\/2889\" \/><div data-type=\"name-element\" data-name=\"names\" class=\"ff-field_container ff-name-field-wrapper\" ><div class='ff-t-container'><div class='ff-t-cell'><div class='ff-el-group'><div class=\"ff-el-input--label ff-el-is-required asterisk-right\"><label for='ff_5_names_first_name_' id='label_ff_5_names_first_name_' >\u0130lk ad\u0131<\/label><\/div><div class='ff-el-input--content'><input type=\"text\" name=\"names[first_name]\" id=\"ff_5_names_first_name_\" class=\"ff-el-form-control\" placeholder=\"\u0130lk ad\u0131\" aria-invalid=\"false\" aria-required=\"true\"><\/div><\/div><\/div><div class='ff-t-cell'><div class='ff-el-group'><div class=\"ff-el-input--label ff-el-is-required asterisk-right\"><label for='ff_5_names_last_name_' id='label_ff_5_names_last_name_' >Soy isim<\/label><\/div><div class='ff-el-input--content'><input type=\"text\" name=\"names[last_name]\" id=\"ff_5_names_last_name_\" class=\"ff-el-form-control\" placeholder=\"Soy isim\" aria-invalid=\"false\" aria-required=\"true\"><\/div><\/div><\/div><\/div><\/div><div class='ff-el-group'><div class=\"ff-el-input--label ff-el-is-required asterisk-right\"><label for='ff_5_email' id='label_ff_5_email' aria-label=\"e-posta adresi\">e-posta adresi<\/label><\/div><div class='ff-el-input--content'><input type=\"email\" name=\"email\" id=\"ff_5_email\" class=\"ff-el-form-control\" placeholder=\"E-posta Adresi\" data-name=\"email\"  aria-invalid=\"false\" aria-required=\"true\"><\/div><\/div><div class='ff-el-group'><div class=\"ff-el-input--label asterisk-right\"><label for='ff_5_phone' id='label_ff_5_phone' aria-label=\"Telefon numaras\u0131\">Telefon numaras\u0131<\/label><\/div><div class='ff-el-input--content'><input name=\"phone\" class=\"ff-el-form-control ff-el-phone\" type=\"tel\" placeholder=\"Cep numaras\u0131\" data-name=\"phone\" id=\"ff_5_phone\" inputmode=\"tel\"  aria-invalid='false' aria-required=\"false\"><\/div><\/div><div class='ff-el-group    ff-el-input--content'><div class='ff-el-form-check ff-el-tc'><label aria-label='Bu web sitesinin, iste\u011fime yan\u0131t verebilmesi i\u00e7in g\u00f6nderdi\u011fim bilgileri saklamas\u0131n\u0131 kabul ediyorum' class='ff-el-form-check-label ff_tc_label' for=\"gdpr-agreement_a21b42622e2a77abcb94998c82c2517f\"><span class='ff_tc_checkbox'><input type=\"checkbox\" name=\"gdpr-agreement\" class=\"ff-el-form-check-input ff_gdpr_field\" data-name=\"gdpr-agreement\" id=\"gdpr-agreement_a21b42622e2a77abcb94998c82c2517f\"  value='on' aria-invalid='false' aria-required=\"true\"><\/span> <div class='ff_t_c'>Bu web sitesinin, iste\u011fime yan\u0131t verebilmesi i\u00e7in g\u00f6nderdi\u011fim bilgileri saklamas\u0131n\u0131 kabul ediyorum<\/div><\/label><\/div><\/div><div class='ff-el-group ff-text-left ff_submit_btn_wrapper'><button type=\"submit\" class=\"ff-btn ff-btn-submit ff-btn-md ff_btn_style\"  aria-label=\"Kay\u0131t olmak\">Kay\u0131t olmak<\/button><\/div><\/fieldset><input type=\"hidden\" name=\"trp-form-language\" value=\"tr\"\/><\/form><div id='fluentform_5_errors' class='ff-errors-in-stack ff_form_instance_5_1 ff-form-loading_errors ff_form_instance_5_1_errors'><\/div><\/div>            <script type=\"text\/javascript\">\n                window.fluent_form_ff_form_instance_5_1 = {\"id\":\"5\",\"settings\":{\"layout\":{\"labelPlacement\":\"top\",\"asteriskPlacement\":\"asterisk-right\",\"helpMessagePlacement\":\"with_label\",\"errorMessagePlacement\":\"inline\",\"cssClassName\":\"\"},\"restrictions\":{\"denyEmptySubmission\":{\"enabled\":false}}},\"form_instance\":\"ff_form_instance_5_1\",\"form_id_selector\":\"fluentform_5\",\"rules\":{\"names[first_name]\":{\"required\":{\"value\":true,\"message\":\"This field is required\",\"global\":true,\"global_message\":\"Dieses Feld ist erforderlich\"}},\"names[middle_name]\":{\"required\":{\"value\":false,\"message\":\"This field is required\",\"global\":true,\"global_message\":\"Dieses Feld ist erforderlich\"}},\"names[last_name]\":{\"required\":{\"value\":true,\"message\":\"This field is required\",\"global\":true,\"global_message\":\"Dieses Feld ist erforderlich\"}},\"email\":{\"required\":{\"value\":true,\"message\":\"This field is required\",\"global\":true,\"global_message\":\"Dieses Feld ist erforderlich\"},\"email\":{\"value\":true,\"message\":\"This field must contain a valid email\",\"global\":true,\"global_message\":\"Dieses Feld muss eine g\\u00fcltige E-Mail-Adresse enthalten\"}},\"phone\":{\"required\":{\"value\":false,\"global\":true,\"message\":\"This field is required\",\"global_message\":\"Dieses Feld ist erforderlich\"},\"valid_phone_number\":{\"value\":false,\"global\":true,\"message\":\"Phone number is not valid\",\"global_message\":\"Phone number is not valid\"}},\"gdpr-agreement\":{\"required\":{\"value\":true,\"message\":\"This field is required\",\"global_message\":\"Dieses Feld ist erforderlich\",\"global\":true}}},\"debounce_time\":300};\n                            <\/script>","protected":false},"excerpt":{"rendered":"<p>Rastatt&#039;ta s\u0131k\u0131c\u0131 olmayan, \u00e7e\u015fitli ve bilgilendirici bir ilk yard\u0131m kursu mu ar\u0131yorsunuz? O zaman Patrick&#039;s S\u00fcr\u00fc\u015f Okulu tam size g\u00f6re! \u0130lk yard\u0131m kursunu neden bizimle almal\u0131s\u0131n\u0131z? Kurs tekliflerimiz Hafta sonu kurslar\u0131 Uygun bir tarih i\u00e7in uzun s\u00fcre beklemek istemiyor musunuz? Cumartesileri ve [\u2026] olmak \u00fczere \u00e7ok say\u0131da hafta sonu kursu sunuyoruz.<\/p>","protected":false},"author":1,"featured_media":2901,"parent":0,"menu_order":0,"comment_status":"closed","ping_status":"closed","template":"","meta":{"site-sidebar-layout":"default","site-content-layout":"","ast-site-content-layout":"default","site-content-style":"default","site-sidebar-style":"default","ast-global-header-display":"","ast-banner-title-visibility":"","ast-main-header-display":"","ast-hfb-above-header-display":"","ast-hfb-below-header-display":"","ast-hfb-mobile-header-display":"","site-post-title":"","ast-breadcrumbs-content":"","ast-featured-img":"","footer-sml-layout":"","theme-transparent-header-meta":"","adv-header-id-meta":"","stick-header-meta":"","header-above-stick-meta":"","header-main-stick-meta":"","header-below-stick-meta":"","astra-migrate-meta-layouts":"set","ast-page-background-enabled":"default","ast-page-background-meta":{"desktop":{"background-color":"var(--ast-global-color-4)","background-image":"","background-repeat":"repeat","background-position":"center center","background-size":"auto","background-attachment":"scroll","background-type":"","background-media":"","overlay-type":"","overlay-color":"","overlay-opacity":"","overlay-gradient":""},"tablet":{"background-color":"","background-image":"","background-repeat":"repeat","background-position":"center center","background-size":"auto","background-attachment":"scroll","background-type":"","background-media":"","overlay-type":"","overlay-color":"","overlay-opacity":"","overlay-gradient":""},"mobile":{"background-color":"","background-image":"","background-repeat":"repeat","background-position":"center center","background-size":"auto","background-attachment":"scroll","background-type":"","background-media":"","overlay-type":"","overlay-color":"","overlay-opacity":"","overlay-gradient":""}},"ast-content-background-meta":{"desktop":{"background-color":"var(--ast-global-color-5)","background-image":"","background-repeat":"repeat","background-position":"center center","background-size":"auto","background-attachment":"scroll","background-type":"","background-media":"","overlay-type":"","overlay-color":"","overlay-opacity":"","overlay-gradient":""},"tablet":{"background-color":"var(--ast-global-color-5)","background-image":"","background-repeat":"repeat","background-position":"center center","background-size":"auto","background-attachment":"scroll","background-type":"","background-media":"","overlay-type":"","overlay-color":"","overlay-opacity":"","overlay-gradient":""},"mobile":{"background-color":"var(--ast-global-color-5)","background-image":"","background-repeat":"repeat","background-position":"center center","background-size":"auto","background-attachment":"scroll","background-type":"","background-media":"","overlay-type":"","overlay-color":"","overlay-opacity":"","overlay-gradient":""}},"footnotes":""},"class_list":["post-2889","page","type-page","status-publish","has-post-thumbnail","hentry"],"_links":{"self":[{"href":"https:\/\/patricks-fahrschule.de\/tr\/wp-json\/wp\/v2\/pages\/2889","targetHints":{"allow":["GET"]}}],"collection":[{"href":"https:\/\/patricks-fahrschule.de\/tr\/wp-json\/wp\/v2\/pages"}],"about":[{"href":"https:\/\/patricks-fahrschule.de\/tr\/wp-json\/wp\/v2\/types\/page"}],"author":[{"embeddable":true,"href":"https:\/\/patricks-fahrschule.de\/tr\/wp-json\/wp\/v2\/users\/1"}],"replies":[{"embeddable":true,"href":"https:\/\/patricks-fahrschule.de\/tr\/wp-json\/wp\/v2\/comments?post=2889"}],"version-history":[{"count":0,"href":"https:\/\/patricks-fahrschule.de\/tr\/wp-json\/wp\/v2\/pages\/2889\/revisions"}],"wp:featuredmedia":[{"embeddable":true,"href":"https:\/\/patricks-fahrschule.de\/tr\/wp-json\/wp\/v2\/media\/2901"}],"wp:attachment":[{"href":"https:\/\/patricks-fahrschule.de\/tr\/wp-json\/wp\/v2\/media?parent=2889"}],"curies":[{"name":"wp","href":"https:\/\/api.w.org\/{rel}","templated":true}]}}