{"id":595,"date":"2023-02-28T12:55:55","date_gmt":"2023-02-28T12:55:55","guid":{"rendered":"https:\/\/patricks-fahrschule.de\/?page_id=595"},"modified":"2024-11-15T10:28:01","modified_gmt":"2024-11-15T10:28:01","slug":"b196","status":"publish","type":"page","link":"https:\/\/patricks-fahrschule.de\/tr\/b196\/","title":{"rendered":"B196 ehliyet"},"content":{"rendered":"<div data-elementor-type=\"wp-page\" data-elementor-id=\"595\" class=\"elementor elementor-595\" data-elementor-post-type=\"page\">\n\t\t\t\t\t\t<section class=\"elementor-section elementor-top-section elementor-element elementor-element-5b828e3 elementor-section-boxed elementor-section-height-default elementor-section-height-default\" data-id=\"5b828e3\" data-element_type=\"section\" data-e-type=\"section\" data-settings=\"{&quot;background_background&quot;:&quot;classic&quot;}\">\n\t\t\t\t\t\t\t<div class=\"elementor-background-overlay\"><\/div>\n\t\t\t\t\t\t\t<div class=\"elementor-container elementor-column-gap-no\">\n\t\t\t\t\t<div class=\"elementor-column elementor-col-100 elementor-top-column elementor-element elementor-element-73f9b90\" data-id=\"73f9b90\" data-element_type=\"column\" data-e-type=\"column\">\n\t\t\t<div class=\"elementor-widget-wrap elementor-element-populated\">\n\t\t\t\t\t\t<div class=\"elementor-element elementor-element-6cb9832 elementor-widget elementor-widget-heading\" data-id=\"6cb9832\" data-element_type=\"widget\" data-e-type=\"widget\" data-widget_type=\"heading.default\">\n\t\t\t\t\t<h1 class=\"elementor-heading-title elementor-size-default\">B196 ehliyet<\/h1>\t\t\t\t<\/div>\n\t\t\t\t<div class=\"elementor-element elementor-element-7c7d877 elementor-widget elementor-widget-text-editor\" data-id=\"7c7d877\" data-element_type=\"widget\" data-e-type=\"widget\" data-widget_type=\"text-editor.default\">\n\t\t\t\t\t\t\t\t\t<div class=\"section mcb-section mcb-section-d288cfb4b dark\"><div class=\"section_wrapper mcb-section-inner\"><div class=\"wrap mcb-wrap mcb-wrap-5ed72e836 one valign-top clearfix\" data-col=\"one\"><div class=\"mcb-wrap-inner\"><div class=\"column mcb-column mcb-item-6474b5b50 one column_column\"><div class=\"column_attr clearfix\"><h2><span style=\"color: #ffffff;\">B196 ehliyetiyle s\u0131navs\u0131z motosiklet s\u00fcr\u00fcn<\/span><\/h2><\/div><\/div><\/div><\/div><\/div><\/div>\t\t\t\t\t\t\t\t<\/div>\n\t\t\t\t\t<\/div>\n\t\t<\/div>\n\t\t\t\t\t<\/div>\n\t\t<\/section>\n\t\t\t\t<section class=\"elementor-section elementor-top-section elementor-element elementor-element-9ca55ae elementor-section-boxed elementor-section-height-default elementor-section-height-default\" data-id=\"9ca55ae\" data-element_type=\"section\" data-e-type=\"section\" data-settings=\"{&quot;background_background&quot;:&quot;classic&quot;}\">\n\t\t\t\t\t\t<div class=\"elementor-container elementor-column-gap-no\">\n\t\t\t\t\t<div class=\"elementor-column elementor-col-100 elementor-top-column elementor-element elementor-element-285d1fe\" data-id=\"285d1fe\" data-element_type=\"column\" data-e-type=\"column\">\n\t\t\t<div class=\"elementor-widget-wrap elementor-element-populated\">\n\t\t\t\t\t\t<div class=\"elementor-element elementor-element-68aad48 elementor-widget elementor-widget-video\" data-id=\"68aad48\" data-element_type=\"widget\" data-e-type=\"widget\" data-settings=\"{&quot;youtube_url&quot;:&quot;https:\\\/\\\/www.youtube.com\\\/watch?v=wWMsCMkhnwk&quot;,&quot;yt_privacy&quot;:&quot;yes&quot;,&quot;video_type&quot;:&quot;youtube&quot;,&quot;controls&quot;:&quot;yes&quot;}\" data-widget_type=\"video.default\">\n\t\t\t\t\t\t\t<div class=\"elementor-wrapper elementor-open-inline\">\n\t\t\t<div class=\"elementor-video\"><\/div>\t\t<\/div>\n\t\t\t\t\t\t<\/div>\n\t\t\t\t<div class=\"elementor-element elementor-element-da4a5b5 elementor-widget elementor-widget-heading\" data-id=\"da4a5b5\" data-element_type=\"widget\" data-e-type=\"widget\" data-widget_type=\"heading.default\">\n\t\t\t\t\t<h3 class=\"elementor-heading-title elementor-size-default\">B196 sertifikas\u0131na ili\u015fkin t\u00fcm bilgiler<\/h3>\t\t\t\t<\/div>\n\t\t\t\t<div class=\"elementor-element elementor-element-6108ee1 elementor-widget elementor-widget-heading\" data-id=\"6108ee1\" data-element_type=\"widget\" data-e-type=\"widget\" data-widget_type=\"heading.default\">\n\t\t\t\t\t<h2 class=\"elementor-heading-title elementor-size-default\">B196 uzant\u0131l\u0131 ehliyet nedir?<\/h2>\t\t\t\t<\/div>\n\t\t\t\t<div class=\"elementor-element elementor-element-a1a8fe3 elementor-widget elementor-widget-text-editor\" data-id=\"a1a8fe3\" data-element_type=\"widget\" data-e-type=\"widget\" data-widget_type=\"text-editor.default\">\n\t\t\t\t\t\t\t\t\t<p>B S\u0131n\u0131f\u0131 ehliyetiniz varsa \u00f6n\u00fcn\u00fcze bir olas\u0131l\u0131klar d\u00fcnyas\u0131 a\u00e7\u0131l\u0131r. Sadece araba kullanman\u0131za izin verilmekle kalm\u0131yor, ayn\u0131 zamanda maksimum 750 kg a\u011f\u0131rl\u0131\u011fa sahip r\u00f6morklar\u0131 da s\u00fcrme izniniz var. Ayr\u0131ca B ehliyetiyle otomatik olarak AM ve L ehliyet s\u0131n\u0131flar\u0131na da sahip olursunuz, bu da size bir\u00e7ok moped ve tar\u0131m trakt\u00f6r\u00fcn\u00fc 40 km\/saat h\u0131za kadar kullanma f\u0131rsat\u0131 verir.<\/p><p>2020 y\u0131l\u0131n\u0131n ba\u015f\u0131ndan bu yana, s\u00fcr\u00fc\u015f ayr\u0131cal\u0131klar\u0131n\u0131z\u0131 geni\u015fletmek i\u00e7in kullanabilece\u011finiz 196 anahtar numaras\u0131 bulunmaktad\u0131r. B196 geni\u015fletmesi ile 125 cc&#039;ye kadar ve maksimum 11 kW motor g\u00fcc\u00fcne sahip hafif motosikletleri s\u00fcrme iznine sahipsiniz. G\u00fcc\u00fcn a\u011f\u0131rl\u0131\u011fa oran\u0131 0,1 kW\/kg&#039;dan y\u00fcksek olmamal\u0131d\u0131r.<\/p><p>Ehliyetinizi 196 anahtar numaras\u0131n\u0131 i\u00e7erecek \u015fekilde geni\u015fletmek, sizin i\u00e7in \u00e7e\u015fitli yeni f\u0131rsatlar\u0131n kap\u0131s\u0131n\u0131 a\u00e7ar. Art\u0131k daha hafif iki tekerlekli ara\u00e7lar\u0131 daha y\u00fcksek motor g\u00fcc\u00fcyle kullanabilir ve dolay\u0131s\u0131yla daha uzun mesafeler kat edebilirsiniz. Ayr\u0131ca, \u00f6rne\u011fin \u015fehirde daha esnek ve daha \u00e7evre dostu bir \u015fekilde seyahat etmenize olanak tan\u0131r.<\/p>\t\t\t\t\t\t\t\t<\/div>\n\t\t\t\t<div class=\"elementor-element elementor-element-6568c7f elementor-widget elementor-widget-heading\" data-id=\"6568c7f\" data-element_type=\"widget\" data-e-type=\"widget\" data-widget_type=\"heading.default\">\n\t\t\t\t\t<h2 class=\"elementor-heading-title elementor-size-default\">Gereksinimleri nelerdir?<\/h2>\t\t\t\t<\/div>\n\t\t\t\t<div class=\"elementor-element elementor-element-643424e elementor-widget elementor-widget-text-editor\" data-id=\"643424e\" data-element_type=\"widget\" data-e-type=\"widget\" data-widget_type=\"text-editor.default\">\n\t\t\t\t\t\t\t\t\t<p>B196 uzant\u0131s\u0131n\u0131n onaylanmas\u0131 i\u00e7in yerine getirmeniz gereken belirli gereksinimler vard\u0131r. En az 25 ya\u015f\u0131nda olman\u0131z ve 5 y\u0131ll\u0131k s\u00fcr\u00fc\u015f deneyimine sahip olman\u0131z gerekmektedir. Ayr\u0131ca ge\u00e7erli bir B s\u0131n\u0131f\u0131 ehliyete de ihtiyac\u0131n\u0131z var.<\/p><p>Yolda g\u00fcvenli\u011fi sa\u011flamak i\u00e7in bu gereksinimleri kar\u015f\u0131laman\u0131z \u00f6nemlidir. Arac\u0131n kontrol\u00fcn\u00fc s\u00fcrd\u00fcrmek ve \u00f6ng\u00f6r\u00fclemeyen olaylar durumunda uygun \u015fekilde tepki verebilmek i\u00e7in ara\u00e7 kullanma konusunda yeterli deneyim \u015fartt\u0131r.<\/p><p>Bu gereklilikleri kar\u015f\u0131l\u0131yorsan\u0131z ve B196 uzant\u0131s\u0131yla ilgileniyorsan\u0131z, s\u0131nava en iyi \u015fekilde haz\u0131rlanabilmek i\u00e7in gereklilikler hakk\u0131nda kendinizi iyice bilgilendirmeli ve gerekirse bir e\u011fitim veya haz\u0131rl\u0131k kursunu tamamlamal\u0131s\u0131n\u0131z. Bu \u015fekilde gereksinimleri kar\u015f\u0131lad\u0131\u011f\u0131n\u0131zdan ve yollarda g\u00fcvenli ve sorumlu bir \u015fekilde seyahat etti\u011finizden emin olabilirsiniz.<\/p>\t\t\t\t\t\t\t\t<\/div>\n\t\t\t\t<div class=\"elementor-element elementor-element-49eced3 elementor-widget elementor-widget-heading\" data-id=\"49eced3\" data-element_type=\"widget\" data-e-type=\"widget\" data-widget_type=\"heading.default\">\n\t\t\t\t\t<h2 class=\"elementor-heading-title elementor-size-default\">B196 notunun maliyeti ne kadar?<\/h2>\t\t\t\t<\/div>\n\t\t\t\t<div class=\"elementor-element elementor-element-64e9716 elementor-widget elementor-widget-text-editor\" data-id=\"64e9716\" data-element_type=\"widget\" data-e-type=\"widget\" data-widget_type=\"text-editor.default\">\n\t\t\t\t\t\t\t\t\t<p>B196 eklentisini sat\u0131n alma maliyeti b\u00f6lgeye ve s\u00fcr\u00fcc\u00fc kursuna g\u00f6re de\u011fi\u015fiklik g\u00f6sterebilir. Kural olarak, e\u011fitim ve test maliyetleri 500 \u20ac ile 1.000 \u20ac aras\u0131nda de\u011fi\u015fmektedir. Bu maliyetler e\u011fitimin s\u00fcresi, gerekli direksiyon dersi say\u0131s\u0131 ve testin maliyeti gibi \u00e7e\u015fitli fakt\u00f6rlerden olu\u015fmaktad\u0131r.<\/p><p>E\u011fitim masraflar\u0131na ek olarak, sorumlu ehliyet b\u00fcrosuna \u00f6denmesi gereken yakla\u015f\u0131k 40 \u20ac tutar\u0131nda bir \u00fccret de bulunmaktad\u0131r. Bu \u00fccret, ehliyetin uzat\u0131lmas\u0131na y\u00f6nelik ba\u015fvuruyu i\u015fleme koymak i\u00e7in kullan\u0131l\u0131r ve e\u011fitim ve test maliyetlerinden ba\u011f\u0131ms\u0131zd\u0131r.<\/p><p>Ba\u015fka maliyetler de olabilir; \u00f6rne\u011fin yeni vesikal\u0131k foto\u011fraf \u00e7ektirmeniz gerekiyorsa. Foto\u011fraflar\u0131n nerede ve nas\u0131l \u00e7ekildi\u011fine ba\u011fl\u0131 olarak yakla\u015f\u0131k 10 \u20ac ile 50 \u20ac aras\u0131nda ek maliyetler bekleyebilirsiniz.<\/p>\t\t\t\t\t\t\t\t<\/div>\n\t\t\t\t<div class=\"elementor-element elementor-element-7e3b2a9 elementor-widget elementor-widget-heading\" data-id=\"7e3b2a9\" data-element_type=\"widget\" data-e-type=\"widget\" data-widget_type=\"heading.default\">\n\t\t\t\t\t<h2 class=\"elementor-heading-title elementor-size-default\">Peki ya dersler? S\u00fcr\u00fcc\u00fc kursuna ne s\u0131kl\u0131kla gitmem gerekiyor?<\/h2>\t\t\t\t<\/div>\n\t\t\t\t<div class=\"elementor-element elementor-element-05e8d30 elementor-widget elementor-widget-text-editor\" data-id=\"05e8d30\" data-element_type=\"widget\" data-e-type=\"widget\" data-widget_type=\"text-editor.default\">\n\t\t\t\t\t\t\t\t\t<div class=\"column mcb-column mcb-item-61c884978 one column_column\"><div class=\"column_attr clearfix\"><p>Her biri 90 dakikal\u0131k en az 5 \u00f6\u011fretim \u00fcnitesi ger\u00e7ekle\u015ftirilmelidir!<\/p><\/div><\/div>\t\t\t\t\t\t\t\t<\/div>\n\t\t\t\t<div class=\"elementor-element elementor-element-1e911a8 elementor-widget elementor-widget-heading\" data-id=\"1e911a8\" data-element_type=\"widget\" data-e-type=\"widget\" data-widget_type=\"heading.default\">\n\t\t\t\t\t<h2 class=\"elementor-heading-title elementor-size-default\">G\u00f6z testi sertifikas\u0131na veya ilk yard\u0131m kursuna ihtiyac\u0131m var m\u0131?<\/h2>\t\t\t\t<\/div>\n\t\t\t\t<div class=\"elementor-element elementor-element-b90f95f elementor-widget elementor-widget-text-editor\" data-id=\"b90f95f\" data-element_type=\"widget\" data-e-type=\"widget\" data-widget_type=\"text-editor.default\">\n\t\t\t\t\t\t\t\t\t<div class=\"column mcb-column mcb-item-61c884978 one column_column\"><div class=\"column_attr clearfix\"><p>Ehliyetlerini uzatmak s\u00f6z konusu oldu\u011funda bir\u00e7ok ki\u015finin sordu\u011fu \u00f6nemli bir soru, ek e\u011fitim veya kan\u0131t ihtiyac\u0131yla ilgilidir. Ancak B196&#039;n\u0131n uzat\u0131lmas\u0131 durumunda ek bir ilk yard\u0131m kursuna veya g\u00f6z testine gerek yoktur.<\/p><p>Bu, mevcut s\u00fcr\u00fcc\u00fc belgesinin bir uzant\u0131s\u0131 oldu\u011fundan, g\u00fcvenli ve sorumlu bir \u015fekilde ara\u00e7 kullanmak i\u00e7in gerekli bilgi ve becerilere zaten sahip oldu\u011funuz varsay\u0131lmaktad\u0131r.<\/p><\/div><\/div>\t\t\t\t\t\t\t\t<\/div>\n\t\t\t\t\t<\/div>\n\t\t<\/div>\n\t\t\t\t\t<\/div>\n\t\t<\/section>\n\t\t\t\t<section class=\"elementor-section elementor-top-section elementor-element elementor-element-78f0913 elementor-section-content-middle elementor-section-boxed elementor-section-height-default elementor-section-height-default\" data-id=\"78f0913\" data-element_type=\"section\" data-e-type=\"section\" data-settings=\"{&quot;background_background&quot;:&quot;classic&quot;}\">\n\t\t\t\t\t\t<div class=\"elementor-container elementor-column-gap-default\">\n\t\t\t\t\t<div class=\"elementor-column elementor-col-66 elementor-top-column elementor-element elementor-element-7ccb0a7\" data-id=\"7ccb0a7\" data-element_type=\"column\" data-e-type=\"column\">\n\t\t\t<div class=\"elementor-widget-wrap elementor-element-populated\">\n\t\t\t\t\t\t<div class=\"elementor-element elementor-element-b9a6ab7 elementor-widget elementor-widget-text-editor\" data-id=\"b9a6ab7\" data-element_type=\"widget\" data-e-type=\"widget\" data-widget_type=\"text-editor.default\">\n\t\t\t\t\t\t\t\t\t<h2><span style=\"color: #ffffff;\">Hala sorular\u0131n\u0131z m\u0131 var?<\/span><\/h2><p>Bize WhatsApp \u00fczerinden yazmaktan \u00e7ekinmeyin!<\/p>\t\t\t\t\t\t\t\t<\/div>\n\t\t\t\t\t<\/div>\n\t\t<\/div>\n\t\t\t\t<div class=\"elementor-column elementor-col-33 elementor-top-column elementor-element elementor-element-1331afa\" data-id=\"1331afa\" data-element_type=\"column\" data-e-type=\"column\">\n\t\t\t<div class=\"elementor-widget-wrap elementor-element-populated\">\n\t\t\t\t\t\t<div class=\"elementor-element elementor-element-8512dc5 elementor-widget__width-initial elementor-widget elementor-widget-button\" data-id=\"8512dc5\" data-element_type=\"widget\" data-e-type=\"widget\" data-widget_type=\"button.default\">\n\t\t\t\t\t\t\t\t\t\t<a class=\"elementor-button elementor-button-link elementor-size-sm\" href=\"https:\/\/wa.me\/491708228780\" target=\"_blank\" rel=\"noopener\">\n\t\t\t\t\t\t<span class=\"elementor-button-content-wrapper\">\n\t\t\t\t\t\t\t\t\t<span class=\"elementor-button-text\">WhatsApp&#039;tan yaz\u0131n<\/span>\n\t\t\t\t\t<\/span>\n\t\t\t\t\t<\/a>\n\t\t\t\t\t\t\t\t<\/div>\n\t\t\t\t\t<\/div>\n\t\t<\/div>\n\t\t\t\t\t<\/div>\n\t\t<\/section>\n\t\t\t\t<\/div>","protected":false},"excerpt":{"rendered":"<p>B196 ehliyet B196 ehliyet ile s\u0131navs\u0131z motosiklet kullanmak https:\/\/www.youtube.com\/watch?v=wWMsCMkhnwk B196 ehliyeti ile ilgili t\u00fcm bilgiler B196 uzant\u0131l\u0131 ehliyet nedir? B S\u0131n\u0131f\u0131 ehliyetiniz varsa \u00f6n\u00fcn\u00fcze bir olas\u0131l\u0131klar d\u00fcnyas\u0131 a\u00e7\u0131l\u0131r. Sadece araba s\u00fcrmenize izin verilmekle kalm\u0131yor, ayn\u0131 zamanda maksimum a\u011f\u0131rl\u0131\u011f\u0131 100 kg olan r\u00f6morklar\u0131 da s\u00fcrme izniniz var...<\/p>","protected":false},"author":1,"featured_media":0,"parent":0,"menu_order":0,"comment_status":"closed","ping_status":"closed","template":"","meta":{"site-sidebar-layout":"no-sidebar","site-content-layout":"page-builder","ast-site-content-layout":"","site-content-style":"default","site-sidebar-style":"default","ast-global-header-display":"","ast-banner-title-visibility":"","ast-main-header-display":"","ast-hfb-above-header-display":"","ast-hfb-below-header-display":"","ast-hfb-mobile-header-display":"","site-post-title":"disabled","ast-breadcrumbs-content":"disabled","ast-featured-img":"disabled","footer-sml-layout":"","theme-transparent-header-meta":"enabled","adv-header-id-meta":"","stick-header-meta":"","header-above-stick-meta":"","header-main-stick-meta":"","header-below-stick-meta":"","astra-migrate-meta-layouts":"default","ast-page-background-enabled":"default","ast-page-background-meta":{"desktop":{"background-color":"var(--ast-global-color-4)","background-image":"","background-repeat":"repeat","background-position":"center center","background-size":"auto","background-attachment":"scroll","background-type":"","background-media":"","overlay-type":"","overlay-color":"","overlay-opacity":"","overlay-gradient":""},"tablet":{"background-color":"","background-image":"","background-repeat":"repeat","background-position":"center center","background-size":"auto","background-attachment":"scroll","background-type":"","background-media":"","overlay-type":"","overlay-color":"","overlay-opacity":"","overlay-gradient":""},"mobile":{"background-color":"","background-image":"","background-repeat":"repeat","background-position":"center center","background-size":"auto","background-attachment":"scroll","background-type":"","background-media":"","overlay-type":"","overlay-color":"","overlay-opacity":"","overlay-gradient":""}},"ast-content-background-meta":{"desktop":{"background-color":"var(--ast-global-color-5)","background-image":"","background-repeat":"repeat","background-position":"center center","background-size":"auto","background-attachment":"scroll","background-type":"","background-media":"","overlay-type":"","overlay-color":"","overlay-opacity":"","overlay-gradient":""},"tablet":{"background-color":"var(--ast-global-color-5)","background-image":"","background-repeat":"repeat","background-position":"center center","background-size":"auto","background-attachment":"scroll","background-type":"","background-media":"","overlay-type":"","overlay-color":"","overlay-opacity":"","overlay-gradient":""},"mobile":{"background-color":"var(--ast-global-color-5)","background-image":"","background-repeat":"repeat","background-position":"center center","background-size":"auto","background-attachment":"scroll","background-type":"","background-media":"","overlay-type":"","overlay-color":"","overlay-opacity":"","overlay-gradient":""}},"footnotes":""},"class_list":["post-595","page","type-page","status-publish","hentry"],"_links":{"self":[{"href":"https:\/\/patricks-fahrschule.de\/tr\/wp-json\/wp\/v2\/pages\/595","targetHints":{"allow":["GET"]}}],"collection":[{"href":"https:\/\/patricks-fahrschule.de\/tr\/wp-json\/wp\/v2\/pages"}],"about":[{"href":"https:\/\/patricks-fahrschule.de\/tr\/wp-json\/wp\/v2\/types\/page"}],"author":[{"embeddable":true,"href":"https:\/\/patricks-fahrschule.de\/tr\/wp-json\/wp\/v2\/users\/1"}],"replies":[{"embeddable":true,"href":"https:\/\/patricks-fahrschule.de\/tr\/wp-json\/wp\/v2\/comments?post=595"}],"version-history":[{"count":0,"href":"https:\/\/patricks-fahrschule.de\/tr\/wp-json\/wp\/v2\/pages\/595\/revisions"}],"wp:attachment":[{"href":"https:\/\/patricks-fahrschule.de\/tr\/wp-json\/wp\/v2\/media?parent=595"}],"curies":[{"name":"wp","href":"https:\/\/api.w.org\/{rel}","templated":true}]}}